{"id":50,"date":"2018-02-13T23:56:48","date_gmt":"2018-02-13T23:56:48","guid":{"rendered":"http:\/\/www.phys.uaic.ro\/?page_id=50"},"modified":"2023-04-19T13:57:15","modified_gmt":"2023-04-19T10:57:15","slug":"cercetare","status":"publish","type":"page","link":"https:\/\/www.phys.uaic.ro\/old\/index.php\/cercetare\/","title":{"rendered":"Cercetare"},"content":{"rendered":"<ul style=\"list-style-type: none;\">\n<li><a href=\"http:\/\/www.phys.uaic.ro\/index.php\/cercetare\/prezentare-generala-cercetare\">Prezentare general\u0103<\/a><\/li>\n<li><a href=\"http:\/\/www.phys.uaic.ro\/index.php\/cercetare\/centre-grupuri-cercetare\">Centre \/ grupuri de cercetare<\/a><\/li>\n<li><a href=\"http:\/\/www.phys.uaic.ro\/index.php\/cercetare\/conferinte\">Conferin\u021be cercetare<\/a><\/li>\n<li><a href=\"http:\/\/www.phys.uaic.ro\/index.php\/cercetare\/burse-cercetare\">Burse cercetare<\/a><\/li>\n<li><a href=\"http:\/\/www.phys.uaic.ro\/index.php\/cercetare\/grant-uri-cercetare\">Granturi cercetare<\/a><br \/>\n<a href=\"https:\/\/www.phys.uaic.ro\/index.php\/cercetare\/ronaqci-dezvoltarea-primei-infrastructuri-de-comunicatii-cuantice-din-romania\/\" target=\"_blank\" rel=\"noopener\">RoNaQCI \u2013 Dezvoltarea primei infrastructuri de comunica\u0163ii cuantice din Rom\u00e2nia<\/a><br \/>\n<a href=\"http:\/\/www.phys.uaic.ro\/index.php\/cercetare\/noapte-cercetatori\">Noaptea cercet\u0103torilor<\/a><br \/>\n<a href=\"http:\/\/www.phys.uaic.ro\/index.php\/cercetare\/laboratoare\">Laboratoare<\/a><br \/>\n<a href=\"http:\/\/www.phys.uaic.ro\/index.php\/cercetare\/revistele-facultatii\">Revistele facult\u0103\u021bii<\/a><br \/>\n<a href=\"http:\/\/www.phys.uaic.ro\/index.php\/cercetare\/articole-explicate-pe-inetelesul-tuturor\">Articole explicate pe \u00een\u021belesul tuturor<\/a><\/li>\n<\/ul>\n","protected":false},"excerpt":{"rendered":"<p>Prezentare general\u0103 Centre \/ grupuri de cercetare Conferin\u021be cercetare Burse cercetare Granturi cercetare RoNaQCI \u2013 Dezvoltarea primei infrastructuri de comunica\u0163ii cuantice din Rom\u00e2nia Noaptea cercet\u0103torilor Laboratoare Revistele facult\u0103\u021bii Articole explicate pe \u00een\u021belesul tuturor<\/p>\n","protected":false},"author":3,"featured_media":0,"parent":0,"menu_order":0,"comment_status":"closed","ping_status":"closed","template":"","meta":{"footnotes":""},"class_list":["post-50","page","type-page","status-publish","hentry"],"_links":{"self":[{"href":"https:\/\/www.phys.uaic.ro\/old\/index.php\/wp-json\/wp\/v2\/pages\/50","targetHints":{"allow":["GET"]}}],"collection":[{"href":"https:\/\/www.phys.uaic.ro\/old\/index.php\/wp-json\/wp\/v2\/pages"}],"about":[{"href":"https:\/\/www.phys.uaic.ro\/old\/index.php\/wp-json\/wp\/v2\/types\/page"}],"author":[{"embeddable":true,"href":"https:\/\/www.phys.uaic.ro\/old\/index.php\/wp-json\/wp\/v2\/users\/3"}],"replies":[{"embeddable":true,"href":"https:\/\/www.phys.uaic.ro\/old\/index.php\/wp-json\/wp\/v2\/comments?post=50"}],"version-history":[{"count":0,"href":"https:\/\/www.phys.uaic.ro\/old\/index.php\/wp-json\/wp\/v2\/pages\/50\/revisions"}],"wp:attachment":[{"href":"https:\/\/www.phys.uaic.ro\/old\/index.php\/wp-json\/wp\/v2\/media?parent=50"}],"curies":[{"name":"wp","href":"https:\/\/api.w.org\/{rel}","templated":true}]}}