{"id":5642,"date":"2018-12-14T11:00:28","date_gmt":"2018-12-14T11:00:28","guid":{"rendered":"http:\/\/www.phys.uaic.ro\/?page_id=5642"},"modified":"2021-10-17T08:47:54","modified_gmt":"2021-10-17T08:47:54","slug":"conferinte-cercetare-2019","status":"publish","type":"page","link":"https:\/\/www.phys.uaic.ro\/old\/index.php\/cercetare\/conferinte-cercetare\/conferinte-cercetare-2019\/","title":{"rendered":"Conferin\u021be 2019"},"content":{"rendered":"<p><!-- ++++++++++++++++++++++++++++++++++++++++++++++++++++++++++++++++++++++++++++++++++++ --><\/p>\n<div id=\"cppa\" class=\"colorbox\" style=\"background-color: #e6e6e6;\">\n<h3 id=\"farphys\"><b>FARPHYS 2019<\/b><\/h3>\n<p>Facultatea de Fizic\u0103 organizeaz\u0103 pe data de 26 octombrie 2019 conferin\u021ba \u015ftiin\u021bific\u0103 studen\u021beasc\u0103 FARPHYS 2019, dup\u0103 urm\u0103torul program:<\/p>\n<ul>\n<li>10.00-12.00: Prezent\u0103ri orale ale studen\u021bilor care au beneficiat de stagii de practic\u0103 sau de cercetare \u00een 2018 (Amfiteatrul Dragomir Hurmuzescu);<\/li>\n<li>12.00-14.00: Comunic\u0103ri \u015ftiin\u0163ifice studen\u0163e\u015fti \u2013 postere (hol L1).<\/li>\n<\/ul>\n<p>Propunerile de comunic\u0103ri \u015ftiin\u0163ifice vor cuprinde titlul, autorii \u015fi un abstract de maxim 200 de cuvinte (\u00een limba rom\u00e2n\u0103) \u015fi vor fi trimise p\u00e2n\u0103 pe data de 22 octombrie pe adresa <span style=\"color: blue;\">cristian.enachescu@uaic.ro<\/span>. Posterele vor avea 6-8 pagini A3. In cazul studentilor de la licen\u021b\u0103 \u015fi masteranzilor, printre autorii fiec\u0103rei comunic\u0103ri trebuie s\u0103 se reg\u0103seasc\u0103 obligatoriu \u015fi un cadru didactic\/cercet\u0103tor, fire\u015fte nu neap\u0103rat de la Universitatea noastr\u0103, poate fi afiliat \u015fi acolo unde studen\u021bii au efectuat stagii.<\/p>\n<p>Prezent\u0103rile orale vor avea o durat\u0103 de 5-7 minute \u015fi vor cuprinde aspecte de ordin practic privind stagiul Erasmus c\u00e2t \u0219i informa\u021bii generale privind activitatea de cercetare din timpul stagiului. Participarea studen\u021bilor care au beneficiat de stagii de practic\u0103 este obligatorie, iar confirm\u0103rile de participare, men\u0163ion\u00e2nd locul stagiului, vor fi trimise pe aceea\u015fi adres\u0103 <span style=\"color: blue;\">cristian.enachescu@uaic.ro<\/span>.<\/p>\n<p>Informa\u021bii detaliate privind rezultatele activit\u0103\u021bii de cercetare din timpul stagiului de practic\u0103 vor putea fi prezentate (f\u0103r\u0103 a fi obligatoriu. doar de cine dore\u0219te) \u00een sesiunea de postere (pentru care se va trimite un abstract conform indica\u021biilor de mai sus).<\/p>\n<p>La Extensiunea de la B\u0103l\u0163i o manifestare similar\u0103 va avea loc pe 29 octombrie.<\/p>\n<p><img decoding=\"async\" src=\"http:\/\/www.phys.uaic.ro\/wp\/cercetare\/conferinte\/conferinte-2019\/farphys-afis-2019.jpg\" alt=\"farphys\" \/><\/p>\n<p id=\"program\"><b>Programul conferintei<\/b><\/p>\n<p>Prezentari orale \u2013 amfiteatrul IV.13 Dragomir Hurmuzescu<\/p>\n<ul>\n<li>9.30-10.00 Fiz. med. dr. Constantin Petrica Cristian, alumni al Facultatii noastre, va vorbi despre cariera de fizician medical si despre &#8222;Atributiile fizicianului medical in laboratorul de radiologie&#8221;\n<\/li>\n<li>10-10.40 <i>Prezentari orale<\/i>: stagii Erasmus+ (6-7 min fiecare)\n<ul>\n<li>Railean Anastasia<\/li>\n<li>Breaban Adina<\/li>\n<li>Catana Petronela<\/li>\n<li>Marc Ingrid<\/li>\n<li>Petrea Mihai<\/li>\n<li>Mania Andreea<\/li>\n<\/ul>\n<\/li>\n<li>10.40-11.05 <i>Prezentari orale<\/i>: activitate de cercetare \u2013 Laureati ai concursul Dragomir Hurmuzescu\n<ul>\n<li>Breaban Adina<\/li>\n<li>Railean Anastasia<\/li>\n<\/ul>\n<\/li>\n<li>11.05-11.45 <i>Prezentari orale<\/i>: stagii Erasmus+ (6-7 min fiecare, obligatorii pentru studentii Erasmus+)\n<ul>\n<li>Balica Elena \/ Plesca Diana<\/li>\n<li>Matei Teodora<\/li>\n<li>Smigon Elena<\/li>\n<li>Duminica Ioana \/ Lungu Vitalie \/ Crihan Diana<\/li>\n<li>Apetrei Teodor<\/li>\n<\/ul>\n<\/li>\n<li>11.45-12.10 <i>Prezentari orale<\/i>: activitate de cercetare\n<ul>\n<li>Catana Petronela<\/li>\n<li>Balauca Stefan<\/li>\n<\/ul>\n<\/li>\n<\/ul>\n<p>12.10 <i>Prezentari postere<\/i> \u2013 hol L1 (impreuna cu racoritoare si gustari oferite de Asociatia SOPHYS)<\/p>\n<ul>\n<li>Balica Elena<\/li>\n<li>Plesca Diana<\/li>\n<li>Crihan Diana<\/li>\n<li>Fanaru Andreea<\/li>\n<li>Breaban Adina<\/li>\n<li>Alupului Teodor<\/li>\n<li>Matei Teodora<\/li>\n<li>Petrea Mihai<\/li>\n<li>Machiu Alexandru \/ Serbanescu Iustina<\/li>\n<li>Barleanu Emma<\/li>\n<li>Tatarcan Bianca<\/li>\n<li>Chiscan Ovidiu<\/li>\n<li>Duminica Ioana<\/li>\n<li>Apetrei Teodor<\/li>\n<li>Minuti Anca<\/li>\n<li>Stavila Cristina<\/li>\n<li>Garofalide Silvia<\/li>\n<\/ul>\n<p id=\"abstracte\"><a href=\"http:\/\/www.phys.uaic.ro\/wp\/cercetare\/conferinte\/conferinte-2019\/farphys-abstracte-2019.pdf\">Abstractele comunicarilor stiintifice la conferinta<\/a> <img decoding=\"async\" style=\"vertical-align: middle; width: 20px; height: 20px;\" src=\"http:\/\/www.phys.uaic.ro\/wp\/imagini\/pdf-icon.png\" alt=\"pdf\" \/><\/p>\n<\/div>\n<p>&nbsp;<\/p>\n<p><!-- ++++++++++++++++++++++++++++++++++++++++++++++++++++++++++++++++++++++++++++++++++++ --><\/p>\n<div id=\"nfs\" class=\"colorbox\" style=\"background-color: #e6e6e6;\">\n<h3><b>Conferin\u021ba NFS sus\u021binut\u0103 de fiz. dr. Leonard Spinu: &#8222;Finan\u021barea cercet\u0103rii \u00een Statele Unite ale Americii&#8221;<\/b><\/h3>\n<p>Luni, 25 noiembrie 2019 domnul fiz. dr. Leonard Spinu, director de programe la Division of Materials Research, National Science Foundation, Statele Unite ale Americii va sus\u021bine \u00een Sala Senat de la ora 15 o conferin\u021b\u0103 cu tema<\/p>\n<p>&#8222;Finan\u021barea cercet\u0103rii \u00een Statele Unite ale Americii&#8221;.<\/p>\n<p><a href=\"http:\/\/www.phys.uaic.ro\/wp\/cercetare\/conferinte\/conferinte-2019\/nfs-funded-national-facilities.pdf\">NSF Funded National Facilities 25th November, at 15.00 Alexandru Ioan Cuza University Senate Hall<\/a> <img decoding=\"async\" style=\"vertical-align: middle; width: 20px; height: 20px;\" src=\"http:\/\/www.phys.uaic.ro\/wp\/imagini\/pdf-icon.png\" alt=\"pdf\" \/><\/p>\n<\/div>\n<p>&nbsp;<\/p>\n<p><!-- ++++++++++++++++++++++++++++++++++++++++++++++++++++++++++++++++++++++++++++++++++++ --><\/p>\n<div id=\"cppa\" class=\"colorbox\" style=\"background-color: #e6e6e6;\">\n<p><a href=\"https:\/\/www.plasma.uaic.ro\/cppa2019\/\"><img decoding=\"async\" src=\"http:\/\/www.phys.uaic.ro\/wp\/cercetare\/conferinte\/conferinte-2019\/cppa-afis-2019.jpg\" alt=\"cppa\" \/><\/a><\/p>\n<h3><b>Conferin\u021ba interna\u021bional\u0103 de fizica plasmei \u0219i aplica\u021bii 2019<\/b><\/h3>\n<p>Conferin\u021ba interna\u021bional\u0103 de fizica plasmei \u0219i aplica\u021bii (International Conference on Plasma Physics and Applications &#8211; CPPA2019), organizat\u0103 \u00een mod tradi\u021bional de c\u0103tre comunitatea de plasm\u0103 din Rom\u00e2nia, a ajuns la a 18-a edi\u021bie. Evenimentul este organizat de Universitatea Alexandru Ioan Cuza din Ia\u0219i (UAIC) \u0219i Institutul Na\u021bional pentru Fizica Laserilor, Plasmei \u0219i Radia\u021biei din Bucure\u0219ti (INFLPR). Conferin\u021ba se concentreaz\u0103 pe progresele recente din domeniul fizicii plasmei, cuprinz\u00e2nd at\u00e2t cercetarea fundamental\u0103 precum \u0219i aplica\u021bii.<\/p>\n<p>Link-ul catre pagina conferintei este:<\/p>\n<p><a href=\"https:\/\/www.plasma.uaic.ro\/cppa2019\/\">https:\/\/www.plasma.uaic.ro\/cppa2019\/<\/a><\/p>\n<p>Organizatori<\/p>\n<div style=\"padding: 0 0 0 130px;\"><img decoding=\"async\" src=\"http:\/\/www.phys.uaic.ro\/wp\/cercetare\/conferinte\/conferinte-2019\/organizatori.jpg\" alt=\"organizatori\" \/><\/div>\n<\/div>\n<p>&nbsp;<\/p>\n<p><!-- ++++++++++++++++++++++++++++++++++++++++++++++++++++++++++++++++++++++++++++++++++++ --><\/p>\n","protected":false},"excerpt":{"rendered":"<p>FARPHYS 2019 Facultatea de Fizic\u0103 organizeaz\u0103 pe data de 26 octombrie 2019 conferin\u021ba \u015ftiin\u021bific\u0103 studen\u021beasc\u0103 FARPHYS 2019, dup\u0103 urm\u0103torul program: 10.00-12.00: Prezent\u0103ri orale ale studen\u021bilor care au beneficiat de stagii de practic\u0103 sau de cercetare \u00een 2018 (Amfiteatrul Dragomir Hurmuzescu); 12.00-14.00: Comunic\u0103ri \u015ftiin\u0163ifice studen\u0163e\u015fti \u2013 postere (hol L1). Propunerile de comunic\u0103ri \u015ftiin\u0163ifice vor cuprinde titlul, autorii \u015fi un\u2026 <span class=\"read-more\"><a href=\"https:\/\/www.phys.uaic.ro\/old\/index.php\/cercetare\/conferinte-cercetare\/conferinte-cercetare-2019\/\">Read More &raquo;<\/a><\/span><\/p>\n","protected":false},"author":3,"featured_media":0,"parent":3015,"menu_order":0,"comment_status":"closed","ping_status":"closed","template":"","meta":{"footnotes":""},"class_list":["post-5642","page","type-page","status-publish","hentry"],"_links":{"self":[{"href":"https:\/\/www.phys.uaic.ro\/old\/index.php\/wp-json\/wp\/v2\/pages\/5642","targetHints":{"allow":["GET"]}}],"collection":[{"href":"https:\/\/www.phys.uaic.ro\/old\/index.php\/wp-json\/wp\/v2\/pages"}],"about":[{"href":"https:\/\/www.phys.uaic.ro\/old\/index.php\/wp-json\/wp\/v2\/types\/page"}],"author":[{"embeddable":true,"href":"https:\/\/www.phys.uaic.ro\/old\/index.php\/wp-json\/wp\/v2\/users\/3"}],"replies":[{"embeddable":true,"href":"https:\/\/www.phys.uaic.ro\/old\/index.php\/wp-json\/wp\/v2\/comments?post=5642"}],"version-history":[{"count":0,"href":"https:\/\/www.phys.uaic.ro\/old\/index.php\/wp-json\/wp\/v2\/pages\/5642\/revisions"}],"up":[{"embeddable":true,"href":"https:\/\/www.phys.uaic.ro\/old\/index.php\/wp-json\/wp\/v2\/pages\/3015"}],"wp:attachment":[{"href":"https:\/\/www.phys.uaic.ro\/old\/index.php\/wp-json\/wp\/v2\/media?parent=5642"}],"curies":[{"name":"wp","href":"https:\/\/api.w.org\/{rel}","templated":true}]}}