{"id":575,"date":"2018-02-16T20:06:28","date_gmt":"2018-02-16T20:06:28","guid":{"rendered":"http:\/\/www.phys.uaic.ro\/?page_id=575"},"modified":"2025-11-18T14:27:26","modified_gmt":"2025-11-18T12:27:26","slug":"planuri-invatamant-licenta","status":"publish","type":"page","link":"https:\/\/www.phys.uaic.ro\/old\/index.php\/studii\/planuri-invatamant-licenta\/","title":{"rendered":"Planuri de \u00eenv\u0103\u021b\u0103m\u00e2nt licen\u021b\u0103"},"content":{"rendered":"<h3>Planuri de \u00eenv\u0103\u021b\u0103m\u00e2nt la specializarea <b>Fizic\u0103<\/b><\/h3>\n<ul><!--\n \t\n\n<li><a href=\"http:\/\/www.phys.uaic.ro\/wp\/studii\/planuri-invatamant-licenta\/plan-invatamant-licenta-fizica-2015-2018.pdf\">Plan de \u00eenv\u0103\u021b\u0103m\u00e2nt - specializarea Fizic\u0103 - seria 2015-2018<\/a> <img decoding=\"async\" style=\"vertical-align: top;width:20px;height:20px;\" src=\"http:\/\/www.phys.uaic.ro\/wp\/imagini\/pdf-icon.png\" alt=\"pdf\" \/><\/li>\n\n\n \t\n\n<li><a href=\"http:\/\/www.phys.uaic.ro\/wp\/studii\/planuri-invatamant-licenta\/plan-invatamant-licenta-fizica-2016-2019.pdf\">Plan de \u00eenv\u0103\u021b\u0103m\u00e2nt - specializarea Fizic\u0103 - seria 2016-2019<\/a> <img decoding=\"async\" style=\"vertical-align: top;width:20px;height:20px;\" src=\"http:\/\/www.phys.uaic.ro\/wp\/imagini\/pdf-icon.png\" alt=\"pdf\" \/><\/li>\n\n\n \t\n\n<li><a href=\"http:\/\/www.phys.uaic.ro\/wp\/studii\/planuri-invatamant-licenta\/plan-invatamant-licenta-fizica-2017-2020.pdf\">Plan de \u00eenv\u0103\u021b\u0103m\u00e2nt - specializarea Fizic\u0103 - seria 2017-2020<\/a> <img decoding=\"async\" style=\"vertical-align: top;width:20px;height:20px;\" src=\"http:\/\/www.phys.uaic.ro\/wp\/imagini\/pdf-icon.png\" alt=\"pdf\" \/><\/li>\n\n\n \t\n\n<li><a href=\"http:\/\/www.phys.uaic.ro\/wp\/studii\/planuri-invatamant-licenta\/plan-invatamant-licenta-fizica-2018-2021_site.pdf\">Plan de \u00eenv\u0103\u021b\u0103m\u00e2nt - specializarea Fizic\u0103 - seria 2018-2021<\/a> <img decoding=\"async\" style=\"vertical-align: top;width:20px;height:20px;\" src=\"http:\/\/www.phys.uaic.ro\/wp\/imagini\/pdf-icon.png\" alt=\"pdf\" \/><\/li>\n\n\n--><\/p>\n<li><a href=\"https:\/\/www.phys.uaic.ro\/wp-content\/uploads\/2023\/12\/plan-invatamant-fizica-seria-2023-2026.pdf\" target=\"_blank\" rel=\"noopener\">Plan de \u00eenv\u0103\u021b\u0103m\u00e2nt &#8211; specializarea Fizic\u0103 &#8211; seria 2023-2026<\/a><img loading=\"lazy\" decoding=\"async\" class=\"\" src=\"http:\/\/www.phys.uaic.ro\/wp\/imagini\/pdf-icon.png\" alt=\"pdf\" width=\"19\" height=\"19\" \/><\/li>\n<li><a href=\"https:\/\/www.phys.uaic.ro\/wp-content\/uploads\/2024\/07\/plan-invatamant-fizica-seria-2024-2027.pdf\" target=\"_blank\" rel=\"noopener\">Plan de \u00eenv\u0103\u021b\u0103m\u00e2nt &#8211; specializarea Fizic\u0103 &#8211; seria 2024-2027<\/a><img loading=\"lazy\" decoding=\"async\" class=\"\" src=\"http:\/\/www.phys.uaic.ro\/wp\/imagini\/pdf-icon.png\" alt=\"pdf\" width=\"19\" height=\"19\" \/><\/li>\n<li><a href=\"https:\/\/www.phys.uaic.ro\/wp-content\/uploads\/2025\/11\/plan-invatamant-fizica-seria-2025-2028.pdf\" target=\"_blank\" rel=\"noopener\">Plan de \u00eenv\u0103\u021b\u0103m\u00e2nt &#8211; specializarea Fizic\u0103 &#8211; seria 2025-2028<\/a><img loading=\"lazy\" decoding=\"async\" class=\"\" src=\"http:\/\/www.phys.uaic.ro\/wp\/imagini\/pdf-icon.png\" alt=\"pdf\" width=\"19\" height=\"19\" \/><\/li>\n<\/ul>\n<p><!-- ---------------------------------------------------- --><\/p>\n<p><!-- ---------------------------------------------------- --><\/p>\n<p><!-- ---------------------------------------------------- --><\/p>\n<h3><\/h3>\n<h3>Planuri de \u00eenv\u0103\u021b\u0103m\u00e2nt la specializarea <b>Fizic\u0103 Medical\u0103<\/b><\/h3>\n<ul><!--\n \t\n\n<li><a href=\"http:\/\/www.phys.uaic.ro\/wp\/studii\/planuri-invatamant-licenta\/plan-invatamant-licenta-fizica-medicala-2015-2018.pdf\">Plan de \u00eenv\u0103\u021b\u0103m\u00e2nt - specializarea Fizic\u0103 Medical\u0103 - seria 2015-2018<\/a> <img decoding=\"async\" style=\"vertical-align: top;width:20px;height:20px;\" src=\"http:\/\/www.phys.uaic.ro\/wp\/imagini\/pdf-icon.png\" alt=\"pdf\" \/><\/li>\n\n\n \t\n\n<li><a href=\"http:\/\/www.phys.uaic.ro\/wp\/studii\/planuri-invatamant-licenta\/plan-invatamant-licenta-fizica-medicala-2016-2019.pdf\">Plan de \u00eenv\u0103\u021b\u0103m\u00e2nt - specializarea Fizic\u0103 Medical\u0103 - seria 2016-2019<\/a> <img decoding=\"async\" style=\"vertical-align: top;width:20px;height:20px;\" src=\"http:\/\/www.phys.uaic.ro\/wp\/imagini\/pdf-icon.png\" alt=\"pdf\" \/><\/li>\n\n\n \t\n\n<li><a href=\"http:\/\/www.phys.uaic.ro\/wp\/studii\/planuri-invatamant-licenta\/plan-invatamant-licenta-fizica-medicala-2017-2020.pdf\">Plan de \u00eenv\u0103\u021b\u0103m\u00e2nt - specializarea Fizic\u0103 Medical\u0103 - seria 2017-2020<\/a> <img decoding=\"async\" style=\"vertical-align: top;width:20px;height:20px;\" src=\"http:\/\/www.phys.uaic.ro\/wp\/imagini\/pdf-icon.png\" alt=\"pdf\" \/><\/li>\n\n\n \t\n\n<li><a href=\"http:\/\/www.phys.uaic.ro\/wp\/studii\/planuri-invatamant-licenta\/plan-invatamant-licenta-fizica-medicala-2018-2021.pdf\">Plan de \u00eenv\u0103\u021b\u0103m\u00e2nt - specializarea Fizic\u0103 Medical\u0103 - seria 2018-2021<\/a> <img decoding=\"async\" style=\"vertical-align: top;width:20px;height:20px;\" src=\"http:\/\/www.phys.uaic.ro\/wp\/imagini\/pdf-icon.png\" alt=\"pdf\" \/><\/li>\n\n\n--><\/p>\n<li><a href=\"https:\/\/www.phys.uaic.ro\/wp-content\/uploads\/2023\/12\/plan-invatamant-fizica-medicala-seria-2023-2026.pdf\" target=\"_blank\" rel=\"noopener\">Plan de \u00eenv\u0103\u021b\u0103m\u00e2nt &#8211; specializarea Fizic\u0103 medical\u0103- seria 2023-2026<\/a> <img loading=\"lazy\" decoding=\"async\" class=\"\" src=\"http:\/\/www.phys.uaic.ro\/wp\/imagini\/pdf-icon.png\" alt=\"pdf\" width=\"19\" height=\"19\" \/><\/li>\n<li><a href=\"https:\/\/www.phys.uaic.ro\/wp-content\/uploads\/2024\/07\/plan-invatamant-fizica-medicala-seria-2024-2027.pdf\" target=\"_blank\" rel=\"noopener\">Plan de \u00eenv\u0103\u021b\u0103m\u00e2nt &#8211; specializarea Fizic\u0103 medical\u0103- seria 2024-2027<\/a> <img loading=\"lazy\" decoding=\"async\" class=\"\" src=\"http:\/\/www.phys.uaic.ro\/wp\/imagini\/pdf-icon.png\" alt=\"pdf\" width=\"19\" height=\"19\" \/><\/li>\n<li><a href=\"https:\/\/www.phys.uaic.ro\/wp-content\/uploads\/2025\/11\/plan-invatamant-fizica-medicala-seria-2025-2028.pdf\" target=\"_blank\" rel=\"noopener\">Plan de \u00eenv\u0103\u021b\u0103m\u00e2nt &#8211; specializarea Fizic\u0103 medical\u0103- seria 2025-2028<\/a>\u00a0<img loading=\"lazy\" decoding=\"async\" class=\"\" src=\"http:\/\/www.phys.uaic.ro\/wp\/imagini\/pdf-icon.png\" alt=\"pdf\" width=\"19\" height=\"19\" \/><\/li>\n<\/ul>\n<p><!-- ---------------------------------------------------- --><\/p>\n<p><!--\n\n\n<h3>Planuri de \u00eenv\u0103\u021b\u0103m\u00e2nt la specializarea Biofizic\u0103<\/h3>\n\n\n\n\n<ul>\n \t\n\n<li><a href=\"http:\/\/www.phys.uaic.ro\/wp\/studii\/planuri-invatamant-licenta\/plan-invatamant-licenta-biofizica-2015-2018.pdf\">Plan de \u00eenv\u0103\u021b\u0103m\u00e2nt - specializarea Biofizic\u0103 - seria 2015-2018<\/a> <img decoding=\"async\" style=\"vertical-align: top;width:20px;height:20px;\" src=\"http:\/\/www.phys.uaic.ro\/wp\/imagini\/pdf-icon.png\" alt=\"pdf\" \/><\/li>\n\n\n<\/ul>\n\n\n--><\/p>\n<p><!-- ---------------------------------------------------- --><\/p>\n<h3><\/h3>\n<h3>Planuri de \u00eenv\u0103\u021b\u0103m\u00e2nt la specializarea <b>Fizic\u0103 Informatic\u0103<\/b><\/h3>\n<ul><!--\n \t\n\n<li><a href=\"http:\/\/www.phys.uaic.ro\/wp\/studii\/planuri-invatamant-licenta\/plan-invatamant-licenta-fizica-informatica-2015-2018.pdf\">Plan de \u00eenv\u0103\u021b\u0103m\u00e2nt - specializarea Fizic\u0103 Informatic\u0103 - seria 2015-2018<\/a> <img decoding=\"async\" style=\"vertical-align: top;width:20px;height:20px;\" src=\"http:\/\/www.phys.uaic.ro\/wp\/imagini\/pdf-icon.png\" alt=\"pdf\" \/><\/li>\n\n\n \t\n\n<li><a href=\"http:\/\/www.phys.uaic.ro\/wp\/studii\/planuri-invatamant-licenta\/plan-invatamant-licenta-fizica-informatica-2016-2019.pdf\">Plan de \u00eenv\u0103\u021b\u0103m\u00e2nt - specializarea Fizic\u0103 Informatic\u0103 - seria 2016-2019<\/a> <img decoding=\"async\" style=\"vertical-align: top;width:20px;height:20px;\" src=\"http:\/\/www.phys.uaic.ro\/wp\/imagini\/pdf-icon.png\" alt=\"pdf\" \/><\/li>\n\n\n \t\n\n<li><a href=\"http:\/\/www.phys.uaic.ro\/wp\/studii\/planuri-invatamant-licenta\/plan-invatamant-licenta-fizica-informatica-2017-2020.pdf\">Plan de \u00eenv\u0103\u021b\u0103m\u00e2nt - specializarea Fizic\u0103 Informatic\u0103 - seria 2017-2020<\/a> <img decoding=\"async\" style=\"vertical-align: top;width:20px;height:20px;\" src=\"http:\/\/www.phys.uaic.ro\/wp\/imagini\/pdf-icon.png\" alt=\"pdf\" \/><\/li>\n\n\n \t\n\n<li><a href=\"http:\/\/www.phys.uaic.ro\/wp\/studii\/planuri-invatamant-licenta\/plan-invatamant-licenta-fizica-informatica-2018-2021.pdf\">Plan de \u00eenv\u0103\u021b\u0103m\u00e2nt - specializarea Fizic\u0103 Informatic\u0103 - seria 2018-2021<\/a> <img decoding=\"async\" style=\"vertical-align: top;width:20px;height:20px;\" src=\"http:\/\/www.phys.uaic.ro\/wp\/imagini\/pdf-icon.png\" alt=\"pdf\" \/><\/li>\n\n\n--><\/p>\n<li><a href=\"https:\/\/www.phys.uaic.ro\/wp-content\/uploads\/2025\/01\/plan-invatamant-fizica-informatica-seria-2023-2026.pdf\" target=\"_blank\" rel=\"noopener\">Plan de \u00eenv\u0103\u021b\u0103m\u00e2nt &#8211; specializarea Fizic\u0103 informatic\u0103 &#8211; seria 2023-2026<\/a><img loading=\"lazy\" decoding=\"async\" class=\"\" src=\"http:\/\/www.phys.uaic.ro\/wp\/imagini\/pdf-icon.png\" alt=\"pdf\" width=\"19\" height=\"19\" \/><\/li>\n<li><a href=\"https:\/\/www.phys.uaic.ro\/wp-content\/uploads\/2024\/10\/plan-invatamant-fizica-informatica-seria-2024-2027.pdf\" target=\"_blank\" rel=\"noopener\">Plan de \u00eenv\u0103\u021b\u0103m\u00e2nt &#8211; specializarea Fizic\u0103 informatic\u0103 &#8211; seria 2024-2027<\/a><img loading=\"lazy\" decoding=\"async\" class=\"\" src=\"http:\/\/www.phys.uaic.ro\/wp\/imagini\/pdf-icon.png\" alt=\"pdf\" width=\"19\" height=\"19\" \/><\/li>\n<li><a href=\"https:\/\/www.phys.uaic.ro\/wp-content\/uploads\/2025\/11\/plan-invatamant-fizica-informatica-seria-2025-2028.pdf\" target=\"_blank\" rel=\"noopener\">Plan de \u00eenv\u0103\u021b\u0103m\u00e2nt &#8211; specializarea Fizic\u0103 informatic\u0103 &#8211; seria 2025-2028<\/a><img loading=\"lazy\" decoding=\"async\" class=\"\" src=\"http:\/\/www.phys.uaic.ro\/wp\/imagini\/pdf-icon.png\" alt=\"pdf\" width=\"19\" height=\"19\" \/><\/li>\n<\/ul>\n<h3><\/h3>\n<h3>Planuri de \u00eenv\u0103\u021b\u0103m\u00e2nt la specializarea <b>Fizic\u0103 Tehnologic\u0103<\/b> &#8211; Extensiunea B\u0103l\u021bi<\/h3>\n<ul><!--\n \t\n\n<li><a href=\"http:\/\/www.phys.uaic.ro\/wp\/studii\/planuri-invatamant-licenta\/plan-invatamant-licenta-fizica-tehnologica-balti-2015-2019.pdf\">Plan de \u00eenv\u0103\u021b\u0103m\u00e2nt - specializarea Fizic\u0103 Tehnologic\u0103 - Extensiunea B\u0103l\u021bi - seria 2015-2019<\/a> <img decoding=\"async\" src=\"http:\/\/www.phys.uaic.ro\/wp\/imagini\/pdf-icon.png\" alt=\"pdf\" \/><\/li>\n\n\n \t\n\n<li><a href=\"http:\/\/www.phys.uaic.ro\/wp\/studii\/planuri-invatamant-licenta\/plan-invatamant-licenta-fizica-tehnologica-balti-2016-2020.pdf\">Plan de \u00eenv\u0103\u021b\u0103m\u00e2nt - specializarea Fizic\u0103 Tehnologic\u0103 - Extensiunea B\u0103l\u021bi - seria 2016-2020<\/a> <img decoding=\"async\" src=\"http:\/\/www.phys.uaic.ro\/wp\/imagini\/pdf-icon.png\" alt=\"pdf\" \/><\/li>\n\n\n \t\n\n<li><a href=\"http:\/\/www.phys.uaic.ro\/wp\/studii\/planuri-invatamant-licenta\/plan-invatamant-licenta-fizica-tehnologica-balti-2017-2021.pdf\">Plan de \u00eenv\u0103\u021b\u0103m\u00e2nt - specializarea Fizic\u0103 Tehnologic\u0103 - Extensiunea B\u0103l\u021bi - seria 2017-2021<\/a> <img decoding=\"async\" src=\"http:\/\/www.phys.uaic.ro\/wp\/imagini\/pdf-icon.png\" alt=\"pdf\" \/><\/li>\n\n\n--><\/p>\n<li><a href=\"https:\/\/www.phys.uaic.ro\/wp-content\/uploads\/2022\/11\/plan-invat-FIZICA-TEHNOLOGICA_BALTI_2022-2026.pdf\">Plan de \u00eenv\u0103\u021b\u0103m\u00e2nt &#8211; specializarea Fizic\u0103 tehnologic\u0103 &#8211; Extensiunea B\u0103l\u021bi &#8211; seria 2022-2026<img loading=\"lazy\" decoding=\"async\" class=\"\" src=\"http:\/\/www.phys.uaic.ro\/wp\/imagini\/pdf-icon.png\" alt=\"pdf\" width=\"19\" height=\"19\" \/><\/a><\/li>\n<li><a href=\"https:\/\/www.phys.uaic.ro\/wp-content\/uploads\/2023\/12\/plan-invatamant-FT-Extensiunea-Balti-seria-2023-2027.pdf\" target=\"_blank\" rel=\"noopener\">Plan de \u00eenv\u0103\u021b\u0103m\u00e2nt &#8211; specializarea Fizic\u0103 tehnologic\u0103 &#8211; Extensiunea B\u0103l\u021bi &#8211; seria 2023-2027<\/a> <img loading=\"lazy\" decoding=\"async\" class=\"\" src=\"http:\/\/www.phys.uaic.ro\/wp\/imagini\/pdf-icon.png\" alt=\"pdf\" width=\"18\" height=\"18\" \/><\/li>\n<li><a href=\"https:\/\/www.phys.uaic.ro\/wp-content\/uploads\/2024\/07\/plan-invatamant-fizica-tehnologica-_Balti-_R_-Moldova_-seria-2024-2028.pdf\" target=\"_blank\" rel=\"noopener\">Plan de \u00eenv\u0103\u021b\u0103m\u00e2nt &#8211; specializarea Fizic\u0103 tehnologic\u0103 &#8211; Extensiunea B\u0103l\u021bi &#8211; seria 2024-2028<\/a> <img loading=\"lazy\" decoding=\"async\" class=\"\" src=\"http:\/\/www.phys.uaic.ro\/wp\/imagini\/pdf-icon.png\" alt=\"pdf\" width=\"18\" height=\"18\" \/><\/li>\n<li><a href=\"https:\/\/www.phys.uaic.ro\/wp-content\/uploads\/2025\/11\/plan-invatamant-fizica-tehnologica-_BALTI_Republica-Moldova_-seria-2025-2029.pdf\" target=\"_blank\" rel=\"noopener\">Plan de \u00eenv\u0103\u021b\u0103m\u00e2nt &#8211; specializarea Fizic\u0103 tehnologic\u0103 &#8211; Extensiunea B\u0103l\u021bi &#8211; seria 2025-2029<\/a> <img loading=\"lazy\" decoding=\"async\" class=\"\" src=\"http:\/\/www.phys.uaic.ro\/wp\/imagini\/pdf-icon.png\" alt=\"pdf\" width=\"18\" height=\"18\" \/><\/li>\n<\/ul>\n","protected":false},"excerpt":{"rendered":"<p>Planuri de \u00eenv\u0103\u021b\u0103m\u00e2nt la specializarea Fizic\u0103 Plan de \u00eenv\u0103\u021b\u0103m\u00e2nt &#8211; specializarea Fizic\u0103 &#8211; seria 2023-2026 Plan de \u00eenv\u0103\u021b\u0103m\u00e2nt &#8211; specializarea Fizic\u0103 &#8211; seria 2024-2027 Plan de \u00eenv\u0103\u021b\u0103m\u00e2nt &#8211; specializarea Fizic\u0103 &#8211; seria 2025-2028 Planuri de \u00eenv\u0103\u021b\u0103m\u00e2nt la specializarea Fizic\u0103 Medical\u0103 Plan de \u00eenv\u0103\u021b\u0103m\u00e2nt &#8211; specializarea Fizic\u0103 medical\u0103- seria 2023-2026 Plan de \u00eenv\u0103\u021b\u0103m\u00e2nt &#8211; specializarea Fizic\u0103 medical\u0103- seria 2024-2027\u2026 <span class=\"read-more\"><a href=\"https:\/\/www.phys.uaic.ro\/old\/index.php\/studii\/planuri-invatamant-licenta\/\">Read More &raquo;<\/a><\/span><\/p>\n","protected":false},"author":3,"featured_media":0,"parent":60,"menu_order":0,"comment_status":"closed","ping_status":"closed","template":"","meta":{"footnotes":""},"class_list":["post-575","page","type-page","status-publish","hentry"],"_links":{"self":[{"href":"https:\/\/www.phys.uaic.ro\/old\/index.php\/wp-json\/wp\/v2\/pages\/575","targetHints":{"allow":["GET"]}}],"collection":[{"href":"https:\/\/www.phys.uaic.ro\/old\/index.php\/wp-json\/wp\/v2\/pages"}],"about":[{"href":"https:\/\/www.phys.uaic.ro\/old\/index.php\/wp-json\/wp\/v2\/types\/page"}],"author":[{"embeddable":true,"href":"https:\/\/www.phys.uaic.ro\/old\/index.php\/wp-json\/wp\/v2\/users\/3"}],"replies":[{"embeddable":true,"href":"https:\/\/www.phys.uaic.ro\/old\/index.php\/wp-json\/wp\/v2\/comments?post=575"}],"version-history":[{"count":0,"href":"https:\/\/www.phys.uaic.ro\/old\/index.php\/wp-json\/wp\/v2\/pages\/575\/revisions"}],"up":[{"embeddable":true,"href":"https:\/\/www.phys.uaic.ro\/old\/index.php\/wp-json\/wp\/v2\/pages\/60"}],"wp:attachment":[{"href":"https:\/\/www.phys.uaic.ro\/old\/index.php\/wp-json\/wp\/v2\/media?parent=575"}],"curies":[{"name":"wp","href":"https:\/\/api.w.org\/{rel}","templated":true}]}}