{"id":5759,"date":"2019-01-15T01:58:15","date_gmt":"2019-01-15T01:58:15","guid":{"rendered":"http:\/\/www.phys.uaic.ro\/?page_id=5759"},"modified":"2026-02-13T14:46:28","modified_gmt":"2026-02-13T12:46:28","slug":"taxa-scolarizare","status":"publish","type":"page","link":"https:\/\/www.phys.uaic.ro\/old\/index.php\/studenti\/taxa-scolarizare\/","title":{"rendered":"Taxa \u0219colarizare"},"content":{"rendered":"<div class=\"desc-article\">\n<h1>Grafic plat\u0103 taxe \u015fcolarizare pentru anul universitar 2025-2026<\/h1>\n<p>La nivelul Universit\u0103\u0163ii \u201eAlexandru Ioan Cuza\u201d din Ia\u015fi, conform Deciziei nr. 20093\/08.10.2025 a Rectorului, taxele de \u015fcolarizare se vor achita conform calendarului urm\u0103tor:<\/p>\n<table class=\"table table-stiped\">\n<tbody>\n<tr>\n<td><strong>Semestrul<\/strong><\/td>\n<td><strong>Tran\u015fa<\/strong><\/td>\n<td><strong>% din taxa anual\u0103<\/strong><\/td>\n<td><strong>Termenul limit\u0103<\/strong><\/td>\n<\/tr>\n<tr>\n<td>I<\/td>\n<td>1<\/td>\n<td>25%<\/td>\n<td>3 Noiembrie 2025<\/td>\n<\/tr>\n<tr>\n<td>I<\/td>\n<td>2<\/td>\n<td>25%<\/td>\n<td>9 Ianuarie 2026<\/td>\n<\/tr>\n<tr>\n<td>II<\/td>\n<td>3<\/td>\n<td>25%<\/td>\n<td>27 Martie 2026<\/td>\n<\/tr>\n<tr>\n<td>II<\/td>\n<td>4<\/td>\n<td>25%<\/td>\n<td>22 Mai 2026<\/td>\n<\/tr>\n<\/tbody>\n<\/table>\n<h1><\/h1>\n<h1>Grafic plat\u0103 taxe \u015fcolarizare pentru anul universitar 2024-2025<\/h1>\n<p>La nivelul Universit\u0103\u0163ii \u201eAlexandru Ioan Cuza\u201d din Ia\u015fi conform Deciziei nr. 19794\/26.09.2024 a Rectorului, taxele de \u015fcolarizare se vor achita conform calendarului:<\/p>\n<table class=\"table table-stiped\">\n<tbody>\n<tr>\n<td><strong>Semestrul<\/strong><\/td>\n<td><strong>Tran\u015fa<\/strong><\/td>\n<td><strong>% din taxa anual\u0103<\/strong><\/td>\n<td><strong>Termenul limit\u0103<\/strong><\/td>\n<\/tr>\n<tr>\n<td>I<\/td>\n<td>1<\/td>\n<td>25%<\/td>\n<td>4 Noiembrie 2024<\/td>\n<\/tr>\n<tr>\n<td>I<\/td>\n<td>2<\/td>\n<td>25%<\/td>\n<td>10 Ianuarie 2025<\/td>\n<\/tr>\n<tr>\n<td>II<\/td>\n<td>3<\/td>\n<td>25%<\/td>\n<td>28 Martie 2025<\/td>\n<\/tr>\n<tr>\n<td>II<\/td>\n<td>4<\/td>\n<td>25%<\/td>\n<td>23 Mai 2025<\/td>\n<\/tr>\n<\/tbody>\n<\/table>\n<p>&nbsp;<\/p>\n<p><em>Men\u0163iuni:<\/em><\/p>\n<p><em><span style=\"color: #000000;\"><strong>Taxa de refacere activitate<\/strong> <strong>didactic\u0103<\/strong><\/span><\/em> se pl\u0103te\u015fte la \u00eenceputul semestrului c\u00e2nd are loc refacerea. Plata se face la BRD \u00een cod 35 (calculat\u0103 astfel: nr de credite aferent disciplinei x 50 lei creditul).<\/p>\n<p><strong><em>Taxa de reevaluare<\/em><\/strong> (dup\u0103 2 nepromov\u0103ri), se pl\u0103te\u0219te 100 lei \u00een cod 41 la BRD.<\/p>\n<\/div>\n<p>&nbsp;<\/p>\n<p>Taxele de admitere\/inmatriculare\/scolarizare se pot achita on-line, pe site-ul UAIC:<strong> <a href=\"https:\/\/plati-taxe.uaic.ro\/stud\/index.php\" target=\"_blank\" rel=\"noopener noreferrer\"><em><span style=\"color: #ff0000;\">https:\/\/plati-taxe.uaic.ro\/stud\/index.php<\/span><\/em><\/a><\/strong><\/p>\n<p>Aveti grija ca la plata on-line:<br \/>\n\u2013 s\u0103 nu folosi\u0163i diacritice \u00een formular (nu utiliza\u0163i \u0103, \u00e2, \u00ee, \u015f, \u0163)<\/p>\n<p>\u2013 nu folosi\u021bi caractere speciale in formular (nu utiliza\u021bi !\u201d#$%&amp;'()*+,-.\/:;&lt;=&gt;?@[\\]^_`{|}~), <strong>in special la c\u00e2mpurile nume, prenume \u0219i descriere tranzac\u021bie.<\/strong><\/p>\n<p>&nbsp;<\/p>\n<p>Pentru achitarea taxelor la <strong>BRD<\/strong> veti preciza:<\/p>\n<p><strong>Universitatea &#8222;Alexandru Ioan Cuza&#8221; din Iasi<\/strong><\/p>\n<p><strong>Forma de scolarizare<\/strong>:<\/p>\n<p>&#8211; 01, cu frecventa, studii de licenta<\/p>\n<p>&#8211; 03, cu frecventa, studii de masterat<\/p>\n<p><strong>ZONA<\/strong>:<\/p>\n<p>&#8211; 1261 &#8211; Facultatea de Fizica, studii de licenta<\/p>\n<p>&#8211; 2407 &#8211; Facultatea de Fizica, studii de masterat<\/p>\n<p>&#8211; 2546 &#8211; Facultatea de Fizica, studii de doctorat<\/p>\n<p>&nbsp;<\/p>\n<p><strong>Coduri taxe<\/strong>:<\/p>\n<p>&#8211; taxa admitere &#8211; COD 28<\/p>\n<p>&#8211; taxa inmatriculare &#8211; COD 38<\/p>\n<p>&#8211; taxa scolarizare &#8211; COD 31<\/p>\n<p>&#8211; taxa reinmatriculare &#8211; COD 29<\/p>\n<p>&#8211; taxa refacere activitate didactica &#8211; COD 35<\/p>\n<p>&#8211; taxa programa analitica &#8211; COD 43<\/p>\n","protected":false},"excerpt":{"rendered":"<p>Grafic plat\u0103 taxe \u015fcolarizare pentru anul universitar 2025-2026 La nivelul Universit\u0103\u0163ii \u201eAlexandru Ioan Cuza\u201d din Ia\u015fi, conform Deciziei nr. 20093\/08.10.2025 a Rectorului, taxele de \u015fcolarizare se vor achita conform calendarului urm\u0103tor: Semestrul Tran\u015fa % din taxa anual\u0103 Termenul limit\u0103 I 1 25% 3 Noiembrie 2025 I 2 25% 9 Ianuarie 2026 II 3 25% 27 Martie 2026 II\u2026 <span class=\"read-more\"><a href=\"https:\/\/www.phys.uaic.ro\/old\/index.php\/studenti\/taxa-scolarizare\/\">Read More &raquo;<\/a><\/span><\/p>\n","protected":false},"author":3,"featured_media":0,"parent":31,"menu_order":0,"comment_status":"closed","ping_status":"closed","template":"","meta":{"footnotes":""},"class_list":["post-5759","page","type-page","status-publish","hentry"],"_links":{"self":[{"href":"https:\/\/www.phys.uaic.ro\/old\/index.php\/wp-json\/wp\/v2\/pages\/5759","targetHints":{"allow":["GET"]}}],"collection":[{"href":"https:\/\/www.phys.uaic.ro\/old\/index.php\/wp-json\/wp\/v2\/pages"}],"about":[{"href":"https:\/\/www.phys.uaic.ro\/old\/index.php\/wp-json\/wp\/v2\/types\/page"}],"author":[{"embeddable":true,"href":"https:\/\/www.phys.uaic.ro\/old\/index.php\/wp-json\/wp\/v2\/users\/3"}],"replies":[{"embeddable":true,"href":"https:\/\/www.phys.uaic.ro\/old\/index.php\/wp-json\/wp\/v2\/comments?post=5759"}],"version-history":[{"count":0,"href":"https:\/\/www.phys.uaic.ro\/old\/index.php\/wp-json\/wp\/v2\/pages\/5759\/revisions"}],"up":[{"embeddable":true,"href":"https:\/\/www.phys.uaic.ro\/old\/index.php\/wp-json\/wp\/v2\/pages\/31"}],"wp:attachment":[{"href":"https:\/\/www.phys.uaic.ro\/old\/index.php\/wp-json\/wp\/v2\/media?parent=5759"}],"curies":[{"name":"wp","href":"https:\/\/api.w.org\/{rel}","templated":true}]}}