{"id":5802,"date":"2019-01-21T10:39:46","date_gmt":"2019-01-21T10:39:46","guid":{"rendered":"http:\/\/www.phys.uaic.ro\/?page_id=5802"},"modified":"2025-01-29T11:29:37","modified_gmt":"2025-01-29T09:29:37","slug":"ciolan-m-mihai-alexandru-doctorat","status":"publish","type":"page","link":"https:\/\/www.phys.uaic.ro\/old\/index.php\/scoala-doctorala\/sustineri-teze-doctorat\/ciolan-m-mihai-alexandru-doctorat\/","title":{"rendered":"Sus\u021binerea tezei de doctorat a drd. Ciolan M. Mihai-Alexandru pe 08.02.2016"},"content":{"rendered":"<p>La data de 08.02.2016, ora 10:00, \u00een sala Ferdinand, Rectoat dl CIOLAN M. MIHAI-ALEXANDRU va sus\u0163ine, \u00een \u015fedin\u0163\u0103 public\u0103, teza de doctorat cu titlul<\/p>\n<p><b>MODIFICARI DE SUPRAFATA ALE UNOR NANOPARTICULE SI FILME DE OXID DE ZINC FOLOSIND PROCESAREA CU PLASMA DE JOASA PRESIUNE<\/b><\/p>\n<p>\u00een vederea ob\u0163inerii titlului \u015ftiin\u0163ific de doctor \u00een domeniul STIINTE EXACTE.<\/p>\n<p>Comisia de doctorat are urm\u0103toarea componen\u0163\u0103:<\/p>\n<ul>\n<li><b>Pre\u015fedinte<\/b>:\n<ul>\n<li>Prof. univ. Dr. Diana Mihaela Mardare, Universitarea Alexandru Ioan Cuza, Ia\u0219i<\/li>\n<\/ul>\n<\/li>\n<\/ul>\n<ul>\n<li><b>Conduc\u0103tor \u015ftiin\u0163ific<\/b>:\n<ul>\n<li>Prof. Univ. Dr. Dumitru Luca, Universitatea Alexandru Ioan Cuza, Ia\u015fi<\/li>\n<\/ul>\n<\/li>\n<\/ul>\n<ul>\n<li><b>Referen\u0163i<\/b>:\n<ul>\n<li>Prof. Univ. Dr. Masaaki Nagatsu<\/li>\n<li>Prof. Univ. Dr. Stefan Antohi, Universitatea din Bucure\u015fti<\/li>\n<li>Conf. Univ. Dr. habil. Liviu Leontie, Universitatea Alexandru Ioan Cuza, Ia\u015fi<\/li>\n<\/ul>\n<\/li>\n<\/ul>\n<p>Teza poate fi consultat\u0103 la Biblioteca Facult\u0103\u0163ii de Fizic\u0103.<\/p>\n<p>&nbsp;<\/p>\n","protected":false},"excerpt":{"rendered":"<p>La data de 08.02.2016, ora 10:00, \u00een sala Ferdinand, Rectoat dl CIOLAN M. MIHAI-ALEXANDRU va sus\u0163ine, \u00een \u015fedin\u0163\u0103 public\u0103, teza de doctorat cu titlul MODIFICARI DE SUPRAFATA ALE UNOR NANOPARTICULE SI FILME DE OXID DE ZINC FOLOSIND PROCESAREA CU PLASMA DE JOASA PRESIUNE \u00een vederea ob\u0163inerii titlului \u015ftiin\u0163ific de doctor \u00een domeniul STIINTE EXACTE. Comisia de doctorat are\u2026 <span class=\"read-more\"><a href=\"https:\/\/www.phys.uaic.ro\/old\/index.php\/scoala-doctorala\/sustineri-teze-doctorat\/ciolan-m-mihai-alexandru-doctorat\/\">Read More &raquo;<\/a><\/span><\/p>\n","protected":false},"author":3,"featured_media":0,"parent":158,"menu_order":0,"comment_status":"closed","ping_status":"closed","template":"","meta":{"footnotes":""},"class_list":["post-5802","page","type-page","status-publish","hentry"],"_links":{"self":[{"href":"https:\/\/www.phys.uaic.ro\/old\/index.php\/wp-json\/wp\/v2\/pages\/5802","targetHints":{"allow":["GET"]}}],"collection":[{"href":"https:\/\/www.phys.uaic.ro\/old\/index.php\/wp-json\/wp\/v2\/pages"}],"about":[{"href":"https:\/\/www.phys.uaic.ro\/old\/index.php\/wp-json\/wp\/v2\/types\/page"}],"author":[{"embeddable":true,"href":"https:\/\/www.phys.uaic.ro\/old\/index.php\/wp-json\/wp\/v2\/users\/3"}],"replies":[{"embeddable":true,"href":"https:\/\/www.phys.uaic.ro\/old\/index.php\/wp-json\/wp\/v2\/comments?post=5802"}],"version-history":[{"count":0,"href":"https:\/\/www.phys.uaic.ro\/old\/index.php\/wp-json\/wp\/v2\/pages\/5802\/revisions"}],"up":[{"embeddable":true,"href":"https:\/\/www.phys.uaic.ro\/old\/index.php\/wp-json\/wp\/v2\/pages\/158"}],"wp:attachment":[{"href":"https:\/\/www.phys.uaic.ro\/old\/index.php\/wp-json\/wp\/v2\/media?parent=5802"}],"curies":[{"name":"wp","href":"https:\/\/api.w.org\/{rel}","templated":true}]}}