{"id":6097,"date":"2019-02-24T16:40:38","date_gmt":"2019-02-24T16:40:38","guid":{"rendered":"http:\/\/www.phys.uaic.ro\/?page_id=6097"},"modified":"2025-01-23T11:06:13","modified_gmt":"2025-01-23T09:06:13","slug":"sesiunea-septembrie-2019","status":"publish","type":"page","link":"https:\/\/www.phys.uaic.ro\/old\/index.php\/scoala-doctorala\/admitere-doctorat\/sesiunea-septembrie-2019\/","title":{"rendered":"Sesiunea septembrie 2019"},"content":{"rendered":"<p><b>Calendarul admiterii<\/b> la doctorat pentru anul universitar 2019-2020:<\/p>\n<ul>\n<li>\u00eenscrierea candida\u021bilor: 02 &#8211; 06 septembrie;<\/li>\n<li>selec\u021bia candida\u021bilor: 09 &#8211; 11 septembrie;<\/li>\n<li>afi\u0219area rezultatelor: 12 septembrie;<\/li>\n<li>contesta\u021bii (doar pentru proba scris\u0103): 13 septembrie;<\/li>\n<li>afi\u0219area rezultatelor finale: 16 septembrie;<\/li>\n<li>afi\u0219area listei finale cu candida\u021bii declara\u021bi admi\u0219i \u0219i \u00eenmatriculati: 01.10.2019.<\/li>\n<\/ul>\n<p>Cuantumul taxei de admitere: 200 RON.<\/p>\n<p><b>Tematica de admitere<\/b> la doctorat cuprinde:<\/p>\n<ul>\n<li>5 subiecte de specialitate propuse de c\u0103tre fiecare conduc\u0103tor de doctorat (link-uri la acestea g\u0103si\u021bi \u00een pagina conduc\u0103torilor de doctorat care pot primi doctoranzi \u00een anul universitar 2019-2020);<\/li>\n<li><a href=\"https:\/\/www.phys.uaic.ro\/index.php\/scoala-doctorala\/admitere-doctorat\/sesiunea-septembrie-2019\/subiecte-doctorat-fizica-generala-2019\">5 subiecte de fizic\u0103 general\u0103<\/a>.<\/li>\n<\/ul>\n<p><b>Examenul de admitere<\/b> const\u0103 din dou\u0103 probe:<\/p>\n<ul>\n<li><b><i>Proba scris\u0103<\/i><\/b> se va desfasura pe parcursul a 3 ore si const\u0103 din doua subiecte (extrase \u00een prezen\u021ba candida\u021bilor) din tematica de admitere la doctorat: un subiect de specialitate \u0219i un subiect de fizic\u0103 general\u0103. Fiecare din cele dou\u0103 subiecte va primi o not\u0103 de la 1 la 10, nota minim\u0103 la fiecare subiect fiind nota 5. Nota final\u0103 la proba scris\u0103 va fi calculat\u0103 ca media aritmetic\u0103 a celor dou\u0103 note;<\/li>\n<li><b><i>Proba oral\u0103<\/i><\/b> se va desf\u0103sura sub forma unei discu\u021bii libere (aprox. 10 min) urm\u0103rind:\n<ul>\n<li>prezentarea stadiului actual al cercetarilor \u00een domeniul ales;<\/li>\n<li>motivatie referitoare la alegerea temei pe care \u0219i-o propune pentru teza de doctorat;<\/li>\n<li>prezentarea \u00een rezumat a rezultatelor \u0219tiin\u021bifice anterioare.<\/li>\n<\/ul>\n<\/li>\n<\/ul>\n<p><b>Programarea probelor:<\/b><\/p>\n<ul>\n<li>Proba scris\u0103: 09.09.2019, orele 11-14, sala L1;<\/li>\n<li>Proba oral\u0103: 10.09.2019, ora 11, sala L1.<\/li>\n<\/ul>\n<p>Dup\u0103 aflarea subiectelor, comisia de admitere va face baremul de corectare care va fi afi\u0219at.<\/p>\n<p>Nota final\u0103 va fi calculat\u0103 ca media aritmetic\u0103 a probelor scris\u0103 \u0219i oral\u0103.<\/p>\n<p>Conform regulamentului \u0218colii Doctorale de Fizic\u0103, media minim\u0103 de admitere este 8.<\/p>\n<p><b>Departajarea<\/b> se face pe baza notelor de la examenul de licen\u021b\u0103 \u0219i, dac\u0103 este nevoie, pe baza notelor de la examenul de dizerta\u021bie.<\/p>\n<p><!-- Num\u0103rul de locuri pentru anul universitar 2019-2020: buget: ___ (bursa MEN) --><\/p>\n<p>&nbsp;<\/p>\n<p><b>Rezultatele admiterii<\/b><\/p>\n<ul>\n<li><a href=\"https:\/\/www.phys.uaic.ro\/wp-content\/uploads\/2023\/12\/candidati-admisi-la-Scoala-Doctorala-sept-2019-BUGET.pdf\" target=\"_blank\" rel=\"noopener\">Candida\u0163ii declara\u0163i admi\u015fi (cu finan\u0163are de la buget) la \u0218coala Doctoral\u0103 a Facult\u0103\u0163ii de Fizic\u0103 &#8211; sesiuea septembrie 2019<\/a> <img decoding=\"async\" style=\"vertical-align: top; width: 20px; height: 20px;\" src=\"http:\/\/www.phys.uaic.ro\/wp\/imagini\/pdf-icon.png\" alt=\"pdf\" \/><\/li>\n<\/ul>\n<p><a href=\"https:\/\/www.phys.uaic.ro\/wp-content\/uploads\/2022\/03\/metodologie-admitere-doctorat-2019-2020.pdf\" target=\"_blank\" rel=\"noopener\">Metodologia UAIC privind organizarea \u0219i desf\u0103\u0219urarea admiterii \u00een ciclul de studii universitare de doctorat pentru anul universitar 2019-2020<\/a> <img decoding=\"async\" style=\"vertical-align: top; width: 20px; height: 20px;\" src=\"http:\/\/www.phys.uaic.ro\/wp\/imagini\/pdf-icon.png\" alt=\"pdf\" \/><\/p>\n","protected":false},"excerpt":{"rendered":"<p>Calendarul admiterii la doctorat pentru anul universitar 2019-2020: \u00eenscrierea candida\u021bilor: 02 &#8211; 06 septembrie; selec\u021bia candida\u021bilor: 09 &#8211; 11 septembrie; afi\u0219area rezultatelor: 12 septembrie; contesta\u021bii (doar pentru proba scris\u0103): 13 septembrie; afi\u0219area rezultatelor finale: 16 septembrie; afi\u0219area listei finale cu candida\u021bii declara\u021bi admi\u0219i \u0219i \u00eenmatriculati: 01.10.2019. Cuantumul taxei de admitere: 200 RON. Tematica de admitere la doctorat cuprinde:\u2026 <span class=\"read-more\"><a href=\"https:\/\/www.phys.uaic.ro\/old\/index.php\/scoala-doctorala\/admitere-doctorat\/sesiunea-septembrie-2019\/\">Read More &raquo;<\/a><\/span><\/p>\n","protected":false},"author":3,"featured_media":0,"parent":152,"menu_order":0,"comment_status":"closed","ping_status":"closed","template":"","meta":{"footnotes":""},"class_list":["post-6097","page","type-page","status-publish","hentry"],"_links":{"self":[{"href":"https:\/\/www.phys.uaic.ro\/old\/index.php\/wp-json\/wp\/v2\/pages\/6097","targetHints":{"allow":["GET"]}}],"collection":[{"href":"https:\/\/www.phys.uaic.ro\/old\/index.php\/wp-json\/wp\/v2\/pages"}],"about":[{"href":"https:\/\/www.phys.uaic.ro\/old\/index.php\/wp-json\/wp\/v2\/types\/page"}],"author":[{"embeddable":true,"href":"https:\/\/www.phys.uaic.ro\/old\/index.php\/wp-json\/wp\/v2\/users\/3"}],"replies":[{"embeddable":true,"href":"https:\/\/www.phys.uaic.ro\/old\/index.php\/wp-json\/wp\/v2\/comments?post=6097"}],"version-history":[{"count":0,"href":"https:\/\/www.phys.uaic.ro\/old\/index.php\/wp-json\/wp\/v2\/pages\/6097\/revisions"}],"up":[{"embeddable":true,"href":"https:\/\/www.phys.uaic.ro\/old\/index.php\/wp-json\/wp\/v2\/pages\/152"}],"wp:attachment":[{"href":"https:\/\/www.phys.uaic.ro\/old\/index.php\/wp-json\/wp\/v2\/media?parent=6097"}],"curies":[{"name":"wp","href":"https:\/\/api.w.org\/{rel}","templated":true}]}}