{"id":6204,"date":"2019-03-02T12:55:09","date_gmt":"2019-03-02T12:55:09","guid":{"rendered":"http:\/\/www.phys.uaic.ro\/?page_id=6204"},"modified":"2023-01-25T12:14:03","modified_gmt":"2023-01-25T10:14:03","slug":"programe-postdoc-cercetare-avansata","status":"publish","type":"page","link":"https:\/\/www.phys.uaic.ro\/old\/index.php\/scoala-doctorala\/programe-postdoc-cercetare-avansata\/","title":{"rendered":"Programe postdoctorale de cercetare avansat\u0103"},"content":{"rendered":"<p>&nbsp;<\/p>\n<p>https:\/\/www.phys.uaic.ro\/old\/index.php\/2023\/01\/25\/sprijin-financiar-suplimentar-pentru-doctoranzii-si-cercetatorii-postdoctorat-inscrisi-in-proiectul-suport-educational-si-formativ-pentru-doctoranzi-si-tineri-cercetatori-in-pregatirea-insert\/<\/p>\n<p>https:\/\/www.phys.uaic.ro\/old\/index.php\/2022\/10\/04\/burse-doctorale-in-cadrul-proiectului-suport-educational-si-formativ-pentru-doctoranzi-si-tineri-cercetatori-in-pregatirea-insertiei-in-piata-muncii-2\/<\/p>\n<p>https:\/\/www.phys.uaic.ro\/old\/index.php\/2022\/09\/29\/prezentare-proiect-cu-titlul-suport-educational-si-formativ-pentru-doctoranzi-si-tineri-cercetatori-in-pregatirea-insertiei-in-piata-muncii\/<\/p>\n<blockquote class=\"wp-embedded-content\" data-secret=\"SW9SJdML4p\"><p><a href=\"https:\/\/www.phys.uaic.ro\/old\/index.php\/informatii-privind-admiterea-la-programele-postdoctorale-de-cercetare-avansata-organizate-in-cadrul-universitatii-alexandru-ioan-cuza-din-iasi-2022-2024-scoala-doctorala\/\">Informa\u021bii privind Programele postdoctorale de cercetare avansat\u0103 organizate \u00een cadrul Universit\u0103\u021bii \u201eAlexandru Ioan Cuza\u201c din Ia\u0219i (2022-2024) \u2013 \u0218coala doctoral\u0103 de Fizic\u0103<\/a><\/p><\/blockquote>\n<p><iframe loading=\"lazy\" class=\"wp-embedded-content\" sandbox=\"allow-scripts\" security=\"restricted\" style=\"position: absolute; visibility: hidden;\" title=\"&#8222;Informa\u021bii privind Programele postdoctorale de cercetare avansat\u0103 organizate \u00een cadrul Universit\u0103\u021bii \u201eAlexandru Ioan Cuza\u201c din Ia\u0219i (2022-2024) \u2013 \u0218coala doctoral\u0103 de Fizic\u0103&#8221; &#8211; Facultatea de Fizic\u0103\" src=\"https:\/\/www.phys.uaic.ro\/old\/index.php\/informatii-privind-admiterea-la-programele-postdoctorale-de-cercetare-avansata-organizate-in-cadrul-universitatii-alexandru-ioan-cuza-din-iasi-2022-2024-scoala-doctorala\/embed\/#?secret=3JC54etULR#?secret=SW9SJdML4p\" data-secret=\"SW9SJdML4p\" width=\"600\" height=\"338\" frameborder=\"0\" marginwidth=\"0\" marginheight=\"0\" scrolling=\"no\"><\/iframe><\/p>\n<blockquote class=\"wp-embedded-content\" data-secret=\"bFJS4QeZ0z\"><p><a href=\"https:\/\/www.phys.uaic.ro\/old\/index.php\/burse-doctorale-in-cadrul-proiectului-suport-educational-si-formativ-pentru-doctoranzi-si-tineri-cercetatori-in-pregatirea-insertiei-in-piata-muncii\/\">Burse doctorale POCU 2022-2023<\/a><\/p><\/blockquote>\n<p><iframe loading=\"lazy\" class=\"wp-embedded-content\" sandbox=\"allow-scripts\" security=\"restricted\" style=\"position: absolute; visibility: hidden;\" title=\"&#8222;Burse doctorale POCU 2022-2023&#8221; &#8211; Facultatea de Fizic\u0103\" src=\"https:\/\/www.phys.uaic.ro\/old\/index.php\/burse-doctorale-in-cadrul-proiectului-suport-educational-si-formativ-pentru-doctoranzi-si-tineri-cercetatori-in-pregatirea-insertiei-in-piata-muncii\/embed\/#?secret=DUTxIglvDQ#?secret=bFJS4QeZ0z\" data-secret=\"bFJS4QeZ0z\" width=\"600\" height=\"338\" frameborder=\"0\" marginwidth=\"0\" marginheight=\"0\" scrolling=\"no\"><\/iframe><\/p>\n<blockquote class=\"wp-embedded-content\" data-secret=\"UrwCHcqE4E\"><p><a href=\"https:\/\/www.phys.uaic.ro\/old\/index.php\/informatii-privind-admiterea-la-programele-postdoctorale-de-cercetare-avansata-organizate-in-cadrul-universitatii-alexandru-ioan-cuza-din-iasi-2019-2021-scoala\/\">Informa\u021bii privind admiterea la Programele postdoctorale de cercetare avansat\u0103 organizate \u00een cadrul Universit\u0103\u021bii \u201eAlexandru Ioan Cuza\u201c din Ia\u0219i (2019 \u2013 2021) \u2013 \u0218coala doctoral\u0103 de Fizic\u0103<\/a><\/p><\/blockquote>\n<p><iframe loading=\"lazy\" class=\"wp-embedded-content\" sandbox=\"allow-scripts\" security=\"restricted\" style=\"position: absolute; visibility: hidden;\" title=\"&#8222;Informa\u021bii privind admiterea la Programele postdoctorale de cercetare avansat\u0103 organizate \u00een cadrul Universit\u0103\u021bii \u201eAlexandru Ioan Cuza\u201c din Ia\u0219i (2019 \u2013 2021) \u2013 \u0218coala doctoral\u0103 de Fizic\u0103&#8221; &#8211; Facultatea de Fizic\u0103\" src=\"https:\/\/www.phys.uaic.ro\/old\/index.php\/informatii-privind-admiterea-la-programele-postdoctorale-de-cercetare-avansata-organizate-in-cadrul-universitatii-alexandru-ioan-cuza-din-iasi-2019-2021-scoala\/embed\/#?secret=KCzyFTmM8M#?secret=UrwCHcqE4E\" data-secret=\"UrwCHcqE4E\" width=\"600\" height=\"338\" frameborder=\"0\" marginwidth=\"0\" marginheight=\"0\" scrolling=\"no\"><\/iframe><\/p>\n","protected":false},"excerpt":{"rendered":"<p>&nbsp; https:\/\/www.phys.uaic.ro\/old\/index.php\/2023\/01\/25\/sprijin-financiar-suplimentar-pentru-doctoranzii-si-cercetatorii-postdoctorat-inscrisi-in-proiectul-suport-educational-si-formativ-pentru-doctoranzi-si-tineri-cercetatori-in-pregatirea-insert\/ https:\/\/www.phys.uaic.ro\/old\/index.php\/2022\/10\/04\/burse-doctorale-in-cadrul-proiectului-suport-educational-si-formativ-pentru-doctoranzi-si-tineri-cercetatori-in-pregatirea-insertiei-in-piata-muncii-2\/ https:\/\/www.phys.uaic.ro\/old\/index.php\/2022\/09\/29\/prezentare-proiect-cu-titlul-suport-educational-si-formativ-pentru-doctoranzi-si-tineri-cercetatori-in-pregatirea-insertiei-in-piata-muncii\/ Informa\u021bii privind Programele postdoctorale de cercetare avansat\u0103 organizate \u00een cadrul Universit\u0103\u021bii \u201eAlexandru Ioan Cuza\u201c din Ia\u0219i (2022-2024) \u2013 \u0218coala doctoral\u0103 de Fizic\u0103 Burse doctorale POCU 2022-2023 Informa\u021bii privind admiterea la Programele postdoctorale de cercetare avansat\u0103 organizate \u00een cadrul Universit\u0103\u021bii \u201eAlexandru Ioan Cuza\u201c din Ia\u0219i (2019 \u2013 2021) \u2013 \u0218coala doctoral\u0103 de Fizic\u0103<\/p>\n","protected":false},"author":3,"featured_media":0,"parent":365,"menu_order":0,"comment_status":"closed","ping_status":"closed","template":"","meta":{"footnotes":""},"class_list":["post-6204","page","type-page","status-publish","hentry"],"_links":{"self":[{"href":"https:\/\/www.phys.uaic.ro\/old\/index.php\/wp-json\/wp\/v2\/pages\/6204","targetHints":{"allow":["GET"]}}],"collection":[{"href":"https:\/\/www.phys.uaic.ro\/old\/index.php\/wp-json\/wp\/v2\/pages"}],"about":[{"href":"https:\/\/www.phys.uaic.ro\/old\/index.php\/wp-json\/wp\/v2\/types\/page"}],"author":[{"embeddable":true,"href":"https:\/\/www.phys.uaic.ro\/old\/index.php\/wp-json\/wp\/v2\/users\/3"}],"replies":[{"embeddable":true,"href":"https:\/\/www.phys.uaic.ro\/old\/index.php\/wp-json\/wp\/v2\/comments?post=6204"}],"version-history":[{"count":0,"href":"https:\/\/www.phys.uaic.ro\/old\/index.php\/wp-json\/wp\/v2\/pages\/6204\/revisions"}],"up":[{"embeddable":true,"href":"https:\/\/www.phys.uaic.ro\/old\/index.php\/wp-json\/wp\/v2\/pages\/365"}],"wp:attachment":[{"href":"https:\/\/www.phys.uaic.ro\/old\/index.php\/wp-json\/wp\/v2\/media?parent=6204"}],"curies":[{"name":"wp","href":"https:\/\/api.w.org\/{rel}","templated":true}]}}