{"id":6367,"date":"2019-03-25T10:48:41","date_gmt":"2019-03-25T10:48:41","guid":{"rendered":"http:\/\/www.phys.uaic.ro\/?page_id=6367"},"modified":"2022-03-25T12:49:48","modified_gmt":"2022-03-25T10:49:48","slug":"concurs-hurmuzescu-viii","status":"publish","type":"page","link":"https:\/\/www.phys.uaic.ro\/old\/index.php\/studenti\/https-www-phys-uaic-ro-index-php-studenti-concurs-hurmuzescu-concurs-hurmuzescu-xii\/concurs-hurmuzescu-viii\/","title":{"rendered":"Concursul Dragomir Hurmuzescu Edi\u021bia a VIII-a"},"content":{"rendered":"<h2><span style=\"color: #993300;\">Etapa local\u0103, 30 martie 2019<\/span><\/h2>\n<p><strong>Subiecte si bareme<\/strong><\/p>\n<p><a href=\"https:\/\/www.phys.uaic.ro\/wp-content\/uploads\/2022\/03\/DH8-2019-subiecte-I_locala.pdf\">Subiecte si bareme anul I<\/a><\/p>\n<p><a href=\"https:\/\/www.phys.uaic.ro\/wp-content\/uploads\/2022\/03\/DH8-2019-subiecte-II_locala.pdf\">Subiecte si bareme anul al II-lea<\/a><\/p>\n<p><b>Rezultate:<\/b><\/p>\n<ul>\n<li>Anul I\n<ul>\n<li>Premiul I: Strugaru Malina \u0219i B\u0103l\u0103uc\u0103 \u0218tefan<\/li>\n<li>Premiul al III-lea: Machiu Alexandru<\/li>\n<li>Mentiuni: Gralco Grigore, Honcu Razvan \u0219i P\u00e2rli\u021ban Pintilie<\/li>\n<\/ul>\n<\/li>\n<li>Anul al II-lea\n<ul>\n<li>Premiul I: Petrea Mihai-Andrei<\/li>\n<li>Premiul al II-lea: Amih\u0103ilesei Mihnea<\/li>\n<li>Premiul al III-lea: Matei Teodora<\/li>\n<li>Mentiuni: Gru\u0219c\u0103 Alexandru \u0219i Garbuz Violeta<\/li>\n<\/ul>\n<\/li>\n<li>Anul al III-lea\n<ul>\n<li>Premiul I: Melnic Cristina<\/li>\n<li>Premiul al II-lea: R\u0103ilean Anastasia<\/li>\n<li>Premiul al III-lea: Breab\u0103n Adina<\/li>\n<li>Mentiuni: Ardeleanu Helmina \u0219i Amarandi Lidia-Marta<\/li>\n<\/ul>\n<\/li>\n<\/ul>\n<h2><span style=\"color: #993300;\">Etapa na\u0163ional\u0103 19 aprilie 2019, Timisoara<br \/>\n<\/span><\/h2>\n<p><strong>Subiecte si bareme<\/strong><\/p>\n<p>&nbsp;<\/p>\n<p><b>Rezultate:<\/b><\/p>\n<p>Studen\u021bii Facult\u0103\u021bii de Fizic\u0103 din Ia\u0219i s-au remarcat \u0219i \u00een acest an prin performan\u021bele de excep\u021bie ob\u021binute la acest concurs \u0219i au ob\u021binut:<\/p>\n<ul>\n<li><b>doua premii I<\/b>\n<ul>\n<li>B\u0103l\u0103uc\u0103 \u0218tefan, anul I<\/li>\n<li>R\u0103ilean Anastasia, anul al IV-lea<\/li>\n<\/ul>\n<\/li>\n<li><b>un premiu II<\/b>\n<ul>\n<li>Breab\u0103n Adina, anul al IV-lea<\/li>\n<\/ul>\n<\/li>\n<li><b>doua premii III<\/b>\n<ul>\n<li>Strugaru M\u0103lina, anul I<\/li>\n<li>Melnic Cristina, anul al III-lea<\/li>\n<\/ul>\n<\/li>\n<li><b>o men\u021biune<\/b>\n<ul>\n<li>Petrea Mihai-Andrei, anul al II-lea<\/li>\n<\/ul>\n<\/li>\n<\/ul>\n<p>Felicit\u0103ri!<\/p>\n<p>\u00centr-un clasament neoficial dup\u0103 num\u0103rul de premii, Facultatea de Fizic\u0103 a UAIC a ocupat locul I, ob\u021bin\u00e2nd jumatate dintre premiile acordate.<\/p>\n<h2><span style=\"color: #993300;\">Tematica Concursului National Studentesc \u201dDragomir Hurmuzescu\u201d 2019<\/span><\/h2>\n<h4><\/h4>\n","protected":false},"excerpt":{"rendered":"<p>Etapa local\u0103, 30 martie 2019 Subiecte si bareme Subiecte si bareme anul I Subiecte si bareme anul al II-lea Rezultate: Anul I Premiul I: Strugaru Malina \u0219i B\u0103l\u0103uc\u0103 \u0218tefan Premiul al III-lea: Machiu Alexandru Mentiuni: Gralco Grigore, Honcu Razvan \u0219i P\u00e2rli\u021ban Pintilie Anul al II-lea Premiul I: Petrea Mihai-Andrei Premiul al II-lea: Amih\u0103ilesei Mihnea Premiul al III-lea: Matei\u2026 <span class=\"read-more\"><a href=\"https:\/\/www.phys.uaic.ro\/old\/index.php\/studenti\/https-www-phys-uaic-ro-index-php-studenti-concurs-hurmuzescu-concurs-hurmuzescu-xii\/concurs-hurmuzescu-viii\/\">Read More &raquo;<\/a><\/span><\/p>\n","protected":false},"author":3,"featured_media":0,"parent":202,"menu_order":0,"comment_status":"closed","ping_status":"closed","template":"","meta":{"footnotes":""},"class_list":["post-6367","page","type-page","status-publish","hentry"],"_links":{"self":[{"href":"https:\/\/www.phys.uaic.ro\/old\/index.php\/wp-json\/wp\/v2\/pages\/6367","targetHints":{"allow":["GET"]}}],"collection":[{"href":"https:\/\/www.phys.uaic.ro\/old\/index.php\/wp-json\/wp\/v2\/pages"}],"about":[{"href":"https:\/\/www.phys.uaic.ro\/old\/index.php\/wp-json\/wp\/v2\/types\/page"}],"author":[{"embeddable":true,"href":"https:\/\/www.phys.uaic.ro\/old\/index.php\/wp-json\/wp\/v2\/users\/3"}],"replies":[{"embeddable":true,"href":"https:\/\/www.phys.uaic.ro\/old\/index.php\/wp-json\/wp\/v2\/comments?post=6367"}],"version-history":[{"count":0,"href":"https:\/\/www.phys.uaic.ro\/old\/index.php\/wp-json\/wp\/v2\/pages\/6367\/revisions"}],"up":[{"embeddable":true,"href":"https:\/\/www.phys.uaic.ro\/old\/index.php\/wp-json\/wp\/v2\/pages\/202"}],"wp:attachment":[{"href":"https:\/\/www.phys.uaic.ro\/old\/index.php\/wp-json\/wp\/v2\/media?parent=6367"}],"curies":[{"name":"wp","href":"https:\/\/api.w.org\/{rel}","templated":true}]}}