{"id":6696,"date":"2019-05-28T13:43:57","date_gmt":"2019-05-28T13:43:57","guid":{"rendered":"http:\/\/www.phys.uaic.ro\/?page_id=6696"},"modified":"2025-05-16T12:02:07","modified_gmt":"2025-05-16T09:02:07","slug":"platforma-turnitin","status":"publish","type":"page","link":"https:\/\/www.phys.uaic.ro\/old\/index.php\/scoala-doctorala\/platforma-turnitin\/","title":{"rendered":"Platforma TurnItIn"},"content":{"rendered":"<ul>\n<li style=\"list-style-type: none;\">La nivelul platformei Turnitin a fost activata <strong>optiunea de identificare a textului generat cu inteligenta artificiala<\/strong> (la nivelul raportului de similaritate a aparut <strong>optiunea de AI Writing<\/strong>). Optiunea functioneaza pe trei limbi (engleza, japoneza, spaniola), iar celelalte limbi sunt in curs de implementare. Deoarece este in proces de dezvoltare, calitatea ei va creste in perioada urmatoare.<\/li>\n<\/ul>\n<ul>\n<li style=\"list-style-type: none;\">\n<ul style=\"list-style-type: none;\">\n<li>Pentru a putea folosi aceasta optiune va trebui sa respectati cerintele de la adresa:<\/li>\n<li><a tabindex=\"-1\" href=\"https:\/\/guides.turnitin.com\/hc\/en-us\/articles\/28234943089933-File-requirements-for-an-AI-writing-report\" target=\"_blank\" rel=\"external nofollow noopener noreferrer\">https:\/\/guides.turnitin.com\/hc\/en-us\/articles\/28234943089933-File-requirements-for-an-AI-writing-report<\/a><\/li>\n<\/ul>\n<\/li>\n<\/ul>\n<ul style=\"list-style-type: none;\">\n<li><\/li>\n<li>Pe platforma Turnitin, incepand cu luna aprilie 2025, a fost activata optiunea Translated Matching. Aceasta optiune ajuta la detectarea textului tradus in alta limba pentru a evita plagiatul.<strong>Translated Matching (Detectarea traducerii)<\/strong><strong>\u00a0<\/strong><strong>Ce este?<\/strong> Este o func\u021bie care detecteaza daca un text a fost tradus automat (ex. din romana \u00een engleza) pentru a evita plagiatul.<strong>\u00a0<\/strong><strong>Cum functioneaza?<\/strong>\n<ul>\n<li style=\"list-style-type: none;\">\n<ul>\n<li>compara lucrarea cu surse existente \u00een alte limbi;<\/li>\n<li>poate identifica texte traduse automat care nu mai apar ca similare \u00een originalitate;<\/li>\n<li>este utila \u00eempotriva plagiatului prin traducere, o practica des \u00eentalnita;<\/li>\n<li>exemple de utilizare: Studentul traduce un text dintr-un articol stiintific francez \u00een romana \u0219i \u00eel folose\u0219te \u00een lucrarea sa. Turnitin \u00eel detecteaz\u0103, chiar dac\u0103 nu mai exist\u0103 potriviri directe \u00een limba romana. Daca e nevoie bifati caseta de selectare pentru a utiliza optiunea Matching Option ( Activati Similitudini traduse). Posibil sa nu mearga cu Quick Submit ( Depunere rapida).<\/li>\n<\/ul>\n<\/li>\n<\/ul>\n<p>Pentru mai multe detalii puteti consulta link-urile urmatoare:<\/p>\n<ul>\n<li><a href=\"https:\/\/guides.turnitin.com\/hc\/en-us\/articles\/30570324172941-Translated-Matching-in-the-new-enhanced-Similarity-Report\">https:\/\/guides.turnitin.com\/hc\/en-us\/articles\/30570324172941-Translated-Matching-in-the-new-enhanced-Similarity-Report<\/a><\/li>\n<li><a href=\"https:\/\/guides.turnitin.com\/hc\/en-us\/articles\/23462921335949-Using-Translated-Matching\">https:\/\/guides.turnitin.com\/hc\/en-us\/articles\/23462921335949-Using-Translated-Matching<\/a><\/li>\n<\/ul>\n<p>&nbsp;<\/li>\n<li><\/li>\n<li><a href=\"https:\/\/www.phys.uaic.ro\/wp-content\/uploads\/2022\/03\/Hot-BECA-nr-3D-din-17.03.2021-similitudine-platforma-Turnitin.pdf\">Hot\u0103r\u00e2rea BECA nr 3D din 17.03.2021 (similitudine platforma Turnitin)<\/a><img loading=\"lazy\" decoding=\"async\" class=\"\" src=\"http:\/\/www.phys.uaic.ro\/wp\/imagini\/pdf-icon.png\" alt=\"pdf\" width=\"19\" height=\"19\" \/><\/li>\n<li><\/li>\n<li><a href=\"https:\/\/www.phys.uaic.ro\/wp-content\/uploads\/2022\/06\/Platforma_TurnItIn_2022.06.pdf\">Platforma TurnItIn &#8211; Scurt ghid de utilizare, Editia 2022<\/a> <img decoding=\"async\" class=\"\" style=\"vertical-align: top; width: 19px; height: 19px;\" src=\"http:\/\/www.phys.uaic.ro\/wp\/imagini\/pdf-icon.png\" alt=\"pdf\" \/><\/li>\n<\/ul>\n<p><!--\n\n\n<ul style=\"list-style-type: none;\">\n \t\n\n<li><a href=\"http:\/\/www.phys.uaic.ro\/wp\/scoala-doctorala\/platforma-turnitin\/turnitin-scurt-ghid-utilizare-editia-ii.pdf\">Platforma TurnItIn - Scurt ghid de utilizare, Editia a II-a (iunie 2020)<\/a> <img decoding=\"async\" style=\"vertical-align: top; width: 20px; height: 20px;\" src=\"http:\/\/www.phys.uaic.ro\/wp\/imagini\/pdf-icon.png\" alt=\"pdf\" \/><\/li>\n\n\n<\/ul>\n\n\n\n\n<ul style=\"list-style-type: none;\">\n \t\n\n<li><a href=\"http:\/\/www.phys.uaic.ro\/wp\/scoala-doctorala\/platforma-turnitin\/turnitin-scurt-ghid-utilizare-editia-i.pdf\">Platforma TurnItIn - Scurt ghid de utilizare<\/a> <img decoding=\"async\" style=\"vertical-align: top; width: 20px; height: 20px;\" src=\"http:\/\/www.phys.uaic.ro\/wp\/imagini\/pdf-icon.png\" alt=\"pdf\" \/><\/li>\n\n\n<\/ul>\n\n\n--><\/p>\n","protected":false},"excerpt":{"rendered":"<p>La nivelul platformei Turnitin a fost activata optiunea de identificare a textului generat cu inteligenta artificiala (la nivelul raportului de similaritate a aparut optiunea de AI Writing). Optiunea functioneaza pe trei limbi (engleza, japoneza, spaniola), iar celelalte limbi sunt in curs de implementare. Deoarece este in proces de dezvoltare, calitatea ei va creste in perioada urmatoare. Pentru a\u2026 <span class=\"read-more\"><a href=\"https:\/\/www.phys.uaic.ro\/old\/index.php\/scoala-doctorala\/platforma-turnitin\/\">Read More &raquo;<\/a><\/span><\/p>\n","protected":false},"author":3,"featured_media":0,"parent":365,"menu_order":0,"comment_status":"closed","ping_status":"closed","template":"","meta":{"footnotes":""},"class_list":["post-6696","page","type-page","status-publish","hentry"],"_links":{"self":[{"href":"https:\/\/www.phys.uaic.ro\/old\/index.php\/wp-json\/wp\/v2\/pages\/6696","targetHints":{"allow":["GET"]}}],"collection":[{"href":"https:\/\/www.phys.uaic.ro\/old\/index.php\/wp-json\/wp\/v2\/pages"}],"about":[{"href":"https:\/\/www.phys.uaic.ro\/old\/index.php\/wp-json\/wp\/v2\/types\/page"}],"author":[{"embeddable":true,"href":"https:\/\/www.phys.uaic.ro\/old\/index.php\/wp-json\/wp\/v2\/users\/3"}],"replies":[{"embeddable":true,"href":"https:\/\/www.phys.uaic.ro\/old\/index.php\/wp-json\/wp\/v2\/comments?post=6696"}],"version-history":[{"count":0,"href":"https:\/\/www.phys.uaic.ro\/old\/index.php\/wp-json\/wp\/v2\/pages\/6696\/revisions"}],"up":[{"embeddable":true,"href":"https:\/\/www.phys.uaic.ro\/old\/index.php\/wp-json\/wp\/v2\/pages\/365"}],"wp:attachment":[{"href":"https:\/\/www.phys.uaic.ro\/old\/index.php\/wp-json\/wp\/v2\/media?parent=6696"}],"curies":[{"name":"wp","href":"https:\/\/api.w.org\/{rel}","templated":true}]}}