{"id":6718,"date":"2019-06-02T20:30:22","date_gmt":"2019-06-02T20:30:22","guid":{"rendered":"http:\/\/www.phys.uaic.ro\/?page_id=6718"},"modified":"2020-07-05T22:06:36","modified_gmt":"2020-07-05T22:06:36","slug":"admitere-licenta-iulie-2019","status":"publish","type":"page","link":"https:\/\/www.phys.uaic.ro\/old\/index.php\/admitere\/admitere-licenta\/admitere-licenta-iulie-2019\/","title":{"rendered":"Admiterea la licen\u021b\u0103 &#8211; Sesiunea iulie 2019"},"content":{"rendered":"<ul>\n<li><a href=\"http:\/\/www.phys.uaic.ro\/wp\/admitere\/iulie-2019\/metodologie-admitere-licenta-2019.pdf\">Metodologie privind organizarea \u015fi desf\u0103\u015furarea admiterii \u00een ciclul de studii universitare de licen\u0163\u0103 pentru anul universitar 2019\/2020<\/a> <img decoding=\"async\" style=\"vertical-align: top; width: 20px; height: 20px;\" src=\"http:\/\/www.phys.uaic.ro\/wp\/imagini\/pdf-icon.png\" alt=\"pdf\" \/><\/li>\n<\/ul>\n<ul>\n<li><a href=\"organizare-admitere-licenta-iulie-2019\">Organizarea admiterii la licen\u021b\u0103 iulie 2019<\/a><\/li>\n<\/ul>\n<ul>\n<li><a href=\"rezultate-admitere-licenta-iulie-2019\">Rezultate admitere la licen\u021b\u0103 iulie 2019<\/a><\/li>\n<\/ul>\n<ul>\n<li><a href=\"rezultate-confirmate-admitere-licenta-iulie-2019\">Rezultate admitere la licen\u021b\u0103 dup\u0103 confirmarea locurilor iulie 2019<\/a><\/li>\n<\/ul>\n<p><!--\n\n<ul>\n\n\n<li><a href=\"rezultate-admitere-licenta-balti-iulie-2019\">Rezultate admitere la licen\u021b\u0103 iulie 2019 - Extensiunea B\u0103l\u021bi<\/a><\/li>\n\n\n<\/ul>\n\n--><\/p>\n<ul>\n<li><a href=\"http:\/\/www.phys.uaic.ro\/wp\/admitere\/iulie-2019\/protectie-date-personale-admitere.pdf\">Not\u0103 de informare privind protec\u0163ia datelor cu caracter personal<\/a> <img decoding=\"async\" style=\"vertical-align: top; width: 20px; height: 20px;\" src=\"http:\/\/www.phys.uaic.ro\/wp\/imagini\/pdf-icon.png\" alt=\"pdf\" \/><\/li>\n<\/ul>\n","protected":false},"excerpt":{"rendered":"<p>Metodologie privind organizarea \u015fi desf\u0103\u015furarea admiterii \u00een ciclul de studii universitare de licen\u0163\u0103 pentru anul universitar 2019\/2020 Organizarea admiterii la licen\u021b\u0103 iulie 2019 Rezultate admitere la licen\u021b\u0103 iulie 2019 Rezultate admitere la licen\u021b\u0103 dup\u0103 confirmarea locurilor iulie 2019 Not\u0103 de informare privind protec\u0163ia datelor cu caracter personal<\/p>\n","protected":false},"author":3,"featured_media":0,"parent":115,"menu_order":0,"comment_status":"closed","ping_status":"closed","template":"","meta":{"footnotes":""},"class_list":["post-6718","page","type-page","status-publish","hentry"],"_links":{"self":[{"href":"https:\/\/www.phys.uaic.ro\/old\/index.php\/wp-json\/wp\/v2\/pages\/6718","targetHints":{"allow":["GET"]}}],"collection":[{"href":"https:\/\/www.phys.uaic.ro\/old\/index.php\/wp-json\/wp\/v2\/pages"}],"about":[{"href":"https:\/\/www.phys.uaic.ro\/old\/index.php\/wp-json\/wp\/v2\/types\/page"}],"author":[{"embeddable":true,"href":"https:\/\/www.phys.uaic.ro\/old\/index.php\/wp-json\/wp\/v2\/users\/3"}],"replies":[{"embeddable":true,"href":"https:\/\/www.phys.uaic.ro\/old\/index.php\/wp-json\/wp\/v2\/comments?post=6718"}],"version-history":[{"count":0,"href":"https:\/\/www.phys.uaic.ro\/old\/index.php\/wp-json\/wp\/v2\/pages\/6718\/revisions"}],"up":[{"embeddable":true,"href":"https:\/\/www.phys.uaic.ro\/old\/index.php\/wp-json\/wp\/v2\/pages\/115"}],"wp:attachment":[{"href":"https:\/\/www.phys.uaic.ro\/old\/index.php\/wp-json\/wp\/v2\/media?parent=6718"}],"curies":[{"name":"wp","href":"https:\/\/api.w.org\/{rel}","templated":true}]}}