{"id":6752,"date":"2019-06-03T20:28:33","date_gmt":"2019-06-03T20:28:33","guid":{"rendered":"http:\/\/www.phys.uaic.ro\/?page_id=6752"},"modified":"2019-07-25T07:35:01","modified_gmt":"2019-07-25T07:35:01","slug":"rezultate-admitere-master-iulie-2019","status":"publish","type":"page","link":"https:\/\/www.phys.uaic.ro\/old\/index.php\/admitere\/admitere-master\/admitere-master-iulie-2019\/rezultate-admitere-master-iulie-2019\/","title":{"rendered":"Rezultate admitere la master iulie 2019"},"content":{"rendered":"<ul>\n<li><a href=\"http:\/\/www.phys.uaic.ro\/wp\/admitere\/iulie-2019\/lista-candidati-admisi-buget-master-iulie-2019.pdf\">Lista candida\u021bilor admi\u0219i, cu finan\u021bare de la buget &#8211; ordona\u021bi dup\u0103 media general\u0103, descresc\u0103tor<\/a> <img decoding=\"async\" style=\"vertical-align: top; width: 20px; height: 20px;\" src=\"http:\/\/www.phys.uaic.ro\/wp\/imagini\/pdf-icon.png\" alt=\"pdf\" \/><\/li>\n<\/ul>\n<ul>\n<li><a href=\"http:\/\/www.phys.uaic.ro\/wp\/admitere\/iulie-2019\/lista-candidati-admisi-taxe-master-iulie-2019.pdf\">Lista candida\u021bilor admi\u0219i, cu finan\u021bare din taxe &#8211; ordona\u021bi dup\u0103 media general\u0103, descresc\u0103tor<\/a> <img decoding=\"async\" style=\"vertical-align: top; width: 20px; height: 20px;\" src=\"http:\/\/www.phys.uaic.ro\/wp\/imagini\/pdf-icon.png\" alt=\"pdf\" \/><\/li>\n<\/ul>\n<ul>\n<li><a href=\"http:\/\/www.phys.uaic.ro\/wp\/admitere\/iulie-2019\/lista-candidati-admisi-buget-master-balti-iulie-2019.pdf\">Lista candida\u021bilor admi\u0219i, cu finan\u021bare de la buget &#8211; specializarea Fizic\u0103 aplicat\u0103 \u00een tehnologiile informa\u021biei \u0219i comunica\u021bii &#8211; master &#8211; extensiunea B\u0103l\u021bi<\/a> <img decoding=\"async\" style=\"vertical-align: top; width: 20px; height: 20px;\" src=\"http:\/\/www.phys.uaic.ro\/wp\/imagini\/pdf-icon.png\" alt=\"pdf\" \/><\/li>\n<\/ul>\n<p id=\"confirmare-master\">Candida\u0163ii declara\u0163i <b>admi\u015fi<\/b> vor trebui \u00een perioada <b>24-31 iulie 2019 (doar \u00een zilele lucr\u0103toare)<\/b>, \u00eentre orele <b>9-15<\/b>:<\/p>\n<ul>\n<li><b>s\u0103 semneze contractul de studii;<\/b><\/li>\n<li><b>s\u0103 achite taxa de \u00eenmatriculare de 50 RON<\/b> (cei admi\u015fi la buget);<\/li>\n<li><b>s\u0103 achite o prim\u0103 parte a taxei \u015fcolarizare de 500 lei<\/b> (cei admi\u0219i pe locurile cu tax\u0103);<\/li>\n<li><b>s\u0103 completeze dosarul cu actele \u00een original<\/b> (diploma de bacalaureat, adeverin\u0163a\/diploma de licen\u0163\u0103 \u015fi foaia matricol\u0103\/suplimentul la diplom\u0103).<\/li>\n<\/ul>\n<p>\u00cen caz contrar se pierde calitatea de student, iar locul r\u0103mas liber va fi ocupat, \u00een ordine descresc\u0103toare a mediilor la admitere, de un alt candidat sau va fi scos din nou la concurs \u00een perioada <b>9-12 septembrie 2019<\/b>.<\/p>\n","protected":false},"excerpt":{"rendered":"<p>Lista candida\u021bilor admi\u0219i, cu finan\u021bare de la buget &#8211; ordona\u021bi dup\u0103 media general\u0103, descresc\u0103tor Lista candida\u021bilor admi\u0219i, cu finan\u021bare din taxe &#8211; ordona\u021bi dup\u0103 media general\u0103, descresc\u0103tor Lista candida\u021bilor admi\u0219i, cu finan\u021bare de la buget &#8211; specializarea Fizic\u0103 aplicat\u0103 \u00een tehnologiile informa\u021biei \u0219i comunica\u021bii &#8211; master &#8211; extensiunea B\u0103l\u021bi Candida\u0163ii declara\u0163i admi\u015fi vor trebui \u00een perioada 24-31 iulie\u2026 <span class=\"read-more\"><a href=\"https:\/\/www.phys.uaic.ro\/old\/index.php\/admitere\/admitere-master\/admitere-master-iulie-2019\/rezultate-admitere-master-iulie-2019\/\">Read More &raquo;<\/a><\/span><\/p>\n","protected":false},"author":3,"featured_media":0,"parent":6748,"menu_order":0,"comment_status":"closed","ping_status":"closed","template":"","meta":{"footnotes":""},"class_list":["post-6752","page","type-page","status-publish","hentry"],"_links":{"self":[{"href":"https:\/\/www.phys.uaic.ro\/old\/index.php\/wp-json\/wp\/v2\/pages\/6752","targetHints":{"allow":["GET"]}}],"collection":[{"href":"https:\/\/www.phys.uaic.ro\/old\/index.php\/wp-json\/wp\/v2\/pages"}],"about":[{"href":"https:\/\/www.phys.uaic.ro\/old\/index.php\/wp-json\/wp\/v2\/types\/page"}],"author":[{"embeddable":true,"href":"https:\/\/www.phys.uaic.ro\/old\/index.php\/wp-json\/wp\/v2\/users\/3"}],"replies":[{"embeddable":true,"href":"https:\/\/www.phys.uaic.ro\/old\/index.php\/wp-json\/wp\/v2\/comments?post=6752"}],"version-history":[{"count":0,"href":"https:\/\/www.phys.uaic.ro\/old\/index.php\/wp-json\/wp\/v2\/pages\/6752\/revisions"}],"up":[{"embeddable":true,"href":"https:\/\/www.phys.uaic.ro\/old\/index.php\/wp-json\/wp\/v2\/pages\/6748"}],"wp:attachment":[{"href":"https:\/\/www.phys.uaic.ro\/old\/index.php\/wp-json\/wp\/v2\/media?parent=6752"}],"curies":[{"name":"wp","href":"https:\/\/api.w.org\/{rel}","templated":true}]}}