{"id":6769,"date":"2019-06-03T21:16:01","date_gmt":"2019-06-03T21:16:01","guid":{"rendered":"http:\/\/www.phys.uaic.ro\/?page_id=6769"},"modified":"2019-07-15T12:36:25","modified_gmt":"2019-07-15T12:36:25","slug":"admiterea-on-line-master-iulie-2019","status":"publish","type":"page","link":"https:\/\/www.phys.uaic.ro\/old\/index.php\/admitere\/admitere-master\/admitere-master-iulie-2019\/organizare-admitere-master-iulie-2019\/admiterea-on-line-master-iulie-2019\/","title":{"rendered":"Admiterea on-line la master iulie 2019"},"content":{"rendered":"<p>Deschide\u0163i pagina <a href=\"http:\/\/inscriere.uaic.ro\/SitePages\/Home.aspx\">http:\/\/inscriere.uaic.ro\/SitePages\/Home.aspx<\/a> de pe site-ul universit\u0103\u021bii \u015fi urma\u0163i instruc\u0163iunile de admitere \u00eensemn\u00e2nd achitarea taxei de admitere, scanarea (fotocopierea) actelor necesare si trimiterea lor \u00een contul creat. Informa\u0163ii suplimentare pute\u0163i primi la <span style=\"color: blue;\">Admitere.Fizica.Uaic@gmail.com<\/span>.<\/p>\n","protected":false},"excerpt":{"rendered":"<p>Deschide\u0163i pagina http:\/\/inscriere.uaic.ro\/SitePages\/Home.aspx de pe site-ul universit\u0103\u021bii \u015fi urma\u0163i instruc\u0163iunile de admitere \u00eensemn\u00e2nd achitarea taxei de admitere, scanarea (fotocopierea) actelor necesare si trimiterea lor \u00een contul creat. Informa\u0163ii suplimentare pute\u0163i primi la Admitere.Fizica.Uaic@gmail.com.<\/p>\n","protected":false},"author":3,"featured_media":0,"parent":6750,"menu_order":0,"comment_status":"closed","ping_status":"closed","template":"","meta":{"footnotes":""},"class_list":["post-6769","page","type-page","status-publish","hentry"],"_links":{"self":[{"href":"https:\/\/www.phys.uaic.ro\/old\/index.php\/wp-json\/wp\/v2\/pages\/6769","targetHints":{"allow":["GET"]}}],"collection":[{"href":"https:\/\/www.phys.uaic.ro\/old\/index.php\/wp-json\/wp\/v2\/pages"}],"about":[{"href":"https:\/\/www.phys.uaic.ro\/old\/index.php\/wp-json\/wp\/v2\/types\/page"}],"author":[{"embeddable":true,"href":"https:\/\/www.phys.uaic.ro\/old\/index.php\/wp-json\/wp\/v2\/users\/3"}],"replies":[{"embeddable":true,"href":"https:\/\/www.phys.uaic.ro\/old\/index.php\/wp-json\/wp\/v2\/comments?post=6769"}],"version-history":[{"count":0,"href":"https:\/\/www.phys.uaic.ro\/old\/index.php\/wp-json\/wp\/v2\/pages\/6769\/revisions"}],"up":[{"embeddable":true,"href":"https:\/\/www.phys.uaic.ro\/old\/index.php\/wp-json\/wp\/v2\/pages\/6750"}],"wp:attachment":[{"href":"https:\/\/www.phys.uaic.ro\/old\/index.php\/wp-json\/wp\/v2\/media?parent=6769"}],"curies":[{"name":"wp","href":"https:\/\/api.w.org\/{rel}","templated":true}]}}