{"id":7012,"date":"2019-07-08T08:07:05","date_gmt":"2019-07-08T08:07:05","guid":{"rendered":"http:\/\/www.phys.uaic.ro\/?page_id=7012"},"modified":"2023-03-06T12:31:34","modified_gmt":"2023-03-06T10:31:34","slug":"silviu-octavian-gurlui-admitere","status":"publish","type":"page","link":"https:\/\/www.phys.uaic.ro\/old\/index.php\/scoala-doctorala\/conducatori-doctorat\/silviu-octavian-gurlui-admitere\/","title":{"rendered":"Prof. Dr. habil. Silviu Octavian GURLUI \u2013 admitere doctorat"},"content":{"rendered":"<p><b>Tematica admiterii la doctorat:<\/b><\/p>\n<ol>\n<li>Laseri pulsa\u021bi \u0219i \u00een und\u0103 continu\u0103. Caracteristici generale. Aplica\u021bii.<\/li>\n<li>Metode de diagnoz\u0103 a plasmei tranzitorie laser.<\/li>\n<li>Spectroscopia optic\u0103 de emisie indus\u0103 laser. Aplica\u021bii.<\/li>\n<li>Metode optice active \u0219i pasive de caracterizare a aerosolului atmosferic.<\/li>\n<li>Abla\u021bia laser. Caracteristici generale. Aplica\u021bii.<\/li>\n<\/ol>\n<p><b>Bibliografie<\/b><\/p>\n<ol>\n<li>K. Wasa, M. Kitabatake, H. Adachi,\u00a0<i>Thin film materials technology<\/i>, Springer, 2004<\/li>\n<li>M. A. Elia\u0219evici,\u00a0<i>Spectroscopia atomic\u0103 \u0219i molecular\u0103<\/i>, Ed. Academiei, Bucure\u0219ti, 1966<\/li>\n<li>I. I. Popescu, D. Ciubotaru,\u00a0<i>Bazele fizicii plasmei<\/i>, Ed. Tehnic\u0103, Bucure\u0219ti, 1987<\/li>\n<li>M. Venugopalan,\u00a0<i>Reactions under Plasma Condition<\/i>, New York, 1971<\/li>\n<li><i>Laser Ablation Mechanisms and Applications<\/i>, Editors: Miller, John C., Haglund, Richard F., Jr. (Eds.), Springer, Proceedings of a Workshop Held in Oak Ridge, Tennessee, USA 8\u201310 April 1991, DOI: 10.1007\/BFB0048346<\/li>\n<li><i>Laser Ablation From Fundamentals to Applications<\/i>, Edited by Tatiana Itina, INTECHOPEN, DOI: 10.5772\/67961<\/li>\n<li><i>Lidar Range-Resolved Optical Remote Sensing of the Atmosphere<\/i>, Editors: Weitkamp, Claus (Ed.), Springer Series in Optical Sciences book series (SSOS, volume 102), DOI: 10.1007\/B106786<\/li>\n<li><i>Pulsed Laser Ablation: Advances and Applications in Nanoparticles and Nanostructuring Thin Films<\/i>, Edited by Ion N. Mihailescu, Anna Paola Caricato, Jenny Stanford Publishing, 2018<\/li>\n<li>A. Cocean, I. Cocean, MM Cazacu, G. Bulai, F. Iacomi, S. Gurlui, <i>Atmosphere self-cleaning under humidity conditions and influence of the snowflakes and artificial light interaction for water dissociation simulated by the means of COMSOL<\/i>, Applied Surface Science Volume: 443 Pages: 83-90 (2018)<\/li>\n<li>C. Ursu, S. Gurlui, C. Focsa, G. Popa, <i>Space- and time-resolved optical diagnosis for the study of laser ablation plasma dynamics<\/i>, Nuclear Instruments and Methods in Physics Research, Section B: Beam Interactions with Materials and Atoms, 267 (2), pp. 446-450 (2009)<\/li>\n<li>R. W. Schrittwieser, C. Ionita, C. T. Teodorescu-Soare, O. Vasilovici, S. Gurlui, S. A. Irimiciuc and D. G. Dimitriu, <i>Spectral and electrical diagnosis of complex space-charge structures excited by a spherical grid cathode with orifice<\/i>, Phys. Scr. 92 044001 (2017)<\/li>\n<li>S. Gurlui, M. Agop, P. Nica, M. Ziskind, C. Focsa, <i>Experimental and Theoretical Investigations of a Laser Produced Aluminum Plasma<\/i>, Phys. Rev. E, 78, 026405 (2008).<\/li>\n<\/ol>\n","protected":false},"excerpt":{"rendered":"<p>Tematica admiterii la doctorat: Laseri pulsa\u021bi \u0219i \u00een und\u0103 continu\u0103. Caracteristici generale. Aplica\u021bii. Metode de diagnoz\u0103 a plasmei tranzitorie laser. Spectroscopia optic\u0103 de emisie indus\u0103 laser. Aplica\u021bii. Metode optice active \u0219i pasive de caracterizare a aerosolului atmosferic. Abla\u021bia laser. Caracteristici generale. Aplica\u021bii. Bibliografie K. Wasa, M. Kitabatake, H. Adachi,\u00a0Thin film materials technology, Springer, 2004 M. A. Elia\u0219evici,\u00a0Spectroscopia atomic\u0103\u2026 <span class=\"read-more\"><a href=\"https:\/\/www.phys.uaic.ro\/old\/index.php\/scoala-doctorala\/conducatori-doctorat\/silviu-octavian-gurlui-admitere\/\">Read More &raquo;<\/a><\/span><\/p>\n","protected":false},"author":3,"featured_media":0,"parent":150,"menu_order":0,"comment_status":"closed","ping_status":"closed","template":"","meta":{"footnotes":""},"class_list":["post-7012","page","type-page","status-publish","hentry"],"_links":{"self":[{"href":"https:\/\/www.phys.uaic.ro\/old\/index.php\/wp-json\/wp\/v2\/pages\/7012","targetHints":{"allow":["GET"]}}],"collection":[{"href":"https:\/\/www.phys.uaic.ro\/old\/index.php\/wp-json\/wp\/v2\/pages"}],"about":[{"href":"https:\/\/www.phys.uaic.ro\/old\/index.php\/wp-json\/wp\/v2\/types\/page"}],"author":[{"embeddable":true,"href":"https:\/\/www.phys.uaic.ro\/old\/index.php\/wp-json\/wp\/v2\/users\/3"}],"replies":[{"embeddable":true,"href":"https:\/\/www.phys.uaic.ro\/old\/index.php\/wp-json\/wp\/v2\/comments?post=7012"}],"version-history":[{"count":0,"href":"https:\/\/www.phys.uaic.ro\/old\/index.php\/wp-json\/wp\/v2\/pages\/7012\/revisions"}],"up":[{"embeddable":true,"href":"https:\/\/www.phys.uaic.ro\/old\/index.php\/wp-json\/wp\/v2\/pages\/150"}],"wp:attachment":[{"href":"https:\/\/www.phys.uaic.ro\/old\/index.php\/wp-json\/wp\/v2\/media?parent=7012"}],"curies":[{"name":"wp","href":"https:\/\/api.w.org\/{rel}","templated":true}]}}