{"id":7231,"date":"2019-08-28T08:56:32","date_gmt":"2019-08-28T08:56:32","guid":{"rendered":"http:\/\/www.phys.uaic.ro\/?page_id=7231"},"modified":"2019-08-28T08:56:32","modified_gmt":"2019-08-28T08:56:32","slug":"acte-licenta-septembrie-2019","status":"publish","type":"page","link":"https:\/\/www.phys.uaic.ro\/old\/index.php\/admitere\/admitere-licenta\/admitere-licenta-septembrie-2019\/organizare-admitere-licenta-septembrie-2019\/acte-licenta-septembrie-2019\/","title":{"rendered":"Actele necesare la licen\u021b\u0103 septembrie 2019"},"content":{"rendered":"<ul>\n<li><b>Fi\u015fa de \u00eenscriere<\/b><\/li>\n<li><b>Diploma de bacalaureat<\/b> ob\u0163inut\u0103 \u00een Rom\u00e2nia, \u00een original, sau ATESTAT de echivalare emis de C.N.R.E.D. Candida\u0163ii care au promovat examenul de bacalaureat \u00een <b>2019<\/b> pot prezenta \u00een locul diplomei de bacalaureat <b>adeverin\u0163a eliberat\u0103 de liceu<\/b>, \u00een care se men\u0163ioneaz\u0103 media general\u0103 de la bacalaureat, notele disciplinelor de bacalaureat<\/li>\n<li>\u00cen cazul \u00een care candidatul nu este la prima facultate la care se \u00eenscrie atunci trebuie o adeverin\u021b\u0103 de la facultatea unde sunt depuse actele \u00een original<\/li>\n<li><i>Original<\/i>* + <i>Copie simpl\u0103 a c\u0103r\u0163ii de identitate (care atest\u0103 domiciliul \u00een Rom\u00e2nia)<\/i><\/li>\n<li><i>Original<\/i>* + <i>Copie simpl\u0103 a certificatului de na\u015ftere<\/i><\/li>\n<li><i>Original<\/i>* + <i>Copie simpl\u0103 a certificatului de c\u0103s\u0103torie sau a documentului care atest\u0103 schimbarea numelui (dac\u0103 este cazul)<\/i><\/li>\n<li><i>Adeverin\u0163\u0103 medical\u0103 tip (eliberat\u0103 \u00een ultimele 6 luni, care s\u0103 men\u0163ioneze starea de s\u0103n\u0103tate a candidatului (este\/nu este \u00een eviden\u0163\u0103 cu boli cronice, \u015fi care sunt acestea, dac\u0103 este cazul)<\/i><\/li>\n<li><i>2 fotografii<\/i> tip carte de identitate<\/li>\n<li><i>Adeverin\u0163\u0103<\/i> din care s\u0103 rezulte calitatea de student cu men\u0163ionarea num\u0103rului de semestre \u00een care s-a beneficiat de finan\u0163are de la buget \u015fi de burs\u0103 (dac\u0103 este cazul pentru studen\u021bii care urmeaz\u0103 o a doua specializare)<\/li>\n<li><b>Dosar plic<\/b><\/li>\n<\/ul>\n<p>(*) Se restituie candidatului dup\u0103 certificarea documentului \u00een copie de c\u0103tre membrii comisiei.<\/p>\n<p>\u00centruc\u00e2t candida\u021bii au dreptul de a se prezenta concomitent la doua sau mai multe domenii, \u00een vederea admiterii \u00een \u00eenv\u0103\u021b\u0103m\u00e2ntul superior, dosarul cu actele in original se depune la prima op\u021biune. Inscrierea pentru celelalte domenii se face pe baza documentelor mai sus men\u021bionate, prezentate \u00een copieconform cu originalul la care se adaug\u0103 o adeverin\u021b\u0103 de \u00eenscriere de la facultatea unde s-a depus dosarul cu actele originale.<\/p>\n","protected":false},"excerpt":{"rendered":"<p>Fi\u015fa de \u00eenscriere Diploma de bacalaureat ob\u0163inut\u0103 \u00een Rom\u00e2nia, \u00een original, sau ATESTAT de echivalare emis de C.N.R.E.D. Candida\u0163ii care au promovat examenul de bacalaureat \u00een 2019 pot prezenta \u00een locul diplomei de bacalaureat adeverin\u0163a eliberat\u0103 de liceu, \u00een care se men\u0163ioneaz\u0103 media general\u0103 de la bacalaureat, notele disciplinelor de bacalaureat \u00cen cazul \u00een care candidatul nu este\u2026 <span class=\"read-more\"><a href=\"https:\/\/www.phys.uaic.ro\/old\/index.php\/admitere\/admitere-licenta\/admitere-licenta-septembrie-2019\/organizare-admitere-licenta-septembrie-2019\/acte-licenta-septembrie-2019\/\">Read More &raquo;<\/a><\/span><\/p>\n","protected":false},"author":3,"featured_media":0,"parent":7226,"menu_order":0,"comment_status":"closed","ping_status":"closed","template":"","meta":{"footnotes":""},"class_list":["post-7231","page","type-page","status-publish","hentry"],"_links":{"self":[{"href":"https:\/\/www.phys.uaic.ro\/old\/index.php\/wp-json\/wp\/v2\/pages\/7231","targetHints":{"allow":["GET"]}}],"collection":[{"href":"https:\/\/www.phys.uaic.ro\/old\/index.php\/wp-json\/wp\/v2\/pages"}],"about":[{"href":"https:\/\/www.phys.uaic.ro\/old\/index.php\/wp-json\/wp\/v2\/types\/page"}],"author":[{"embeddable":true,"href":"https:\/\/www.phys.uaic.ro\/old\/index.php\/wp-json\/wp\/v2\/users\/3"}],"replies":[{"embeddable":true,"href":"https:\/\/www.phys.uaic.ro\/old\/index.php\/wp-json\/wp\/v2\/comments?post=7231"}],"version-history":[{"count":0,"href":"https:\/\/www.phys.uaic.ro\/old\/index.php\/wp-json\/wp\/v2\/pages\/7231\/revisions"}],"up":[{"embeddable":true,"href":"https:\/\/www.phys.uaic.ro\/old\/index.php\/wp-json\/wp\/v2\/pages\/7226"}],"wp:attachment":[{"href":"https:\/\/www.phys.uaic.ro\/old\/index.php\/wp-json\/wp\/v2\/media?parent=7231"}],"curies":[{"name":"wp","href":"https:\/\/api.w.org\/{rel}","templated":true}]}}