{"id":7262,"date":"2019-08-28T19:36:08","date_gmt":"2019-08-28T19:36:08","guid":{"rendered":"http:\/\/www.phys.uaic.ro\/?page_id=7262"},"modified":"2019-09-09T06:21:48","modified_gmt":"2019-09-09T06:21:48","slug":"conditii-admitere-taxe-master-septembrie-2019","status":"publish","type":"page","link":"https:\/\/www.phys.uaic.ro\/old\/index.php\/admitere\/admitere-master\/admitere-master-septembrie-2019\/organizare-admitere-master-septembrie-2019\/conditii-admitere-taxe-master-septembrie-2019\/","title":{"rendered":"Condi\u021bii de admitere \u0219i taxe la master septembrie 2019"},"content":{"rendered":"<ul>\n<li><b>Condi\u0163iile de admitere<\/b>\n<ul style=\"list-style-type: none;\">\n<li>Pentru programele cu predare \u00een limba englez\u0103\n<ul>\n<li>Media de admitere:\n<ul style=\"list-style-type: none;\">\n<li>60% <b>Media examenului de licen\u0163\u0103<\/b>;<\/li>\n<li>40% <b>Nota la interviu<\/b>, \u00een limba de predare a programului.<\/li>\n<p>Criteriile de departajare pentru candidatii cu aceeasi medie: media anilor de studii\n      <\/ul>\n<\/li>\n<\/ul>\n<\/li>\n<li>Pentru programele cu predare \u00een limba rom\u00e2n\u0103\n<ul>\n<li>Media de admitere:\n<ul style=\"list-style-type: none;\">\n<li>60% <b>Media examenului de licen\u0163\u0103<\/b>;<\/li>\n<li>40% <b>Nota la prezentarea CV \u015fi a scrisorii de inten\u0163ie \/ motiva\u0163ie<\/b>.<\/li>\n<p>Criteriile de departajare pentru candidatii cu aceeasi medie: media anilor de studii\n      <\/ul>\n<\/li>\n<\/ul>\n<\/li>\n<\/ul>\n<\/li>\n<\/ul>\n<ul>\n<li><b>Tax\u0103 de \u00eenscriere<\/b>\n<ul>\n<li>150 lei \/ domeniu<br \/>&nbsp;<br \/>\nPlata taxei se face la BRD. Trebuie specificate urm\u0103toarele informa\u021bii:<\/p>\n<ul>\n<li>Cod IBAN: RO68 BRDE 240 SV 895 344 524 00;<\/li>\n<li>Cod tax\u0103 \u0219colarizare: 28 (Tax\u0103 admitere);<\/li>\n<li>Cod form\u0103 \u00eenv\u0103t\u0103m\u00e2nt: 03 (Master zi);<\/li>\n<li>Cod Facultatea de Fizic\u0103: 2407.<\/li>\n<\/ul>\n<p>&nbsp;<br \/>\n<a href=\"http:\/\/www.phys.uaic.ro\/wp\/admitere\/plata-taxa-\u00eenscriere.pdf\">Informa\u021bii despre plata taxei de \u00eenscriere<\/a> <img decoding=\"async\" style=\"vertical-align: top;width:20px;height:20px;\" src=\"http:\/\/www.phys.uaic.ro\/wp\/imagini\/pdf-icon.png\" alt=\"pdf\" \/>\n<\/li>\n<\/ul>\n<\/li>\n<\/ul>\n<ul>\n<li><b>Tax\u0103 de \u015fcolarizare<\/b> pentru anul I, an universitar 2019 \u2013 2020:\n<ul>\n<li>3.000 lei<\/li>\n<\/ul>\n<\/li>\n<\/ul>\n","protected":false},"excerpt":{"rendered":"<p>Condi\u0163iile de admitere Pentru programele cu predare \u00een limba englez\u0103 Media de admitere: 60% Media examenului de licen\u0163\u0103; 40% Nota la interviu, \u00een limba de predare a programului. Criteriile de departajare pentru candidatii cu aceeasi medie: media anilor de studii Pentru programele cu predare \u00een limba rom\u00e2n\u0103 Media de admitere: 60% Media examenului de licen\u0163\u0103; 40% Nota la\u2026 <span class=\"read-more\"><a href=\"https:\/\/www.phys.uaic.ro\/old\/index.php\/admitere\/admitere-master\/admitere-master-septembrie-2019\/organizare-admitere-master-septembrie-2019\/conditii-admitere-taxe-master-septembrie-2019\/\">Read More &raquo;<\/a><\/span><\/p>\n","protected":false},"author":3,"featured_media":0,"parent":7256,"menu_order":0,"comment_status":"closed","ping_status":"closed","template":"","meta":{"footnotes":""},"class_list":["post-7262","page","type-page","status-publish","hentry"],"_links":{"self":[{"href":"https:\/\/www.phys.uaic.ro\/old\/index.php\/wp-json\/wp\/v2\/pages\/7262","targetHints":{"allow":["GET"]}}],"collection":[{"href":"https:\/\/www.phys.uaic.ro\/old\/index.php\/wp-json\/wp\/v2\/pages"}],"about":[{"href":"https:\/\/www.phys.uaic.ro\/old\/index.php\/wp-json\/wp\/v2\/types\/page"}],"author":[{"embeddable":true,"href":"https:\/\/www.phys.uaic.ro\/old\/index.php\/wp-json\/wp\/v2\/users\/3"}],"replies":[{"embeddable":true,"href":"https:\/\/www.phys.uaic.ro\/old\/index.php\/wp-json\/wp\/v2\/comments?post=7262"}],"version-history":[{"count":0,"href":"https:\/\/www.phys.uaic.ro\/old\/index.php\/wp-json\/wp\/v2\/pages\/7262\/revisions"}],"up":[{"embeddable":true,"href":"https:\/\/www.phys.uaic.ro\/old\/index.php\/wp-json\/wp\/v2\/pages\/7256"}],"wp:attachment":[{"href":"https:\/\/www.phys.uaic.ro\/old\/index.php\/wp-json\/wp\/v2\/media?parent=7262"}],"curies":[{"name":"wp","href":"https:\/\/api.w.org\/{rel}","templated":true}]}}