{"id":7278,"date":"2019-08-29T09:07:08","date_gmt":"2019-08-29T09:07:08","guid":{"rendered":"http:\/\/www.phys.uaic.ro\/?page_id=7278"},"modified":"2019-08-29T10:32:20","modified_gmt":"2019-08-29T10:32:20","slug":"numar-locuri-licenta-septembrie-2019","status":"publish","type":"page","link":"https:\/\/www.phys.uaic.ro\/old\/index.php\/admitere\/admitere-licenta\/admitere-licenta-septembrie-2019\/organizare-admitere-licenta-septembrie-2019\/numar-locuri-licenta-septembrie-2019\/","title":{"rendered":"Num\u0103rul de locuri la licen\u021b\u0103 septembrie 2019"},"content":{"rendered":"<p>&nbsp;<\/p>\n<table style=\"border: 1px solid black; color: black; font-size: 12px;\">\n<tr>\n<td style=\"border: 1px solid black;\" rowspan=\"2\">Specializarea<\/td>\n<td style=\"border: 1px solid black; text-align: center;\" colspan=\"3\">B<\/td>\n<td style=\"border: 1px solid black; text-align: center;\" rowspan=\"2\">TX<\/td>\n<\/tr>\n<tr>\n<td style=\"border: 1px solid black; text-align: center;\">r.s.<\/td>\n<td style=\"border: 1px solid black; text-align: center;\">d.p.<\/td>\n<td style=\"border: 1px solid black; text-align: center;\">c.d.<\/td>\n<\/tr>\n<tr>\n<td style=\"border: 1px solid black;\">Fizic\u0103<\/td>\n<td style=\"border: 1px solid black; text-align: center; font-size: 14px;\">0<\/td>\n<td style=\"border: 1px solid black; text-align: center; font-size: 14px;\">0<\/td>\n<td style=\"border: 1px solid black; text-align: center; font-size: 14px;\">0<\/td>\n<td style=\"border: 1px solid black; text-align: center; font-size: 14px;\">7<\/td>\n<\/tr>\n<tr>\n<td style=\"border: 1px solid black;\">Fizic\u0103 informatic\u0103<\/td>\n<td style=\"border: 1px solid black; text-align: center; font-size: 14px;\">0<\/td>\n<td style=\"border: 1px solid black; text-align: center; font-size: 14px;\">2<\/td>\n<td style=\"border: 1px solid black; text-align: center; font-size: 14px;\">0<\/td>\n<td style=\"border: 1px solid black; text-align: center; font-size: 14px;\">8<\/td>\n<\/tr>\n<tr>\n<td style=\"border: 1px solid black;\">Biofizic\u0103<\/td>\n<td style=\"border: 1px solid black; text-align: center; font-size: 14px;\">0<\/td>\n<td style=\"border: 1px solid black; text-align: center; font-size: 14px;\">0<\/td>\n<td style=\"border: 1px solid black; text-align: center; font-size: 14px;\">0<\/td>\n<td style=\"border: 1px solid black; text-align: center; font-size: 14px;\">7<\/td>\n<\/tr>\n<tr>\n<td style=\"border: 1px solid black;\">Fizic\u0103 medical\u0103<\/td>\n<td style=\"border: 1px solid black; text-align: center; font-size: 14px;\">0<\/td>\n<td style=\"border: 1px solid black; text-align: center; font-size: 14px;\">0<\/td>\n<td style=\"border: 1px solid black; text-align: center; font-size: 14px;\">0<\/td>\n<td style=\"border: 1px solid black; text-align: center; font-size: 14px;\">7<\/td>\n<\/tr>\n<tr>\n<td style=\"border: 1px solid black;\">Fizic\u0103 tehnologic\u0103 (Ia\u0219i)<\/td>\n<td style=\"border: 1px solid black; text-align: center; font-size: 14px;\">0<\/td>\n<td style=\"border: 1px solid black; text-align: center; font-size: 14px;\">2<\/td>\n<td style=\"border: 1px solid black; text-align: center; font-size: 14px;\">0<\/td>\n<td style=\"border: 1px solid black; text-align: center; font-size: 14px;\">5<\/td>\n<\/tr>\n<tr>\n<td style=\"border: 1px solid black;\">Total<\/td>\n<td style=\"border: 1px solid black; text-align: center;\" colspan=\"3\">4<\/td>\n<td style=\"border: 1px solid black; text-align: center;\">34<\/td>\n<\/tr>\n<\/table>\n<p>Legend\u0103:<\/p>\n<ul style=\"list-style-type: none;\">\n<li>r. s. = locuri repartizate statistic<\/li>\n<li>d. p. =  domenii prioritare de dezvoltare a Rom\u00e2niei<\/li>\n<li>c. d. = formarea de cadre didactice<\/li>\n<li>B = buget<\/li>\n<li>TX = tax\u0103<\/li>\n<\/ul>\n","protected":false},"excerpt":{"rendered":"<p>&nbsp; Specializarea B TX r.s. d.p. c.d. Fizic\u0103 0 0 0 7 Fizic\u0103 informatic\u0103 0 2 0 8 Biofizic\u0103 0 0 0 7 Fizic\u0103 medical\u0103 0 0 0 7 Fizic\u0103 tehnologic\u0103 (Ia\u0219i) 0 2 0 5 Total 4 34 Legend\u0103: r. s. = locuri repartizate statistic d. p. = domenii prioritare de dezvoltare a Rom\u00e2niei c. d. =\u2026 <span class=\"read-more\"><a href=\"https:\/\/www.phys.uaic.ro\/old\/index.php\/admitere\/admitere-licenta\/admitere-licenta-septembrie-2019\/organizare-admitere-licenta-septembrie-2019\/numar-locuri-licenta-septembrie-2019\/\">Read More &raquo;<\/a><\/span><\/p>\n","protected":false},"author":3,"featured_media":0,"parent":7226,"menu_order":0,"comment_status":"closed","ping_status":"closed","template":"","meta":{"footnotes":""},"class_list":["post-7278","page","type-page","status-publish","hentry"],"_links":{"self":[{"href":"https:\/\/www.phys.uaic.ro\/old\/index.php\/wp-json\/wp\/v2\/pages\/7278","targetHints":{"allow":["GET"]}}],"collection":[{"href":"https:\/\/www.phys.uaic.ro\/old\/index.php\/wp-json\/wp\/v2\/pages"}],"about":[{"href":"https:\/\/www.phys.uaic.ro\/old\/index.php\/wp-json\/wp\/v2\/types\/page"}],"author":[{"embeddable":true,"href":"https:\/\/www.phys.uaic.ro\/old\/index.php\/wp-json\/wp\/v2\/users\/3"}],"replies":[{"embeddable":true,"href":"https:\/\/www.phys.uaic.ro\/old\/index.php\/wp-json\/wp\/v2\/comments?post=7278"}],"version-history":[{"count":0,"href":"https:\/\/www.phys.uaic.ro\/old\/index.php\/wp-json\/wp\/v2\/pages\/7278\/revisions"}],"up":[{"embeddable":true,"href":"https:\/\/www.phys.uaic.ro\/old\/index.php\/wp-json\/wp\/v2\/pages\/7226"}],"wp:attachment":[{"href":"https:\/\/www.phys.uaic.ro\/old\/index.php\/wp-json\/wp\/v2\/media?parent=7278"}],"curies":[{"name":"wp","href":"https:\/\/api.w.org\/{rel}","templated":true}]}}