{"id":7307,"date":"2019-08-29T10:47:13","date_gmt":"2019-08-29T10:47:13","guid":{"rendered":"http:\/\/www.phys.uaic.ro\/?page_id=7307"},"modified":"2019-08-29T11:48:03","modified_gmt":"2019-08-29T11:48:03","slug":"numar-locuri-master-septembrie-2019","status":"publish","type":"page","link":"https:\/\/www.phys.uaic.ro\/old\/index.php\/admitere\/admitere-master\/admitere-master-septembrie-2019\/organizare-admitere-master-septembrie-2019\/numar-locuri-master-septembrie-2019\/","title":{"rendered":"Num\u0103rul de locuri la master septembrie 2019"},"content":{"rendered":"<p>&nbsp;<\/p>\n<table style=\"border: 1px solid black; color: black; font-size: 12px;\">\n<tr>\n<td style=\"border: 1px solid black;\" rowspan=\"3\">Domeniul de master<\/td>\n<td style=\"border: 1px solid black;\" rowspan=\"3\">Programul de studii universitare de master<\/td>\n<td style=\"border: 1px solid black;\" rowspan=\"3\">Limba de predare<\/td>\n<td style=\"border: 1px solid black; text-align: center;\" colspan=\"3\">RO<\/td>\n<td style=\"border: 1px solid black; text-align: center;\" colspan=\"3\">RP<\/td>\n<\/tr>\n<tr>\n<td style=\"border: 1px solid black; text-align: center;\" colspan=\"2\">B<\/td>\n<td style=\"border: 1px solid black; text-align: center;\" rowspan=\"2\">TX<\/td>\n<td style=\"border: 1px solid black; text-align: center;\" rowspan=\"2\">BB<\/td>\n<td style=\"border: 1px solid black; text-align: center;\" rowspan=\"2\">BFB<\/td>\n<td style=\"border: 1px solid black; text-align: center;\" rowspan=\"2\">TX<\/td>\n<\/tr>\n<tr>\n<td style=\"border: 1px solid black; text-align: center;\">r.s.<\/td>\n<td style=\"border: 1px solid black; text-align: center;\">d.p.<\/td>\n<\/tr>\n<tr>\n<td style=\"border: 1px solid black;\" rowspan=\"5\">Fizic\u0103<\/td>\n<td style=\"border: 1px solid black;\">Fizic\u0103 pentru tehnologii avansate \/ Physics for advanced technologies<\/td>\n<td style=\"border: 1px solid black; text-align: center; font-size: 14px;\">englez\u0103<\/td>\n<td style=\"border: 1px solid black; text-align: center; font-size: 14px;\">7<\/td>\n<td style=\"border: 1px solid black; text-align: center; font-size: 14px;\">2<\/td>\n<td style=\"border: 1px solid black; text-align: center; font-size: 14px;\" rowspan=\"5\">&nbsp;<br \/>&nbsp;<br \/>&nbsp;<br \/>&nbsp;<br \/>&nbsp;<br \/>&nbsp;<br \/>23<\/td>\n<td style=\"border: 1px solid black; text-align: center; font-size: 14px;\">0<\/td>\n<td style=\"border: 1px solid black; text-align: center; font-size: 14px;\">0<\/td>\n<td style=\"border: 1px solid black; text-align: center; font-size: 14px;\">0<\/td>\n<\/tr>\n<tr>\n<td style=\"border: 1px solid black;\">Biofizic\u0103 \u015fi fizic\u0103 medical\u0103 \/ Biophysics and medical physics<\/td>\n<td style=\"border: 1px solid black; text-align: center; font-size: 14px;\">englez\u0103<\/td>\n<td style=\"border: 1px solid black; text-align: center; font-size: 14px;\">8<\/td>\n<td style=\"border: 1px solid black; text-align: center; font-size: 14px;\">2<\/td>\n<td style=\"border: 1px solid black; text-align: center; font-size: 14px;\">0<\/td>\n<td style=\"border: 1px solid black; text-align: center; font-size: 14px;\">0<\/td>\n<td style=\"border: 1px solid black; text-align: center; font-size: 14px;\">0<\/td>\n<\/tr>\n<tr>\n<td style=\"border: 1px solid black;\">Metode fizice aplicate \u00een kintetoterapie \u015fi recuperare medical\u0103<\/td>\n<td style=\"border: 1px solid black; text-align: center; font-size: 14px;\">rom\u00e2n\u0103<\/td>\n<td style=\"border: 1px solid black; text-align: center; font-size: 14px;\">0<\/td>\n<td style=\"border: 1px solid black; text-align: center; font-size: 14px;\">0<\/td>\n<td style=\"border: 1px solid black; text-align: center; font-size: 14px;\">1<\/td>\n<td style=\"border: 1px solid black; text-align: center; font-size: 14px;\">4<\/td>\n<td style=\"border: 1px solid black; text-align: center; font-size: 14px;\">5<\/td>\n<\/tr>\n<tr>\n<td style=\"border: 1px solid black;\">Optic\u0103 \u015fi optometrie<\/td>\n<td style=\"border: 1px solid black; text-align: center; font-size: 14px;\">rom\u00e2n\u0103<\/td>\n<td style=\"border: 1px solid black; text-align: center; font-size: 14px;\">0<\/td>\n<td style=\"border: 1px solid black; text-align: center; font-size: 14px;\">0<\/td>\n<td style=\"border: 1px solid black; text-align: center; font-size: 14px;\">0<\/td>\n<td style=\"border: 1px solid black; text-align: center; font-size: 14px;\">5<\/td>\n<td style=\"border: 1px solid black; text-align: center; font-size: 14px;\">5<\/td>\n<\/tr>\n<tr>\n<td style=\"border: 1px solid black;\">\u015etiin\u0163e<\/td>\n<td style=\"border: 1px solid black; text-align: center; font-size: 14px;\">rom\u00e2n\u0103<\/td>\n<td style=\"border: 1px solid black; text-align: center; font-size: 14px;\">4<\/td>\n<td style=\"border: 1px solid black; text-align: center; font-size: 14px;\">0<\/td>\n<td style=\"border: 1px solid black; text-align: center; font-size: 14px;\">0<\/td>\n<td style=\"border: 1px solid black; text-align: center; font-size: 14px;\">0<\/td>\n<td style=\"border: 1px solid black; text-align: center; font-size: 14px;\">0<\/td>\n<\/tr>\n<\/table>\n<p>Legend\u0103:<\/p>\n<ul style=\"list-style-type: none;\">\n<li>r. s. = locuri repartizate statistic<\/li>\n<li>d. p. =  domenii prioritare de dezvoltare a Rom\u00e2niei<\/li>\n<li>B = buget<\/li>\n<li>TX = tax\u0103<\/li>\n<li>BB = buget cu burs\u0103<\/li>\n<li>BFB = buget f\u0103r\u0103 burs\u0103<\/li>\n<li>RO = candida\u021bi rom\u00e2ni, din uniunea european\u0103, confedera\u021bia elve\u021bian\u0103 \u0219i spa\u021biul economic european<\/li>\n<li>RP = rom\u00e2ni de pretutindeni<\/li>\n<\/ul>\n","protected":false},"excerpt":{"rendered":"<p>&nbsp; Domeniul de master Programul de studii universitare de master Limba de predare RO RP B TX BB BFB TX r.s. d.p. Fizic\u0103 Fizic\u0103 pentru tehnologii avansate \/ Physics for advanced technologies englez\u0103 7 2 &nbsp;&nbsp;&nbsp;&nbsp;&nbsp;&nbsp;23 0 0 0 Biofizic\u0103 \u015fi fizic\u0103 medical\u0103 \/ Biophysics and medical physics englez\u0103 8 2 0 0 0 Metode fizice aplicate \u00een\u2026 <span class=\"read-more\"><a href=\"https:\/\/www.phys.uaic.ro\/old\/index.php\/admitere\/admitere-master\/admitere-master-septembrie-2019\/organizare-admitere-master-septembrie-2019\/numar-locuri-master-septembrie-2019\/\">Read More &raquo;<\/a><\/span><\/p>\n","protected":false},"author":3,"featured_media":0,"parent":7256,"menu_order":0,"comment_status":"closed","ping_status":"closed","template":"","meta":{"footnotes":""},"class_list":["post-7307","page","type-page","status-publish","hentry"],"_links":{"self":[{"href":"https:\/\/www.phys.uaic.ro\/old\/index.php\/wp-json\/wp\/v2\/pages\/7307","targetHints":{"allow":["GET"]}}],"collection":[{"href":"https:\/\/www.phys.uaic.ro\/old\/index.php\/wp-json\/wp\/v2\/pages"}],"about":[{"href":"https:\/\/www.phys.uaic.ro\/old\/index.php\/wp-json\/wp\/v2\/types\/page"}],"author":[{"embeddable":true,"href":"https:\/\/www.phys.uaic.ro\/old\/index.php\/wp-json\/wp\/v2\/users\/3"}],"replies":[{"embeddable":true,"href":"https:\/\/www.phys.uaic.ro\/old\/index.php\/wp-json\/wp\/v2\/comments?post=7307"}],"version-history":[{"count":0,"href":"https:\/\/www.phys.uaic.ro\/old\/index.php\/wp-json\/wp\/v2\/pages\/7307\/revisions"}],"up":[{"embeddable":true,"href":"https:\/\/www.phys.uaic.ro\/old\/index.php\/wp-json\/wp\/v2\/pages\/7256"}],"wp:attachment":[{"href":"https:\/\/www.phys.uaic.ro\/old\/index.php\/wp-json\/wp\/v2\/media?parent=7307"}],"curies":[{"name":"wp","href":"https:\/\/api.w.org\/{rel}","templated":true}]}}