{"id":733,"date":"2018-02-17T23:23:24","date_gmt":"2018-02-17T23:23:24","guid":{"rendered":"http:\/\/www.phys.uaic.ro\/?page_id=733"},"modified":"2024-11-26T11:29:42","modified_gmt":"2024-11-26T09:29:42","slug":"ce-carpath","status":"publish","type":"page","link":"https:\/\/www.phys.uaic.ro\/old\/index.php\/cercetare\/centre-grupuri-cercetare\/ce-carpath\/","title":{"rendered":"Centrul de excelen\u021b\u0103 CARPATH &#8211; Centrul de cercet\u0103ri aplicate \u00een fizic\u0103 \u0219i tehnologii avansate"},"content":{"rendered":"<p><b>Coordonator<\/b><\/p>\n<ul>\n<li><a href=\"alexandru-stancu\">Prof. Dr. Alexandru STANCU<\/a> (conducator doctorat)<\/li>\n<\/ul>\n<p><b>Membri permanen\u021bi<\/b><\/p>\n<ul>\n<li><a href=\"liliana-mitoseriu\">Prof. Dr. Liliana MITO\u0218ERIU<\/a> (conducator doctorat)<\/li>\n<li><a href=\"laurentiu-stoleriu\">Prof. Dr. habil. Lauren\u021biu STOLERIU<\/a> (conducator doctorat)<\/li>\n<li><a href=\"dorin-cimpoesu\">Conf. Dr. Dorin CIMPOE\u0218U<\/a><\/li>\n<li><a href=\"radu-andrei-tanasa\">Lect. Dr. Radu Andrei TANAS\u0102<\/a><\/li>\n<li><a href=\"petronel-postolache\">Lect. Dr. Petronel POSTOLACHE<\/a><\/li>\n<li><a href=\"iordana-astefanoaei\">Lect. Dr. Iordana A\u0218TEF\u0102NOAEI<\/a><\/li>\n<li><a href=\"ioan-dumitru\">Conf. Dr. Ioan DUMITRU<\/a><\/li>\n<li><a href=\"lavinia-petronela-curecheriu\">Lect. Dr. Lavinia Petronela CURECHERIU<\/a><\/li>\n<li>C.S. Dr. Cristina Elena CIOMAGA<\/li>\n<li><a href=\"leontin-padurariu\">Asist. Drd. Leontin P\u0102DURARIU<\/a><\/li>\n<\/ul>\n<p><b>Membri nepermanen\u021bi<\/b><\/p>\n<ul>\n<li>Dr. Mirela AIRIMIOAEI (postdoc)<\/li>\n<li>Dr. Alexandru A\u021aI\u021aOAIE (postdoc)<\/li>\n<li>Dr. Georgiana BULAI (postdoc)<\/li>\n<li>Dr. Ovidiu CHI\u0218CAN (postdoc)<\/li>\n<li>Dr. Vasilica GAFTON (postdoc)<\/li>\n<li>Dr. Irina URSACHI (postdoc)<\/li>\n<li>Dr. Nadejda HORCHIDAN (postdoc)<\/li>\n<li>Dr. Florica M\u0102\u021a\u0102U (postdoc)<\/li>\n<li><a href=\"valentin-nica\">Asist. Dr. Valentin NICA<\/a> (postdoc)<\/li>\n<li>Dr. Mariana PAVEL (postdoc)<\/li>\n<li>Dr. Roxana ST\u0102NCULESCU (postdoc)<\/li>\n<li>Drd. Ioana CHIUCHI<\/li>\n<li>Drd. Andrei DOMOCO\u0218<\/li>\n<li>Drd. Alexandra MAFTEI<\/li>\n<li>Drd. Cipriana P\u0102DURARIU<\/li>\n<li>Drd. Ina TURCAN<\/li>\n<li>Drd. Flavian ZACRE\u021aCHI<\/li>\n<\/ul>\n<p><b>Membru onorific<\/b><\/p>\n<ul>\n<li><a href=\"violeta-georgescu\">Prof. Dr. Violeta GEORGESCU<\/a> (conducator doctorat)<\/li>\n<\/ul>\n<p>Pagina web: <a href=\"http:\/\/stoner.phys.uaic.ro\">http:\/\/stoner.phys.uaic.ro<\/a><\/p>\n","protected":false},"excerpt":{"rendered":"<p>Coordonator Prof. Dr. Alexandru STANCU (conducator doctorat) Membri permanen\u021bi Prof. Dr. Liliana MITO\u0218ERIU (conducator doctorat) Prof. Dr. habil. Lauren\u021biu STOLERIU (conducator doctorat) Conf. Dr. Dorin CIMPOE\u0218U Lect. Dr. Radu Andrei TANAS\u0102 Lect. Dr. Petronel POSTOLACHE Lect. Dr. Iordana A\u0218TEF\u0102NOAEI Conf. Dr. Ioan DUMITRU Lect. Dr. Lavinia Petronela CURECHERIU C.S. Dr. Cristina Elena CIOMAGA Asist. Drd. Leontin P\u0102DURARIU Membri\u2026 <span class=\"read-more\"><a href=\"https:\/\/www.phys.uaic.ro\/old\/index.php\/cercetare\/centre-grupuri-cercetare\/ce-carpath\/\">Read More &raquo;<\/a><\/span><\/p>\n","protected":false},"author":3,"featured_media":0,"parent":136,"menu_order":0,"comment_status":"closed","ping_status":"closed","template":"","meta":{"footnotes":""},"class_list":["post-733","page","type-page","status-publish","hentry"],"_links":{"self":[{"href":"https:\/\/www.phys.uaic.ro\/old\/index.php\/wp-json\/wp\/v2\/pages\/733","targetHints":{"allow":["GET"]}}],"collection":[{"href":"https:\/\/www.phys.uaic.ro\/old\/index.php\/wp-json\/wp\/v2\/pages"}],"about":[{"href":"https:\/\/www.phys.uaic.ro\/old\/index.php\/wp-json\/wp\/v2\/types\/page"}],"author":[{"embeddable":true,"href":"https:\/\/www.phys.uaic.ro\/old\/index.php\/wp-json\/wp\/v2\/users\/3"}],"replies":[{"embeddable":true,"href":"https:\/\/www.phys.uaic.ro\/old\/index.php\/wp-json\/wp\/v2\/comments?post=733"}],"version-history":[{"count":0,"href":"https:\/\/www.phys.uaic.ro\/old\/index.php\/wp-json\/wp\/v2\/pages\/733\/revisions"}],"up":[{"embeddable":true,"href":"https:\/\/www.phys.uaic.ro\/old\/index.php\/wp-json\/wp\/v2\/pages\/136"}],"wp:attachment":[{"href":"https:\/\/www.phys.uaic.ro\/old\/index.php\/wp-json\/wp\/v2\/media?parent=733"}],"curies":[{"name":"wp","href":"https:\/\/api.w.org\/{rel}","templated":true}]}}