{"id":7379,"date":"2019-09-13T18:24:55","date_gmt":"2019-09-13T18:24:55","guid":{"rendered":"http:\/\/www.phys.uaic.ro\/?page_id=7379"},"modified":"2025-09-30T14:43:49","modified_gmt":"2025-09-30T11:43:49","slug":"reinmatriculari-repetari-intreruperi-studii-exmatriculari","status":"publish","type":"page","link":"https:\/\/www.phys.uaic.ro\/old\/index.php\/studenti\/reinmatriculari-repetari-intreruperi-studii-exmatriculari\/","title":{"rendered":"Exmatricul\u0103ri\/Re\u00eenmatricul\u0103ri"},"content":{"rendered":"<div class=\"colorbox\" style=\"background-color: #e6e6e6;\">\n<p>\u00cen aten\u0163ia studentilor exmatricula\u0163i:<\/p>\n<p>P\u00een\u0103 vineri, <strong>5 octombrie 2025, ora 12<\/strong>, se mai pot depune <strong>cereri de re\u00eenmatriculare<\/strong> la secretariatul Facult\u0103\u0163ii.<\/p>\n<\/div>\n<p>&nbsp;<\/p>\n<p>S-a emis <span style=\"color: #3366ff;\">Decizia de exmatriculare nr. 362\/17.09.2025<\/span> a studentilor de la <strong>master<\/strong> cu numerele matricole alaturate, cu aprobarea Rectorului Universit\u0103\u0163ii \u201cAlexandru Ioan Cuza\u201d din Ia\u015fi, pentru retragere de la studii.<\/p>\n<p>S-a emis<span style=\"color: #3366ff;\"> Decizia de exmatriculare nr. 361\/17.09.2025<\/span> a studentilor de la <strong>master<\/strong> cu numerele matricole alaturate, cu aprobarea Rectorului Universit\u0103\u0163ii \u201cAlexandru Ioan Cuza\u201d din Ia\u015fi, pentru discipline nepromovate in anii de scolarizare parcursi, \u00eensum\u00e2nd mai mult de 30 de credite.<\/p>\n<p>S-a emis <span style=\"color: #3366ff;\">Decizia de exmatriculare nr. 360\/17.09.2025<\/span> a studentilor de la <strong>master<\/strong> cu numerele matricole alaturate, cu aprobarea Rectorului Universit\u0103\u0163ii \u201cAlexandru Ioan Cuza\u201d din Ia\u015fi, pentru nepromovarea, la sf\u00e2r\u015fitul ultimului an de studii, a cel pu\u0163in o disciplin\u0103 din anii de \u015fcolarizare parcur\u015fi.<\/p>\n<p>S-a emis <span style=\"color: #3366ff;\">Decizia de exmatriculare nr. 359\/17.09.2025<\/span> a studentilor de la <strong>licen\u021b\u0103, <\/strong>anul I, cu numerele matricole al\u0103turate, pentru retragere de la studii.<\/p>\n<p>S-a emis <span style=\"color: #3366ff;\">Decizia de exmatriculare nr. 358\/17.09.2025<\/span> a studentilor de la <strong>licen\u021b\u0103<\/strong> cu numerele matricole al\u0103turate, pentru nepromovarea, la sf\u00e2r\u015fitul ultimului an de studii, a cel pu\u0163in o disciplin\u0103 din anii de \u015fcolarizare parcur\u015fi.<\/p>\n<p>S-a emis <span style=\"color: #3366ff;\">Decizia de exmatriculare nr. 357\/17.09.2025<\/span> a studentilor de la <strong>licen\u021b\u0103, <\/strong>anul II, cu numerele matricole al\u0103turate, pentru retragere de la studii.<\/p>\n<p>S-a emis <span style=\"color: #3366ff;\">Decizia de exmatriculare nr. 356\/17.09.2025<\/span> a studentilor de la <strong>licen\u021b\u0103<\/strong> cu numerele matricole al\u0103turate, pentru discipline nepromovate in anii de scolarizare parcursi, \u00eensum\u00e2nd mai mult de 30 de credite.<\/p>\n<p>S-a emis <span style=\"color: #3366ff;\">Decizia de exmatriculare nr. 354\/17.09.2025<\/span> a studentei 31070102SL090209 pentru nepromovarea, la sf\u00e2r\u015fitul ultimului an de studii, a cel pu\u0163in o disciplin\u0103 din anii de \u015fcolarizare parcur\u015fi.<\/p>\n<div class=\"colorbox\" style=\"background-color: #e6e6e6;\">S-a emis <span style=\"color: #3366ff;\">Decizia de exmatriculare num\u0103rul 62\/06.02.2025<\/span> a studentei cu num\u0103rul matricol 310710201RSL241021, cu aprobarea Rectorului Universit\u0103\u0163ii \u201cAlexandru Ioan Cuza\u201d din Ia\u015fi, \u00een baza Legii \u00cenv\u0103\u021b\u0103m\u00e2ntului Superior nr.199\/2023 \u015fi a Regulamentului privind activitatea profesional\u0103 a studen\u0163ilor,\u00a0 ciclul de studii universitare de licen\u0163\u0103.<\/div>\n<div class=\"colorbox\" style=\"background-color: #e6e6e6;\">\n<p>S-a emis <span style=\"color: #0000ff;\">Decizia de exmatriculare num\u0103rul 43\/27.01.2025<\/span> a studentilor de la master cu numerele matricole alaturate, cu aprobarea Rectorului Universit\u0103\u0163ii \u201cAlexandru Ioan Cuza\u201d din Ia\u015fi, \u00een baza Legii \u00cenv\u0103\u021b\u0103m\u00e2ntului Superior nr. 199\/2023 \u015fi a Regulamentului privind activitatea profesional\u0103 a studen\u0163ilor, ciclul de studii universitare de master.<\/p>\n<p>S-a emis <span style=\"color: #3366ff;\">Decizia de exmatriculare num\u0103rul 44\/27.01.2025<\/span> a studentei cu num\u0103rul matricol 310710102010SM221007, cu aprobarea Rectorului Universit\u0103\u0163ii \u201cAlexandru Ioan Cuza\u201d din Ia\u015fi, \u00een baza Legii \u00cenv\u0103\u021b\u0103m\u00e2ntului Superior nr. 199\/2023 \u015fi a Regulamentului privind activitatea profesional\u0103 a studen\u0163ilor, ciclul de studii universitare de master.<\/p>\n<p>S-a emis <span style=\"color: #3366ff;\">Decizia de exmatriculare num\u0103rul 45\/27.01.2025<\/span> a studentei cu num\u0103rul matricol 310710102007SM241021, cu aprobarea Rectorului Universit\u0103\u0163ii \u201cAlexandru Ioan Cuza\u201d din Ia\u015fi, \u00een baza Legii \u00cenv\u0103\u021b\u0103m\u00e2ntului Superior nr. 199\/2023 \u015fi a Regulamentului privind activitatea profesional\u0103 a studen\u0163ilor, ciclul de studii universitare de master.<\/p>\n<p>S-a emis <span style=\"color: #0000ff;\">Decizia de exmatriculare num\u0103rul 46\/27.01.2025<\/span> a studentilor de la master cu numerele matricole alaturate, cu aprobarea Rectorului Universit\u0103\u0163ii \u201cAlexandru Ioan Cuza\u201d din Ia\u015fi, \u00een baza Legii \u00cenv\u0103\u021b\u0103m\u00e2ntului Superior nr. 199\/2023 \u015fi a Regulamentului privind activitatea profesional\u0103 a studen\u0163ilor, ciclul de studii universitare de master.<\/p>\n<\/div>\n<div><\/div>\n<div class=\"colorbox\" style=\"background-color: #e6e6e6;\">\n<p>S-a emis<span style=\"color: #3366ff;\"> Decizia de exmatriculare num\u0103rul 125\/04.03.2022<\/span> a studentului cu num\u0103rul matricol 310710201RSL191004, cu aprobarea Rectorului Universit\u0103\u0163ii \u201cAlexandru Ioan Cuza\u201d din Ia\u015fi, \u00een baza Legii 1\/2011 \u015fi a Regulamentului privind activitatea profesional\u0103 a studen\u0163ilor din ciclul de studii universitare de licen\u0163\u0103.<\/p>\n<p>S-a emis <span style=\"color: #3366ff;\">Decizia de exmatriculare num\u0103rul 124\/04.03.2022<\/span> a studentei cu num\u0103rul matricol 310710201RSL211039, cu aprobarea Rectorului Universit\u0103\u0163ii \u201cAlexandru Ioan Cuza\u201d din Ia\u015fi, \u00een baza Legii 1\/2011 \u015fi a Regulamentului privind activitatea profesional\u0103 a studen\u0163ilor din ciclul de studii universitare de licen\u0163\u0103.<\/p>\n<p>S-a emis <span style=\"color: #3366ff;\">Decizia de exmatriculare num\u0103rul 123\/04.03.2022<\/span> a studentului cu num\u0103rul matricol 310710102007SM201011, cu aprobarea Rectorului Universit\u0103\u0163ii \u201cAlexandru Ioan Cuza\u201d din Ia\u015fi, \u00een baza Legii 1\/2011 \u015fi a Regulamentului privind activitatea profesional\u0103 a studen\u0163ilor din ciclul de studii universitare de master.<\/p>\n<p>Data afisarii: 14.03.2022<\/p>\n<\/div>\n<p>&nbsp;<\/p>\n<p><!-- ++++++++++++++++++++++++++++++++++++++++++++++++++++++++++++++++++++++++++++++++++++ --><\/p>\n<div class=\"colorbox\" style=\"background-color: #e6e6e6;\">\n<p>S-a emis <span style=\"color: #0000ff;\">Decizia de exmatriculare num\u0103rul 537\/17.12.2021<\/span> a studentilor de la <strong>licen\u021b\u0103<\/strong> cu numerele matricole al\u0103turate, cu aprobarea Rectorului Universit\u0103\u0163ii \u201cAlexandru Ioan Cuza\u201d din Ia\u015fi, \u00een baza Legii 1\/2011 \u015fi a Regulamentului privind activitatea profesional\u0103 a studen\u0163ilor din ciclul de studii universitare de licen\u021b\u0103.<\/p>\n<p>S-a emis<span style=\"color: #3366ff;\"> Decizia de exmatriculare num\u0103rul 536\/17.12.2021<\/span> a studentului de la <strong>licen\u021b\u0103<\/strong> cu num\u0103rul matricol 310710201RSL211029, cu aprobarea Rectorului Universit\u0103\u0163ii \u201cAlexandru Ioan Cuza\u201d din Ia\u015fi, \u00een baza Legii 1\/2011 \u015fi a Regulamentului privind activitatea profesional\u0103 a studen\u0163ilor din ciclul de studii universitare de licen\u021b\u0103.<\/p>\n<p>Data afisarii: 21.12.2021<\/p>\n<\/div>\n<p>&nbsp;<\/p>\n<p><!-- ++++++++++++++++++++++++++++++++++++++++++++++++++++++++++++++++++++++++++++++++++++ --><\/p>\n<div class=\"colorbox\" style=\"background-color: #e6e6e6;\">\n<p>S-a emis Decizia de exmatriculare num\u0103rul 326\/28.09.2021\u00a0 a studentului de la <strong>licen\u021b\u0103<\/strong> cu num\u0103rul matricol 310710201RSL181012, cu aprobarea Rectorului Universit\u0103\u0163ii \u201cAlexandru Ioan Cuza\u201d din Ia\u015fi, \u00een baza Legii 1\/2011 \u015fi a Regulamentului privind activitatea profesional\u0103 a studen\u0163ilor din ciclul de studii universitare de licen\u021b\u0103.<\/p>\n<p>Data afisarii: 08.10.2021<\/p>\n<\/div>\n<p><!-- ++++++++++++++++++++++++++++++++++++++++++++++++++++++++++++++++++++++++++++++++++++ --><\/p>\n<div class=\"colorbox\" style=\"background-color: #e6e6e6;\">\n<p>S-a emis<span style=\"color: #0000ff;\"> Decizia de exmatriculare num\u0103rul 355\/21.09.2021<\/span> a studentilor de la <strong>master<\/strong> cu numerele matricole al\u0103turate, cu aprobarea Rectorului Universit\u0103\u0163ii \u201cAlexandru Ioan Cuza\u201d din Ia\u015fi, \u00een baza Legii 1\/2011 \u015fi a Regulamentului privind activitatea profesional\u0103 a studen\u0163ilor din ciclul de studii universitare de masterat.<\/p>\n<p>S-a emis <span style=\"color: #0000ff;\">Decizia de exmatriculare num\u0103rul 354\/21.09.2021<\/span> a studentilor de la <strong>master<\/strong> cu numerele matricole al\u0103turate, cu aprobarea Rectorului Universit\u0103\u0163ii \u201cAlexandru Ioan Cuza\u201d din Ia\u015fi, \u00een baza Legii 1\/2011 \u015fi a Regulamentului privind activitatea profesional\u0103 a studen\u0163ilor din ciclul de studii universitare de masterat.<\/p>\n<p>S-a emis <span style=\"color: #0000ff;\">Decizia de exmatriculare num\u0103rul 353\/21.09.2021<\/span> a studentilor de la <strong>master<\/strong> cu numerele matricole al\u0103turate, cu aprobarea Rectorului Universit\u0103\u0163ii \u201cAlexandru Ioan Cuza\u201d din Ia\u015fi, \u00een baza Legii 1\/2011 \u015fi a Regulamentului privind activitatea profesional\u0103 a studen\u0163ilor din ciclul de studii universitare de masterat.<\/p>\n<p>S-a emis <span style=\"color: #0000ff;\">Decizia de exmatriculare num\u0103rul 352\/21.09.2021<\/span> a studentilor de la <strong>master<\/strong> cu numerele matricole al\u0103turate, cu aprobarea Rectorului Universit\u0103\u0163ii \u201cAlexandru Ioan Cuza\u201d din Ia\u015fi, \u00een baza Legii 1\/2011 \u015fi a Regulamentului privind activitatea profesional\u0103 a studen\u0163ilor din ciclul de studii universitare de masterat.<\/p>\n<p>S-a emis <span style=\"color: #0000ff;\">Decizia de exmatriculare num\u0103rul 295\/21.09.2021<\/span> a studentilor de la <strong>licen\u021b\u0103<\/strong> cu numerele matricole al\u0103turate, cu aprobarea Rectorului Universit\u0103\u0163ii \u201cAlexandru Ioan Cuza\u201d din Ia\u015fi, \u00een baza Legii 1\/2011 \u015fi a Regulamentului privind activitatea profesional\u0103 a studen\u0163ilor din ciclul de studii universitare de licen\u021b\u0103.<\/p>\n<p>S-a emis <span style=\"color: #0000ff;\">Decizia de exmatriculare num\u0103rul 294\/21.09.2021<\/span> a studentilor de la <strong>licen\u021b\u0103<\/strong> cu numerele matricole al\u0103turate, cu aprobarea Rectorului Universit\u0103\u0163ii \u201cAlexandru Ioan Cuza\u201d din Ia\u015fi, \u00een baza Legii 1\/2011 \u015fi a Regulamentului privind activitatea profesional\u0103 a studen\u0163ilor din ciclul de studii universitare de licen\u021b\u0103.<\/p>\n<p>S-a emis <span style=\"color: #0000ff;\">Decizia de exmatriculare num\u0103rul 293\/21.09.2021<\/span> a studentilor de la <strong>licen\u021b\u0103<\/strong> cu numerele matricole al\u0103turate, cu aprobarea Rectorului Universit\u0103\u0163ii \u201cAlexandru Ioan Cuza\u201d din Ia\u015fi, \u00een baza Legii 1\/2011 \u015fi a Regulamentului privind activitatea profesional\u0103 a studen\u0163ilor din ciclul de studii universitare de licen\u021b\u0103.<\/p>\n<p>S-a emis <span style=\"color: #0000ff;\">Decizia de exmatriculare num\u0103rul 292\/21.09.2021<\/span> a studentilor de la <strong>licen\u021b\u0103<\/strong> cu numerele matricole al\u0103turate, cu aprobarea Rectorului Universit\u0103\u0163ii \u201cAlexandru Ioan Cuza\u201d din Ia\u015fi, \u00een baza Legii 1\/2011 \u015fi a Regulamentului privind activitatea profesional\u0103 a studen\u0163ilor din ciclul de studii universitare de licen\u021b\u0103.<\/p>\n<p>Data afisarii: 30.09.2021<\/p>\n<\/div>\n<p>&nbsp;<\/p>\n<p><!-- ++++++++++++++++++++++++++++++++++++++++++++++++++++++++++++++++++++++++++++++++++++ --><\/p>\n<div class=\"colorbox\" style=\"background-color: #e6e6e6;\">\n<p>S-a emis <span style=\"color: #0000ff;\">Decizia de exmatriculare num\u0103rul 96\/24.02.2021<\/span> a studentilor de la <strong>licen\u021b\u0103<\/strong> cu numerele matricole al\u0103turate, cu aprobarea Rectorului Universit\u0103\u0163ii \u201cAlexandru Ioan Cuza\u201d din Ia\u015fi, \u00een baza Legii 1\/2011 \u015fi a Regulamentului privind activitatea profesional\u0103 a studen\u0163ilor din ciclul de studii universitare de licen\u021b\u0103.<\/p>\n<p>Data afisarii: 05.03.2021<\/p>\n<\/div>\n<p>&nbsp;<\/p>\n<p><!-- ++++++++++++++++++++++++++++++++++++++++++++++++++++++++++++++++++++++++++++++++++++ --><\/p>\n<div class=\"colorbox\" style=\"background-color: #e6e6e6;\">\n<p>S-a emis Decizia de exmatriculare num\u0103rul 38\/21.01.2021\u00a0 a studentului de la <strong>master <\/strong>cu num\u0103rul matricol 310710102001SM201002, cu aprobarea Rectorului Universit\u0103\u0163ii \u201cAlexandru Ioan Cuza\u201d din Ia\u015fi, \u00een baza Legii 1\/2011 \u015fi a Regulamentului privind activitatea profesional\u0103 a studen\u0163ilor din ciclul de studii universitare de masterat.<\/p>\n<p>S-a emis <span style=\"color: #0000ff;\">Decizia de exmatriculare num\u0103rul 37\/21.01.2021<\/span> a studentilor de la <strong>licen\u021b\u0103<\/strong> cu numerele matricole al\u0103turate, cu aprobarea Rectorului Universit\u0103\u0163ii \u201cAlexandru Ioan Cuza\u201d din Ia\u015fi, \u00een baza Legii 1\/2011 \u015fi a Regulamentului privind activitatea profesional\u0103 a studen\u0163ilor din ciclul de studii universitare de licen\u021b\u0103.<\/p>\n<p>Data afisarii: 29.01.2021<\/p>\n<\/div>\n<p>&nbsp;<\/p>\n<p><!-- ++++++++++++++++++++++++++++++++++++++++++++++++++++++++++++++++++++++++++++++++++++ --><\/p>\n<div class=\"colorbox\" style=\"background-color: #e6e6e6;\">\n<p>S-a emis <span style=\"color: #0000ff;\">Decizia de exmatriculare num\u0103rul 336\/06.10.2020<\/span> a studentilor de la <strong>master<\/strong> cu numerele matricole al\u0103turate, cu aprobarea Rectorului Universit\u0103\u0163ii \u201cAlexandru Ioan Cuza\u201d din Ia\u015fi, \u00een baza Legii 1\/2011 \u015fi a Regulamentului privind activitatea profesional\u0103 a studen\u0163ilor din ciclul de studii universitare de masterat.<\/p>\n<p>S-a emis <span style=\"color: #0000ff;\">Decizia de exmatriculare num\u0103rul 335\/06.10.2020<\/span> a studentilor de la <strong>master<\/strong> cu numerele matricole al\u0103turate, cu aprobarea Rectorului Universit\u0103\u0163ii \u201cAlexandru Ioan Cuza\u201d din Ia\u015fi, \u00een baza Legii 1\/2011 \u015fi a Regulamentului privind activitatea profesional\u0103 a studen\u0163ilor din ciclul de studii universitare de masterat.<\/p>\n<p>S-a emis <span style=\"color: #0000ff;\">Decizia de exmatriculare num\u0103rul 334\/06.10.2020<\/span> a studentilor de la <strong>master<\/strong> cu numerele matricole al\u0103turate, cu aprobarea Rectorului Universit\u0103\u0163ii \u201cAlexandru Ioan Cuza\u201d din Ia\u015fi, \u00een baza Legii 1\/2011 \u015fi a Regulamentului privind activitatea profesional\u0103 a studen\u0163ilor din ciclul de studii universitare de masterat.<\/p>\n<p>S-a emis <span style=\"color: #0000ff;\">Decizia de exmatriculare num\u0103rul 333\/06.10.2020<\/span> a studentilor de la <strong>master<\/strong> cu numerele matricole al\u0103turate, cu aprobarea Rectorului Universit\u0103\u0163ii \u201cAlexandru Ioan Cuza\u201d din Ia\u015fi, \u00een baza Legii 1\/2011 \u015fi a Regulamentului privind activitatea profesional\u0103 a studen\u0163ilor din ciclul de studii universitare de masterat.<\/p>\n<p>S-a emis <span style=\"color: #0000ff;\">Decizia de exmatriculare num\u0103rul 243\/06.10.2020<\/span> a studentilor de la <strong>licen\u021b\u0103<\/strong> cu numerele matricole al\u0103turate, cu aprobarea Rectorului Universit\u0103\u0163ii \u201cAlexandru Ioan Cuza\u201d din Ia\u015fi, \u00een baza Legii 1\/2011 \u015fi a Regulamentului privind activitatea profesional\u0103 a studen\u0163ilor din ciclul de studii universitare de licen\u0163\u0103.<\/p>\n<p>S-a emis <span style=\"color: #0000ff;\">Decizia de exmatriculare num\u0103rul 242\/06.10.2020<\/span> a studentilor de la <strong>licen\u021b\u0103<\/strong> cu numerele matricole al\u0103turate, cu aprobarea Rectorului Universit\u0103\u0163ii \u201cAlexandru Ioan Cuza\u201d din Ia\u015fi, \u00een baza Legii 1\/2011 \u015fi a Regulamentului privind activitatea profesional\u0103 a studen\u0163ilor din ciclul de studii universitare de licen\u0163\u0103.<\/p>\n<p>S-a emis<span style=\"color: #0000ff;\"> Decizia de exmatriculare num\u0103rul 241\/06.10.2020<\/span> a studentilor de la <strong>licen\u021b\u0103<\/strong> cu numerele matricole al\u0103turate, cu aprobarea Rectorului Universit\u0103\u0163ii \u201cAlexandru Ioan Cuza\u201d din Ia\u015fi, \u00een baza Legii 1\/2011 \u015fi a Regulamentului privind activitatea profesional\u0103 a studen\u0163ilor din ciclul de studii universitare de licen\u0163\u0103.<\/p>\n<p>S-a emis <span style=\"color: #0000ff;\">Decizia de exmatriculare num\u0103rul 240\/06.10.2020<\/span> a studentilor de la <strong>licen\u021b\u0103<\/strong> cu numerele matricole al\u0103turate, cu aprobarea Rectorului Universit\u0103\u0163ii \u201cAlexandru Ioan Cuza\u201d din Ia\u015fi, \u00een baza Legii 1\/2011 \u015fi a Regulamentului privind activitatea profesional\u0103 a studen\u0163ilor din ciclul de studii universitare de licen\u0163\u0103.<\/p>\n<p>S-a emis <span style=\"color: #0000ff;\">Decizia de exmatriculare num\u0103rul 239\/06.10.2020<\/span> a studentilor de la <strong>licen\u021b\u0103<\/strong> cu numerele matricole al\u0103turate, cu aprobarea Rectorului Universit\u0103\u0163ii \u201cAlexandru Ioan Cuza\u201d din Ia\u015fi, \u00een baza Legii 1\/2011 \u015fi a Regulamentului privind activitatea profesional\u0103 a studen\u0163ilor din ciclul de studii universitare de licen\u0163\u0103.<\/p>\n<p>S-a emis <span style=\"color: #0000ff;\">Decizia de exmatriculare num\u0103rul 238\/06.10.2020<\/span> a studentilor de la <strong>licen\u021b\u0103<\/strong> cu numerele matricole al\u0103turate, cu aprobarea Rectorului Universit\u0103\u0163ii \u201cAlexandru Ioan Cuza\u201d din Ia\u015fi, \u00een baza Legii 1\/2011 \u015fi a Regulamentului privind activitatea profesional\u0103 a studen\u0163ilor din ciclul de studii universitare de licen\u0163\u0103.<\/p>\n<p>Data afisarii: 16.10.2020<\/p>\n<\/div>\n<p>&nbsp;<\/p>\n<p><!-- ++++++++++++++++++++++++++++++++++++++++++++++++++++++++++++++++++++++++++++++++++++ --><\/p>\n<div class=\"colorbox\" style=\"background-color: #e6e6e6;\">\n<p>S-a emis Decizia de exmatriculare num\u0103rul 324\/02.10.2020\u00a0 a studentului de la <strong>master <\/strong>cu num\u0103rul matricol 310710102009SM191001, cu aprobarea Rectorului Universit\u0103\u0163ii \u201cAlexandru Ioan Cuza\u201d din Ia\u015fi, \u00een baza Legii 1\/2011 \u015fi a Regulamentului privind activitatea profesional\u0103 a studen\u0163ilor din ciclul de studii universitare de masterat.<\/p>\n<p>S-a emis <span style=\"color: #0000ff;\">Decizia de exmatriculare num\u0103rul 249\/02.10.2020<\/span> a studentilor de la <strong>licen\u021b\u0103<\/strong> cu numerele matricole al\u0103turate, cu aprobarea Rectorului Universit\u0103\u0163ii \u201cAlexandru Ioan Cuza\u201d din Ia\u015fi, \u00een baza Legii 1\/2011 \u015fi a Regulamentului privind activitatea profesional\u0103 a studen\u0163ilor din ciclul de studii universitare de licen\u0163\u0103.<\/p>\n<p>Data afisarii: 12.10.2020<\/p>\n<\/div>\n<p>&nbsp;<\/p>\n<p><!-- ++++++++++++++++++++++++++++++++++++++++++++++++++++++++++++++++++++++++++++++++++++ --><\/p>\n<div class=\"colorbox\" style=\"background-color: #e6e6e6;\">\n<p>S-a emis Decizia de exmatriculare num\u0103rul 17\/20.02.2020 a studentei cu num\u0103rul matricol 310720271RSL191013, cu aprobarea Rectorului Universit\u0103\u0163ii \u201cAlexandru Ioan Cuza\u201d din Ia\u015fi, \u00een baza Legii 1\/2011 \u015fi a Regulamentului privind activitatea profesional\u0103 a studen\u0163ilor din ciclul de studii universitare de licen\u0163\u0103.<\/p>\n<p>Data afisarii: 28.02.2020<\/p>\n<\/div>\n<p>&nbsp;<\/p>\n<p><!-- ++++++++++++++++++++++++++++++++++++++++++++++++++++++++++++++++++++++++++++++++++++ --><\/p>\n<div class=\"colorbox\" style=\"background-color: #e6e6e6;\">\n<p>S-a emis Decizia de exmatriculare num\u0103rul 9\/30.01.2020 a studentului cu num\u0103rul matricol 310710201RSL191008, cu aprobarea Rectorului Universit\u0103\u0163ii \u201cAlexandru Ioan Cuza\u201d din Ia\u015fi, \u00een baza Legii 1\/2011 \u015fi a Regulamentului privind activitatea profesional\u0103 a studen\u0163ilor din ciclul de studii universitare de licen\u0163\u0103.<\/p>\n<p>Data afisarii: 5.02.2020<\/p>\n<\/div>\n<p>&nbsp;<\/p>\n<p><!-- ++++++++++++++++++++++++++++++++++++++++++++++++++++++++++++++++++++++++++++++++++++ --><\/p>\n<div class=\"colorbox\" style=\"background-color: #e6e6e6;\">\n<p>S-a emis Decizia de exmatriculare num\u0103rul 6\/22.01.2020 a studentului cu num\u0103rul matricol 31070102SL160513, cu aprobarea Rectorului Universit\u0103\u0163ii \u201cAlexandru Ioan Cuza\u201d din Ia\u015fi, \u00een baza Legii 1\/2011 \u015fi a Regulamentului privind activitatea profesional\u0103 a studen\u0163ilor din ciclul de studii universitare de licen\u0163\u0103.<\/p>\n<p>S-a emis Decizia de exmatriculare nr. 8\/22.01.2020 a studentului de la master cu num\u0103rul matricol 31070102PM130059, cu aprobarea Rectorului Universit\u0103\u0163ii \u201cAlexandru Ioan Cuza\u201d din Ia\u015fi, \u00een baza Legii 1\/2011 si a Regulamentului studiilor universitare de masterat (IF \u015fi IFR).<\/p>\n<p>Afisat pe 29.01.2020.<\/p>\n<\/div>\n<p>&nbsp;<\/p>\n<p><!-- ++++++++++++++++++++++++++++++++++++++++++++++++++++++++++++++++++++++++++++++++++++ --><\/p>\n<div class=\"colorbox\" style=\"background-color: #e6e6e6;\">\n<p>S-a emis Decizia de exmatriculare num\u0103rul 332\/18.12.2019 a studentei cu num\u0103rul matricol 310710201RSL191052, cu aprobarea Rectorului Universit\u0103\u0163ii \u201cAlexandru Ioan Cuza\u201d din Ia\u015fi, \u00een baza Legii 1\/2011 \u015fi a Regulamentului privind activitatea profesional\u0103 a studen\u0163ilor din ciclul de studii universitare de licen\u0163\u0103.<\/p>\n<p>Afisat pe 08.01.2020.<\/p>\n<\/div>\n<p>&nbsp;<\/p>\n<p><!-- ++++++++++++++++++++++++++++++++++++++++++++++++++++++++++++++++++++++++++++++++++++ --><\/p>\n<div class=\"colorbox\" style=\"background-color: #e6e6e6;\">\n<p>S-a emis Decizia de exmatriculare nr. 331\/ 12.12.2019\u00a0 a studen\u0163ilor de la <b>master<\/b> cu numerele matricole al\u0103turate, cu aprobarea Rectorului Universit\u0103\u0163ii \u201cAlexandru Ioan Cuza\u201d din Ia\u015fi, \u00een baza Legii 1\/2011 si a Regulamentului studiilor universitare de masterat (IF \u015fi IFR).<\/p>\n<\/div>\n<p>&nbsp;<\/p>\n<p><!-- ++++++++++++++++++++++++++++++++++++++++++++++++++++++++++++++++++++++++++++++++++++ --><\/p>\n<div class=\"colorbox\" style=\"background-color: #e6e6e6;\">\n<p>S-a emis Decizia de exmatriculare nr. 329\/ 12.12.2019\u00a0 a studen\u0163ilor de la <b>licen\u0163\u0103<\/b> cu numerele matricole al\u0103turate, cu aprobarea Rectorului Universit\u0103\u0163ii \u201cAlexandru Ioan Cuza\u201d din Ia\u015fi, \u00een baza Legii 1\/2011 si a Regulamentului studiilor universitare de licen\u0163\u0103 (IF, ID \u015fi IFR).<\/p>\n<\/div>\n<p>&nbsp;<\/p>\n<p><!-- ++++++++++++++++++++++++++++++++++++++++++++++++++++++++++++++++++++++++++++++++++++ --><\/p>\n<div class=\"colorbox\" style=\"background-color: #e6e6e6;\">\n<p>S-a emis Decizia de exmatriculare nr. 200\/ 26.09.2019\u00a0 a studen\u0163ilor de la <b>master<\/b> cu numerele matricole al\u0103turate, cu aprobarea Rectorului Universit\u0103\u0163ii \u201cAlexandru Ioan Cuza\u201d din Ia\u015fi, \u00een baza Legii 1\/2011 si a Regulamentului studiilor universitare de masterat (IF \u015fi IFR).<\/p>\n<\/div>\n<p><!-- ++++++++++++++++++++++++++++++++++++++++++++++++++++++++++++++++++++++++++++++++++++ --><\/p>\n<div class=\"colorbox\" style=\"background-color: #e6e6e6;\">\n<p>S-a emis Decizia de exmatriculare nr. 191\/ 26.09.2019\u00a0 a studen\u0163ilor de la <b>licen\u0163\u0103<\/b> cu numerele matricole al\u0103turate, cu aprobarea Rectorului Universit\u0103\u0163ii \u201cAlexandru Ioan Cuza\u201d din Ia\u015fi, \u00een baza Legii 1\/2011 si a Regulamentului studiilor universitare de licen\u0163\u0103 (IF, ID \u015fi IFR).<\/p>\n<\/div>\n<p><!-- ++++++++++++++++++++++++++++++++++++++++++++++++++++++++++++++++++++++++++++++++++++ --><\/p>\n<p><!-- ++++++++++++++++++++++++++++++++++++++++++++++++++++++++++++++++++++++++++++++++++++ --><\/p>\n","protected":false},"excerpt":{"rendered":"<p>\u00cen aten\u0163ia studentilor exmatricula\u0163i: P\u00een\u0103 vineri, 5 octombrie 2025, ora 12, se mai pot depune cereri de re\u00eenmatriculare la secretariatul Facult\u0103\u0163ii. &nbsp; S-a emis Decizia de exmatriculare nr. 362\/17.09.2025 a studentilor de la master cu numerele matricole alaturate, cu aprobarea Rectorului Universit\u0103\u0163ii \u201cAlexandru Ioan Cuza\u201d din Ia\u015fi, pentru retragere de la studii. S-a emis Decizia de exmatriculare nr.\u2026 <span class=\"read-more\"><a href=\"https:\/\/www.phys.uaic.ro\/old\/index.php\/studenti\/reinmatriculari-repetari-intreruperi-studii-exmatriculari\/\">Read More &raquo;<\/a><\/span><\/p>\n","protected":false},"author":3,"featured_media":0,"parent":31,"menu_order":0,"comment_status":"closed","ping_status":"closed","template":"","meta":{"footnotes":""},"class_list":["post-7379","page","type-page","status-publish","hentry"],"_links":{"self":[{"href":"https:\/\/www.phys.uaic.ro\/old\/index.php\/wp-json\/wp\/v2\/pages\/7379","targetHints":{"allow":["GET"]}}],"collection":[{"href":"https:\/\/www.phys.uaic.ro\/old\/index.php\/wp-json\/wp\/v2\/pages"}],"about":[{"href":"https:\/\/www.phys.uaic.ro\/old\/index.php\/wp-json\/wp\/v2\/types\/page"}],"author":[{"embeddable":true,"href":"https:\/\/www.phys.uaic.ro\/old\/index.php\/wp-json\/wp\/v2\/users\/3"}],"replies":[{"embeddable":true,"href":"https:\/\/www.phys.uaic.ro\/old\/index.php\/wp-json\/wp\/v2\/comments?post=7379"}],"version-history":[{"count":0,"href":"https:\/\/www.phys.uaic.ro\/old\/index.php\/wp-json\/wp\/v2\/pages\/7379\/revisions"}],"up":[{"embeddable":true,"href":"https:\/\/www.phys.uaic.ro\/old\/index.php\/wp-json\/wp\/v2\/pages\/31"}],"wp:attachment":[{"href":"https:\/\/www.phys.uaic.ro\/old\/index.php\/wp-json\/wp\/v2\/media?parent=7379"}],"curies":[{"name":"wp","href":"https:\/\/api.w.org\/{rel}","templated":true}]}}