{"id":739,"date":"2018-02-17T23:27:46","date_gmt":"2018-02-17T23:27:46","guid":{"rendered":"http:\/\/www.phys.uaic.ro\/?page_id=739"},"modified":"2019-01-31T10:42:15","modified_gmt":"2019-01-31T10:42:15","slug":"cc-stiintele-vietii","status":"publish","type":"page","link":"https:\/\/www.phys.uaic.ro\/old\/index.php\/cercetare\/centre-grupuri-cercetare\/cc-stiintele-vietii\/","title":{"rendered":"Centrul de cercet\u0103ri avansate \u00een \u0219tiin\u021bele vie\u021bii \u0219i nano\u0219tiin\u021be"},"content":{"rendered":"<p><b>Coordonator<\/b><\/p>\n<ul>\n<li><a href=\"tudor-luchian\">Prof. Dr. Tudor LUCHIAN<\/a> (conducator doctorat)<\/li>\n<\/ul>\n<p><b>Membri permanen\u021bi<\/b><\/p>\n<ul>\n<li><a href=\"emilia-dorina-creanga\">Prof. Dr. habil. Emilia Dorina CREANG\u0102<\/a><\/li>\n<li>C.S.I Dr. Mariana NEAM\u021aU<\/li>\n<li><a href=\"dan-gheorghe-dimitriu\">Conf. Dr. Dan Gheorghe DIMITRIU<\/a><\/li>\n<li><a href=\"catalin-gabriel-borcia\">Conf. Dr. C\u0103t\u0103lin Gabriel BORCIA<\/a><\/li>\n<li><a href=\"dan-mihailescu\">Lect. Dr. Dan MIH\u0102ILESCU<\/a><\/li>\n<li><a href=\"loredana-cristina-mereuta\">Conf. Dr. Loredana Cristina MEREU\u021a\u0102<\/a><\/li>\n<li><a href=\"aurelia-apetrei\">Lect. Dr. Aurelia APETREI<\/a><\/li>\n<li>C.S.III Dr. Alina ASANDEI<\/li>\n<li>C.S.III Dr. Irina \u0218CHIOPU<\/li>\n<li>C.S.III Dr. Corina CIOB\u0102NA\u0218U<\/li>\n<li>C.S.III Dr. Claudia N\u0102DEJDE<\/li>\n<\/ul>\n<p><b>Membri nepermanen\u021bi<\/b><\/p>\n<ul>\n<li>Dr. Dana PRICOP<\/li>\n<li>Drd. Andrei CIUC\u0102<\/li>\n<li>Drd. Gabriel OANC\u0102<\/li>\n<li>Drd. Emil PU\u0218CA\u0218U<\/li>\n<li>Drd. Maria ANDRIE\u0218<\/li>\n<\/ul>\n<p>Pagina web: <a href=\"http:\/\/www2.phys.uaic.ro\/bio\/\">http:\/\/www2.phys.uaic.ro\/bio\/<\/a>; <a href=\"http:\/\/biofizicafizicamedicala.wordpress.com\/home\/\">http:\/\/biofizicafizicamedicala.wordpress.com\/home\/<\/a><\/p>\n","protected":false},"excerpt":{"rendered":"<p>Coordonator Prof. Dr. Tudor LUCHIAN (conducator doctorat) Membri permanen\u021bi Prof. Dr. habil. Emilia Dorina CREANG\u0102 C.S.I Dr. Mariana NEAM\u021aU Conf. Dr. Dan Gheorghe DIMITRIU Conf. Dr. C\u0103t\u0103lin Gabriel BORCIA Lect. Dr. Dan MIH\u0102ILESCU Conf. Dr. Loredana Cristina MEREU\u021a\u0102 Lect. Dr. Aurelia APETREI C.S.III Dr. Alina ASANDEI C.S.III Dr. Irina \u0218CHIOPU C.S.III Dr. Corina CIOB\u0102NA\u0218U C.S.III Dr. Claudia N\u0102DEJDE\u2026 <span class=\"read-more\"><a href=\"https:\/\/www.phys.uaic.ro\/old\/index.php\/cercetare\/centre-grupuri-cercetare\/cc-stiintele-vietii\/\">Read More &raquo;<\/a><\/span><\/p>\n","protected":false},"author":3,"featured_media":0,"parent":136,"menu_order":0,"comment_status":"closed","ping_status":"closed","template":"","meta":{"footnotes":""},"class_list":["post-739","page","type-page","status-publish","hentry"],"_links":{"self":[{"href":"https:\/\/www.phys.uaic.ro\/old\/index.php\/wp-json\/wp\/v2\/pages\/739","targetHints":{"allow":["GET"]}}],"collection":[{"href":"https:\/\/www.phys.uaic.ro\/old\/index.php\/wp-json\/wp\/v2\/pages"}],"about":[{"href":"https:\/\/www.phys.uaic.ro\/old\/index.php\/wp-json\/wp\/v2\/types\/page"}],"author":[{"embeddable":true,"href":"https:\/\/www.phys.uaic.ro\/old\/index.php\/wp-json\/wp\/v2\/users\/3"}],"replies":[{"embeddable":true,"href":"https:\/\/www.phys.uaic.ro\/old\/index.php\/wp-json\/wp\/v2\/comments?post=739"}],"version-history":[{"count":0,"href":"https:\/\/www.phys.uaic.ro\/old\/index.php\/wp-json\/wp\/v2\/pages\/739\/revisions"}],"up":[{"embeddable":true,"href":"https:\/\/www.phys.uaic.ro\/old\/index.php\/wp-json\/wp\/v2\/pages\/136"}],"wp:attachment":[{"href":"https:\/\/www.phys.uaic.ro\/old\/index.php\/wp-json\/wp\/v2\/media?parent=739"}],"curies":[{"name":"wp","href":"https:\/\/api.w.org\/{rel}","templated":true}]}}