{"id":741,"date":"2018-02-17T23:29:27","date_gmt":"2018-02-17T23:29:27","guid":{"rendered":"http:\/\/www.phys.uaic.ro\/?page_id=741"},"modified":"2026-01-08T13:12:27","modified_gmt":"2026-01-08T11:12:27","slug":"gc-biofizica-moleculara","status":"publish","type":"page","link":"https:\/\/www.phys.uaic.ro\/old\/index.php\/cercetare\/centre-grupuri-cercetare\/gc-biofizica-moleculara\/","title":{"rendered":"Grupul de cercetare \u00een biofizic\u0103 molecular\u0103 \u0219i fizica medical\u0103"},"content":{"rendered":"<p><b>Coordonator<\/b><\/p>\n<ul>\n<li><a href=\"tudor-luchian\">Prof. Dr. Tudor LUCHIAN<\/a> (conducator doctorat)<\/li>\n<\/ul>\n<p><b>Membri permanen\u021bi<\/b><\/p>\n<ul>\n<li><a href=\"emilia-dorina-creanga\">Prof. Dr. habil. Emilia Dorina CREANG\u0102<\/a><\/li>\n<li><a href=\"catalin-gabriel-borcia\">Conf. Dr. C\u0103t\u0103lin Gabriel BORCIA<\/a><\/li>\n<li><a href=\"dan-mihailescu\">Lect. Dr. Dan MIH\u0102ILESCU<\/a><\/li>\n<li><a href=\"loredana-cristina-mereuta\">Conf. Dr. Loredana Cristina MEREU\u021a\u0102<\/a><\/li>\n<li><a href=\"aurelia-apetrei\">Lect. Dr. Aurelia APETREI<\/a><\/li>\n<li>C.S.III Dr. Alina ASANDEI<\/li>\n<li>C.S.III Irina \u0218CHIOPU<\/li>\n<li>C.S.III Dr. Corina CIOB\u0102NA\u0218U<\/li>\n<\/ul>\n<p><b>Membri nepermanen\u021bi<\/b><\/p>\n<ul>\n<li>Drd. Andrei CIUC\u0102<\/li>\n<li>Drd. Gabriel OANC\u0102<\/li>\n<li>Drd. Emil PU\u0218CA\u0218U<\/li>\n<li>Drd. Maria ANDRIE\u0218<\/li>\n<\/ul>\n<p>Pagina web: <a href=\"http:\/\/biofizicafizicamedicala.wordpress.com\/home\/\">http:\/\/biofizicafizicamedicala.wordpress.com\/home\/<\/a><\/p>\n","protected":false},"excerpt":{"rendered":"<p>Coordonator Prof. Dr. Tudor LUCHIAN (conducator doctorat) Membri permanen\u021bi Prof. Dr. habil. Emilia Dorina CREANG\u0102 Conf. Dr. C\u0103t\u0103lin Gabriel BORCIA Lect. Dr. Dan MIH\u0102ILESCU Conf. Dr. Loredana Cristina MEREU\u021a\u0102 Lect. Dr. Aurelia APETREI C.S.III Dr. Alina ASANDEI C.S.III Irina \u0218CHIOPU C.S.III Dr. Corina CIOB\u0102NA\u0218U Membri nepermanen\u021bi Drd. Andrei CIUC\u0102 Drd. Gabriel OANC\u0102 Drd. Emil PU\u0218CA\u0218U Drd. Maria ANDRIE\u0218\u2026 <span class=\"read-more\"><a href=\"https:\/\/www.phys.uaic.ro\/old\/index.php\/cercetare\/centre-grupuri-cercetare\/gc-biofizica-moleculara\/\">Read More &raquo;<\/a><\/span><\/p>\n","protected":false},"author":3,"featured_media":0,"parent":136,"menu_order":0,"comment_status":"closed","ping_status":"closed","template":"","meta":{"footnotes":""},"class_list":["post-741","page","type-page","status-publish","hentry"],"_links":{"self":[{"href":"https:\/\/www.phys.uaic.ro\/old\/index.php\/wp-json\/wp\/v2\/pages\/741","targetHints":{"allow":["GET"]}}],"collection":[{"href":"https:\/\/www.phys.uaic.ro\/old\/index.php\/wp-json\/wp\/v2\/pages"}],"about":[{"href":"https:\/\/www.phys.uaic.ro\/old\/index.php\/wp-json\/wp\/v2\/types\/page"}],"author":[{"embeddable":true,"href":"https:\/\/www.phys.uaic.ro\/old\/index.php\/wp-json\/wp\/v2\/users\/3"}],"replies":[{"embeddable":true,"href":"https:\/\/www.phys.uaic.ro\/old\/index.php\/wp-json\/wp\/v2\/comments?post=741"}],"version-history":[{"count":0,"href":"https:\/\/www.phys.uaic.ro\/old\/index.php\/wp-json\/wp\/v2\/pages\/741\/revisions"}],"up":[{"embeddable":true,"href":"https:\/\/www.phys.uaic.ro\/old\/index.php\/wp-json\/wp\/v2\/pages\/136"}],"wp:attachment":[{"href":"https:\/\/www.phys.uaic.ro\/old\/index.php\/wp-json\/wp\/v2\/media?parent=741"}],"curies":[{"name":"wp","href":"https:\/\/api.w.org\/{rel}","templated":true}]}}