{"id":743,"date":"2018-02-17T23:30:38","date_gmt":"2018-02-17T23:30:38","guid":{"rendered":"http:\/\/www.phys.uaic.ro\/?page_id=743"},"modified":"2018-02-17T23:52:57","modified_gmt":"2018-02-17T23:52:57","slug":"gc-electronica-fizica","status":"publish","type":"page","link":"https:\/\/www.phys.uaic.ro\/old\/index.php\/cercetare\/centre-grupuri-cercetare\/gc-electronica-fizica\/","title":{"rendered":"Grupul de cercetare \u00een electronic\u0103 fizic\u0103 \u0219i microunde"},"content":{"rendered":"<p><b>Membri permanen\u021bi<\/b><\/p>\n<ul>\n<li><a href=\"florin-mihai-tufescu\">Conf. Dr. Florin Mihai TUFESCU<\/a><\/li>\n<li><a href=\"octavian-rusu\">Lect. Dr. Octavian RUSU<\/a><\/li>\n<li><a href=\"paul-gasner\">Lect. Dr. Paul GASNER<\/a><\/li>\n<li><a href=\"ovidiu-gabriel-avadanei\">Lect. Dr. Ovidiu Gabriel AV\u0102DANEI<\/a><\/li>\n<\/ul>\n<p><b>Membru onorific<\/b><\/p>\n<ul>\n<li><a href=\"dumitru-sandu\">Prof. Dr. Dumitru SANDU<\/a><\/li>\n<\/ul>\n<p>Pagina web: <a href=\"https:\/\/mail.uaic.ro\/~ftufescu\/\">https:\/\/mail.uaic.ro\/~ftufescu\/<\/a><\/p>\n","protected":false},"excerpt":{"rendered":"<p>Membri permanen\u021bi Conf. Dr. Florin Mihai TUFESCU Lect. Dr. Octavian RUSU Lect. Dr. Paul GASNER Lect. Dr. Ovidiu Gabriel AV\u0102DANEI Membru onorific Prof. Dr. Dumitru SANDU Pagina web: https:\/\/mail.uaic.ro\/~ftufescu\/<\/p>\n","protected":false},"author":3,"featured_media":0,"parent":136,"menu_order":0,"comment_status":"closed","ping_status":"closed","template":"","meta":{"footnotes":""},"class_list":["post-743","page","type-page","status-publish","hentry"],"_links":{"self":[{"href":"https:\/\/www.phys.uaic.ro\/old\/index.php\/wp-json\/wp\/v2\/pages\/743","targetHints":{"allow":["GET"]}}],"collection":[{"href":"https:\/\/www.phys.uaic.ro\/old\/index.php\/wp-json\/wp\/v2\/pages"}],"about":[{"href":"https:\/\/www.phys.uaic.ro\/old\/index.php\/wp-json\/wp\/v2\/types\/page"}],"author":[{"embeddable":true,"href":"https:\/\/www.phys.uaic.ro\/old\/index.php\/wp-json\/wp\/v2\/users\/3"}],"replies":[{"embeddable":true,"href":"https:\/\/www.phys.uaic.ro\/old\/index.php\/wp-json\/wp\/v2\/comments?post=743"}],"version-history":[{"count":0,"href":"https:\/\/www.phys.uaic.ro\/old\/index.php\/wp-json\/wp\/v2\/pages\/743\/revisions"}],"up":[{"embeddable":true,"href":"https:\/\/www.phys.uaic.ro\/old\/index.php\/wp-json\/wp\/v2\/pages\/136"}],"wp:attachment":[{"href":"https:\/\/www.phys.uaic.ro\/old\/index.php\/wp-json\/wp\/v2\/media?parent=743"}],"curies":[{"name":"wp","href":"https:\/\/api.w.org\/{rel}","templated":true}]}}