{"id":745,"date":"2018-02-17T23:31:54","date_gmt":"2018-02-17T23:31:54","guid":{"rendered":"http:\/\/www.phys.uaic.ro\/?page_id=745"},"modified":"2018-03-08T02:44:12","modified_gmt":"2018-03-08T02:44:12","slug":"gc-fizica-dielectricilor","status":"publish","type":"page","link":"https:\/\/www.phys.uaic.ro\/old\/index.php\/cercetare\/centre-grupuri-cercetare\/gc-fizica-dielectricilor\/","title":{"rendered":"Grupul de cercetare \u00een fizica dielectricilor, feroelectricilor \u0219i multiferoicilor"},"content":{"rendered":"<p><b>Coordonator<\/b><\/p>\n<ul>\n<li><a href=\"liliana-mitoseriu\">Prof. Dr. Liliana MITO\u0218ERIU<\/a> (conducator doctorat)<\/li>\n<\/ul>\n<p><b>Membri<\/b><\/p>\n<ul>\n<li>C.S. Dr. Cristina Elena CIOMAGA<\/li>\n<li><a href=\"lavinia-petronela-curecheriu\">Lect. Dr. Lavinia Petronela CURECHERIU<\/a><\/li>\n<li><a href=\"gabriela-ciobanu\">Lect. Dr. Gabriela CIOBANU<\/a><\/li>\n<li>C.S. Dr. Felicia GHEORGHIU &#8211; Departamentul Interdisciplinar \u0218tiin\u021be<\/li>\n<li>C.S. Dr. Nadejda HORCHIDAN<\/li>\n<li>C.S. Dr. Mirela AIRIMIOAEI<\/li>\n<li>Drd. Leontin P\u0102DURARIU<\/li>\n<li>Drd. Mihai Valentin POP<\/li>\n<li>Drd. Roxana ST\u0102NCULESCU<\/li>\n<li>Drd. Ioana CIUCHI<\/li>\n<li>Ms. stud. Cipriana P\u0102DURARIU<\/li>\n<\/ul>\n","protected":false},"excerpt":{"rendered":"<p>Coordonator Prof. Dr. Liliana MITO\u0218ERIU (conducator doctorat) Membri C.S. Dr. Cristina Elena CIOMAGA Lect. Dr. Lavinia Petronela CURECHERIU Lect. Dr. Gabriela CIOBANU C.S. Dr. Felicia GHEORGHIU &#8211; Departamentul Interdisciplinar \u0218tiin\u021be C.S. Dr. Nadejda HORCHIDAN C.S. Dr. Mirela AIRIMIOAEI Drd. Leontin P\u0102DURARIU Drd. Mihai Valentin POP Drd. Roxana ST\u0102NCULESCU Drd. Ioana CIUCHI Ms. stud. Cipriana P\u0102DURARIU<\/p>\n","protected":false},"author":3,"featured_media":0,"parent":136,"menu_order":0,"comment_status":"closed","ping_status":"closed","template":"","meta":{"footnotes":""},"class_list":["post-745","page","type-page","status-publish","hentry"],"_links":{"self":[{"href":"https:\/\/www.phys.uaic.ro\/old\/index.php\/wp-json\/wp\/v2\/pages\/745","targetHints":{"allow":["GET"]}}],"collection":[{"href":"https:\/\/www.phys.uaic.ro\/old\/index.php\/wp-json\/wp\/v2\/pages"}],"about":[{"href":"https:\/\/www.phys.uaic.ro\/old\/index.php\/wp-json\/wp\/v2\/types\/page"}],"author":[{"embeddable":true,"href":"https:\/\/www.phys.uaic.ro\/old\/index.php\/wp-json\/wp\/v2\/users\/3"}],"replies":[{"embeddable":true,"href":"https:\/\/www.phys.uaic.ro\/old\/index.php\/wp-json\/wp\/v2\/comments?post=745"}],"version-history":[{"count":0,"href":"https:\/\/www.phys.uaic.ro\/old\/index.php\/wp-json\/wp\/v2\/pages\/745\/revisions"}],"up":[{"embeddable":true,"href":"https:\/\/www.phys.uaic.ro\/old\/index.php\/wp-json\/wp\/v2\/pages\/136"}],"wp:attachment":[{"href":"https:\/\/www.phys.uaic.ro\/old\/index.php\/wp-json\/wp\/v2\/media?parent=745"}],"curies":[{"name":"wp","href":"https:\/\/api.w.org\/{rel}","templated":true}]}}