{"id":7510,"date":"2019-10-02T10:40:58","date_gmt":"2019-10-02T10:40:58","guid":{"rendered":"http:\/\/www.phys.uaic.ro\/?page_id=7510"},"modified":"2019-10-02T10:40:58","modified_gmt":"2019-10-02T10:40:58","slug":"grupe-tutori-2019-2020","status":"publish","type":"page","link":"https:\/\/www.phys.uaic.ro\/old\/index.php\/studenti\/grupe-tutori\/grupe-tutori-2019-2020\/","title":{"rendered":"Grupe \u0219i Tutori anul universitar 2019\/2020"},"content":{"rendered":"<ul>\n<li><a href=\"http:\/\/www.phys.uaic.ro\/wp\/studenti\/grupe-tutori\/gr-i-licenta-2019.pdf\">Anul I Licenta &#8211; Lista de studenti<\/a> <img decoding=\"async\" style=\"vertical-align: top;width:20px;height:20px;\" src=\"http:\/\/www.phys.uaic.ro\/wp\/imagini\/pdf-icon.png\" alt=\"pdf\" \/><\/li>\n<p><!--\n\n<li>Anul I Master - Lista de studenti\n\n\n<ul>\n\n\n<li><a href=\"http:\/\/www.phys.uaic.ro\/wp\/studenti\/grupe-tutori\/gr-i-master-biofizica-fizica-medicala-2019.pdf\">Specializarea: Biofizic\u0103 \u015fi fizic\u0103 medical\u0103<\/a> <img decoding=\"async\" style=\"vertical-align: top;width:20px;height:20px;\" src=\"http:\/\/www.phys.uaic.ro\/wp\/imagini\/pdf-icon.png\" alt=\"pdf\" \/><\/li>\n\n\n\n\n<li><a href=\"http:\/\/www.phys.uaic.ro\/wp\/studenti\/grupe-tutori\/gr-i-master-fizica-tehnologii-avansate-2019.pdf\">Specializarea: Fizica pentru tehnologii avansate<\/a> <img decoding=\"async\" style=\"vertical-align: top;width:20px;height:20px;\" src=\"http:\/\/www.phys.uaic.ro\/wp\/imagini\/pdf-icon.png\" alt=\"pdf\" \/><\/li>\n\n\n\n\n<li><a href=\"http:\/\/www.phys.uaic.ro\/wp\/studenti\/grupe-tutori\/gr-i-master-kinetoterapie-recuperare-medicala-2019.pdf\">Specializarea: Metode fizice aplicate in kinetoterapie \u015fi recuperare medical\u0103<\/a> <img decoding=\"async\" style=\"vertical-align: top;width:20px;height:20px;\" src=\"http:\/\/www.phys.uaic.ro\/wp\/imagini\/pdf-icon.png\" alt=\"pdf\" \/><\/li>\n\n\n\n\n<li><a href=\"http:\/\/www.phys.uaic.ro\/wp\/studenti\/grupe-tutori\/gr-i-master-optica-optometrie-2019.pdf\">Specializarea: Optic\u0103 \u015fi optometrie<\/a> <img decoding=\"async\" style=\"vertical-align: top;width:20px;height:20px;\" src=\"http:\/\/www.phys.uaic.ro\/wp\/imagini\/pdf-icon.png\" alt=\"pdf\" \/><\/li>\n\n\n<\/ul>\n\n\n<\/li>\n\n-->\n<\/ul>\n","protected":false},"excerpt":{"rendered":"<p>Anul I Licenta &#8211; Lista de studenti<\/p>\n","protected":false},"author":3,"featured_media":0,"parent":194,"menu_order":0,"comment_status":"closed","ping_status":"closed","template":"","meta":{"footnotes":""},"class_list":["post-7510","page","type-page","status-publish","hentry"],"_links":{"self":[{"href":"https:\/\/www.phys.uaic.ro\/old\/index.php\/wp-json\/wp\/v2\/pages\/7510","targetHints":{"allow":["GET"]}}],"collection":[{"href":"https:\/\/www.phys.uaic.ro\/old\/index.php\/wp-json\/wp\/v2\/pages"}],"about":[{"href":"https:\/\/www.phys.uaic.ro\/old\/index.php\/wp-json\/wp\/v2\/types\/page"}],"author":[{"embeddable":true,"href":"https:\/\/www.phys.uaic.ro\/old\/index.php\/wp-json\/wp\/v2\/users\/3"}],"replies":[{"embeddable":true,"href":"https:\/\/www.phys.uaic.ro\/old\/index.php\/wp-json\/wp\/v2\/comments?post=7510"}],"version-history":[{"count":0,"href":"https:\/\/www.phys.uaic.ro\/old\/index.php\/wp-json\/wp\/v2\/pages\/7510\/revisions"}],"up":[{"embeddable":true,"href":"https:\/\/www.phys.uaic.ro\/old\/index.php\/wp-json\/wp\/v2\/pages\/194"}],"wp:attachment":[{"href":"https:\/\/www.phys.uaic.ro\/old\/index.php\/wp-json\/wp\/v2\/media?parent=7510"}],"curies":[{"name":"wp","href":"https:\/\/api.w.org\/{rel}","templated":true}]}}