{"id":757,"date":"2018-02-17T23:39:27","date_gmt":"2018-02-17T23:39:27","guid":{"rendered":"http:\/\/www.phys.uaic.ro\/?page_id=757"},"modified":"2018-02-18T00:15:26","modified_gmt":"2018-02-18T00:15:26","slug":"gc-fizica-teoretica","status":"publish","type":"page","link":"https:\/\/www.phys.uaic.ro\/old\/index.php\/cercetare\/centre-grupuri-cercetare\/gc-fizica-teoretica\/","title":{"rendered":"Grupul de cercetare \u00een fizic\u0103 teoretic\u0103"},"content":{"rendered":"<p><b>Coordonator<\/b><\/p>\n<ul>\n<li><a href=\"ciprian-dariescu\">Prof. Dr. Ciprian DARIESCU<\/a> (conducator doctorat)<\/li>\n<\/ul>\n<p><b>Membri<\/b><\/p>\n<ul>\n<li><a href=\"marina-aura-dariescu\">Prof. Dr. Marina Aura DARIESCU<\/a> (conducator doctorat)<\/li>\n<li><a href=\"daniel-radu\">Lect. Dr. Daniel RADU<\/a><\/li>\n<li><a href=\"iordana-astefanoaei\">Lect. Dr. Iordana A\u0218TEF\u0102NOAEI<\/a><\/li>\n<li><a href=\"laura-iulia-anita\">Lect. Dr. Laura Iulia ANI\u021aA<\/a><\/li>\n<li>C.S. Dr. Cristian STELEA<\/li>\n<\/ul>\n","protected":false},"excerpt":{"rendered":"<p>Coordonator Prof. Dr. Ciprian DARIESCU (conducator doctorat) Membri Prof. Dr. Marina Aura DARIESCU (conducator doctorat) Lect. Dr. Daniel RADU Lect. Dr. Iordana A\u0218TEF\u0102NOAEI Lect. Dr. Laura Iulia ANI\u021aA C.S. Dr. Cristian STELEA<\/p>\n","protected":false},"author":3,"featured_media":0,"parent":136,"menu_order":0,"comment_status":"closed","ping_status":"closed","template":"","meta":{"footnotes":""},"class_list":["post-757","page","type-page","status-publish","hentry"],"_links":{"self":[{"href":"https:\/\/www.phys.uaic.ro\/old\/index.php\/wp-json\/wp\/v2\/pages\/757","targetHints":{"allow":["GET"]}}],"collection":[{"href":"https:\/\/www.phys.uaic.ro\/old\/index.php\/wp-json\/wp\/v2\/pages"}],"about":[{"href":"https:\/\/www.phys.uaic.ro\/old\/index.php\/wp-json\/wp\/v2\/types\/page"}],"author":[{"embeddable":true,"href":"https:\/\/www.phys.uaic.ro\/old\/index.php\/wp-json\/wp\/v2\/users\/3"}],"replies":[{"embeddable":true,"href":"https:\/\/www.phys.uaic.ro\/old\/index.php\/wp-json\/wp\/v2\/comments?post=757"}],"version-history":[{"count":0,"href":"https:\/\/www.phys.uaic.ro\/old\/index.php\/wp-json\/wp\/v2\/pages\/757\/revisions"}],"up":[{"embeddable":true,"href":"https:\/\/www.phys.uaic.ro\/old\/index.php\/wp-json\/wp\/v2\/pages\/136"}],"wp:attachment":[{"href":"https:\/\/www.phys.uaic.ro\/old\/index.php\/wp-json\/wp\/v2\/media?parent=757"}],"curies":[{"name":"wp","href":"https:\/\/api.w.org\/{rel}","templated":true}]}}