{"id":7577,"date":"2019-10-09T07:55:22","date_gmt":"2019-10-09T07:55:22","guid":{"rendered":"http:\/\/www.phys.uaic.ro\/?page_id=7577"},"modified":"2024-09-03T07:52:02","modified_gmt":"2024-09-03T04:52:02","slug":"proiecte-doctoranzi-cercetatori-postdoctorat","status":"publish","type":"page","link":"https:\/\/www.phys.uaic.ro\/old\/index.php\/scoala-doctorala\/proiecte-doctoranzi-cercetatori-postdoctorat\/","title":{"rendered":"Proiecte doctoranzi \/ cercet\u0103tori postdoctorat"},"content":{"rendered":"<p><!-- ++++++++++++++++++++++++++++++++++++++++++++++++++++++++++++++++++++++++++++++++++++ --><\/p>\n<div><\/div>\n<blockquote class=\"wp-embedded-content\" data-secret=\"BrWIFoVugt\"><p><a href=\"https:\/\/www.phys.uaic.ro\/index.php\/participari-la-conferinte-in-cadrul-proiectului-fdi-2024-f-0589\/\">Particip\u0103ri la conferin\u021be \u00een cadrul proiectului FDI-2024-F-0589<\/a><\/p><\/blockquote>\n<p><iframe loading=\"lazy\" class=\"wp-embedded-content\" sandbox=\"allow-scripts\" security=\"restricted\" style=\"position: absolute; visibility: hidden;\" title=\"&#8222;Particip\u0103ri la conferin\u021be \u00een cadrul proiectului FDI-2024-F-0589&#8221; &#8212; Facultatea de Fizic\u0103\" src=\"https:\/\/www.phys.uaic.ro\/index.php\/participari-la-conferinte-in-cadrul-proiectului-fdi-2024-f-0589\/embed\/#?secret=uln2GH6KgO#?secret=BrWIFoVugt\" data-secret=\"BrWIFoVugt\" width=\"600\" height=\"338\" frameborder=\"0\" marginwidth=\"0\" marginheight=\"0\" scrolling=\"no\"><\/iframe><\/p>\n<p>&nbsp;<\/p>\n<blockquote class=\"wp-embedded-content\" data-secret=\"xrvUaOaeoL\"><p><a href=\"https:\/\/www.phys.uaic.ro\/index.php\/informatii-privind-admiterea-la-programele-postdoctorale-de-cercetare-avansata-organizate-in-cadrul-universitatii-alexandru-ioan-cuza-din-iasi-2022-2024-scoala-doctorala\/\">Informa\u021bii privind Programele postdoctorale de cercetare avansat\u0103 organizate \u00een cadrul Universit\u0103\u021bii \u201eAlexandru Ioan Cuza\u201c din Ia\u0219i (2022-2024) \u2013 \u0218coala doctoral\u0103 de Fizic\u0103<\/a><\/p><\/blockquote>\n<p><iframe loading=\"lazy\" class=\"wp-embedded-content\" sandbox=\"allow-scripts\" security=\"restricted\" style=\"position: absolute; visibility: hidden;\" title=\"&#8222;Informa\u021bii privind Programele postdoctorale de cercetare avansat\u0103 organizate \u00een cadrul Universit\u0103\u021bii \u201eAlexandru Ioan Cuza\u201c din Ia\u0219i (2022-2024) \u2013 \u0218coala doctoral\u0103 de Fizic\u0103&#8221; &#8212; Facultatea de Fizic\u0103\" src=\"https:\/\/www.phys.uaic.ro\/index.php\/informatii-privind-admiterea-la-programele-postdoctorale-de-cercetare-avansata-organizate-in-cadrul-universitatii-alexandru-ioan-cuza-din-iasi-2022-2024-scoala-doctorala\/embed\/#?secret=sYC305II9A#?secret=xrvUaOaeoL\" data-secret=\"xrvUaOaeoL\" width=\"600\" height=\"338\" frameborder=\"0\" marginwidth=\"0\" marginheight=\"0\" scrolling=\"no\"><\/iframe><\/p>\n<blockquote class=\"wp-embedded-content\" data-secret=\"jJZIfQIgJK\"><p><a href=\"https:\/\/www.phys.uaic.ro\/index.php\/burse-doctorale-in-cadrul-proiectului-suport-educational-si-formativ-pentru-doctoranzi-si-tineri-cercetatori-in-pregatirea-insertiei-in-piata-muncii\/\">Burse doctorale POCU 2022-2023<\/a><\/p><\/blockquote>\n<p><iframe loading=\"lazy\" class=\"wp-embedded-content\" sandbox=\"allow-scripts\" security=\"restricted\" style=\"position: absolute; visibility: hidden;\" title=\"&#8222;Burse doctorale POCU 2022-2023&#8221; &#8212; Facultatea de Fizic\u0103\" src=\"https:\/\/www.phys.uaic.ro\/index.php\/burse-doctorale-in-cadrul-proiectului-suport-educational-si-formativ-pentru-doctoranzi-si-tineri-cercetatori-in-pregatirea-insertiei-in-piata-muncii\/embed\/#?secret=xJsiz527tg#?secret=jJZIfQIgJK\" data-secret=\"jJZIfQIgJK\" width=\"600\" height=\"338\" frameborder=\"0\" marginwidth=\"0\" marginheight=\"0\" scrolling=\"no\"><\/iframe><\/p>\n<blockquote class=\"wp-embedded-content\" data-secret=\"wkIKu0oROX\"><p><a href=\"https:\/\/www.phys.uaic.ro\/index.php\/informatii-privind-admiterea-la-programele-postdoctorale-de-cercetare-avansata-organizate-in-cadrul-universitatii-alexandru-ioan-cuza-din-iasi-2019-2021-scoala\/\">Informa\u021bii privind admiterea la Programele postdoctorale de cercetare avansat\u0103 organizate \u00een cadrul Universit\u0103\u021bii \u201eAlexandru Ioan Cuza\u201c din Ia\u0219i (2019 \u2013 2021) \u2013 \u0218coala doctoral\u0103 de Fizic\u0103<\/a><\/p><\/blockquote>\n<p><iframe loading=\"lazy\" class=\"wp-embedded-content\" sandbox=\"allow-scripts\" security=\"restricted\" style=\"position: absolute; visibility: hidden;\" title=\"&#8222;Informa\u021bii privind admiterea la Programele postdoctorale de cercetare avansat\u0103 organizate \u00een cadrul Universit\u0103\u021bii \u201eAlexandru Ioan Cuza\u201c din Ia\u0219i (2019 \u2013 2021) \u2013 \u0218coala doctoral\u0103 de Fizic\u0103&#8221; &#8212; Facultatea de Fizic\u0103\" src=\"https:\/\/www.phys.uaic.ro\/index.php\/informatii-privind-admiterea-la-programele-postdoctorale-de-cercetare-avansata-organizate-in-cadrul-universitatii-alexandru-ioan-cuza-din-iasi-2019-2021-scoala\/embed\/#?secret=cFJbKF0sJN#?secret=wkIKu0oROX\" data-secret=\"wkIKu0oROX\" width=\"600\" height=\"338\" frameborder=\"0\" marginwidth=\"0\" marginheight=\"0\" scrolling=\"no\"><\/iframe><\/p>\n<p><!-- ++++++++++++++++++++++++++++++++++++++++++++++++++++++++++++++++++++++++++++++++++++\n\n\n<div class=\"colorbox\" style=\"background-color: #e6e6e6;\"><\/div>\n\n\n&nbsp;\n\n- ++++++++++++++++++++++++++++++++++++++++++++++++++++++++++++++++++++++++++++++++++++\n\n\n<div class=\"colorbox\" style=\"background-color: #e6e6e6;\"><\/div>\n\n\n&nbsp;\n\n++++++++++++++++++++++++++++++++++++++++++++++++++++++++++++++++++++++++++++++++++++ --><\/p>\n","protected":false},"excerpt":{"rendered":"<p>Particip\u0103ri la conferin\u021be \u00een cadrul proiectului FDI-2024-F-0589 &nbsp; Informa\u021bii privind Programele postdoctorale de cercetare avansat\u0103 organizate \u00een cadrul Universit\u0103\u021bii \u201eAlexandru Ioan Cuza\u201c din Ia\u0219i (2022-2024) \u2013 \u0218coala doctoral\u0103 de Fizic\u0103 Burse doctorale POCU 2022-2023 Informa\u021bii privind admiterea la Programele postdoctorale de cercetare avansat\u0103 organizate \u00een cadrul Universit\u0103\u021bii \u201eAlexandru Ioan Cuza\u201c din Ia\u0219i (2019 \u2013 2021) \u2013 \u0218coala doctoral\u0103\u2026 <span class=\"read-more\"><a href=\"https:\/\/www.phys.uaic.ro\/old\/index.php\/scoala-doctorala\/proiecte-doctoranzi-cercetatori-postdoctorat\/\">Read More &raquo;<\/a><\/span><\/p>\n","protected":false},"author":3,"featured_media":0,"parent":365,"menu_order":0,"comment_status":"closed","ping_status":"closed","template":"","meta":{"footnotes":""},"class_list":["post-7577","page","type-page","status-publish","hentry"],"_links":{"self":[{"href":"https:\/\/www.phys.uaic.ro\/old\/index.php\/wp-json\/wp\/v2\/pages\/7577","targetHints":{"allow":["GET"]}}],"collection":[{"href":"https:\/\/www.phys.uaic.ro\/old\/index.php\/wp-json\/wp\/v2\/pages"}],"about":[{"href":"https:\/\/www.phys.uaic.ro\/old\/index.php\/wp-json\/wp\/v2\/types\/page"}],"author":[{"embeddable":true,"href":"https:\/\/www.phys.uaic.ro\/old\/index.php\/wp-json\/wp\/v2\/users\/3"}],"replies":[{"embeddable":true,"href":"https:\/\/www.phys.uaic.ro\/old\/index.php\/wp-json\/wp\/v2\/comments?post=7577"}],"version-history":[{"count":0,"href":"https:\/\/www.phys.uaic.ro\/old\/index.php\/wp-json\/wp\/v2\/pages\/7577\/revisions"}],"up":[{"embeddable":true,"href":"https:\/\/www.phys.uaic.ro\/old\/index.php\/wp-json\/wp\/v2\/pages\/365"}],"wp:attachment":[{"href":"https:\/\/www.phys.uaic.ro\/old\/index.php\/wp-json\/wp\/v2\/media?parent=7577"}],"curies":[{"name":"wp","href":"https:\/\/api.w.org\/{rel}","templated":true}]}}