{"id":7788,"date":"2019-11-29T11:37:36","date_gmt":"2019-11-29T11:37:36","guid":{"rendered":"http:\/\/www.phys.uaic.ro\/?page_id=7788"},"modified":"2025-01-27T12:12:32","modified_gmt":"2025-01-27T10:12:32","slug":"lavinia-petronela-curecheriu-abilitare","status":"publish","type":"page","link":"https:\/\/www.phys.uaic.ro\/old\/index.php\/scoala-doctorala\/sustineri-teze-abilitare\/lavinia-petronela-curecheriu-abilitare\/","title":{"rendered":"Sus\u021binerea tezei de abilitare a doamnei Lect. Dr. Lavinia Petronela CURECHERIU"},"content":{"rendered":"<p>Sune\u021bi invita\u021bi s\u0103 participa\u021bi la sus\u021binerea public\u0103 a tezei de abilitare<\/p>\n<p><b>Studiul corela\u021biei dintre microstructur\u0103-properit\u0103\u021bi fizice- aplica\u021bii \u00een materialele pentru microelectronic\u0103<\/b><\/p>\n<p>elaborata de doamna Lect. Dr. Lavinia Petronela CURECHERIU, Universitatea Alexandru Ioan Cuza din Ia\u0219i. Prezentarea tezei va avea loc \u00een data de 29.05.2020, de la ora 12, online, pe Platforma Zoom.<\/p>\n<p><a href=\"https:\/\/www.phys.uaic.ro\/wp-content\/uploads\/2022\/04\/CV_Curecheriu_Lavinia.pdf\" target=\"_blank\" rel=\"noopener\"><b>CV Lavinia Petronela CURECHERIU<\/b><\/a> <img decoding=\"async\" style=\"vertical-align: top; width: 20px; height: 20px;\" src=\"http:\/\/www.phys.uaic.ro\/wp\/imagini\/pdf-icon.png\" alt=\"pdf\" \/><\/p>\n<p><a href=\"https:\/\/www.phys.uaic.ro\/wp-content\/uploads\/2022\/04\/Lista_lucrari_Curecheriu_Lavinia.pdf\" target=\"_blank\" rel=\"noopener\"><b>Lista de lucr\u0103ri<\/b><\/a> <img decoding=\"async\" style=\"vertical-align: top; width: 20px; height: 20px;\" src=\"http:\/\/www.phys.uaic.ro\/wp\/imagini\/pdf-icon.png\" alt=\"pdf\" \/><\/p>\n<p><a href=\"https:\/\/www.phys.uaic.ro\/wp-content\/uploads\/2022\/04\/standarde_minime_CNATDCU_Curecheriu.pdf\" target=\"_blank\" rel=\"noopener\"><b>Fi\u0219a de \u00eendeplinire a standardelor minimale CNATDCU<\/b><\/a> <img decoding=\"async\" style=\"vertical-align: top; width: 20px; height: 20px;\" src=\"http:\/\/www.phys.uaic.ro\/wp\/imagini\/pdf-icon.png\" alt=\"pdf\" \/><\/p>\n<p><a href=\"https:\/\/www.phys.uaic.ro\/wp-content\/uploads\/2022\/04\/rezumat_Curecheriu.pdf\" target=\"_blank\" rel=\"noopener\"><b>Rezumatul tezei de abilitare<\/b><\/a> <img decoding=\"async\" style=\"vertical-align: top; width: 20px; height: 20px;\" src=\"http:\/\/www.phys.uaic.ro\/wp\/imagini\/pdf-icon.png\" alt=\"pdf\" \/><\/p>\n<p><a href=\"https:\/\/www.phys.uaic.ro\/wp-content\/uploads\/2025\/01\/summary.pdf\" target=\"_blank\" rel=\"noopener\"><b>Summary of Habilitation Thesis<\/b><\/a> <img decoding=\"async\" style=\"vertical-align: top; width: 20px; height: 20px;\" src=\"http:\/\/www.phys.uaic.ro\/wp\/imagini\/pdf-icon.png\" alt=\"pdf\" \/><\/p>\n<p><b>Componen\u021ba comisiei de abilitare<\/b>:<\/p>\n<ul>\n<li>Prof. Juras BANYS, Universitatea din Vilnius, Lituania;<\/li>\n<li>Prof. univ. Dr. Iosif M\u0102L\u0102ESCU, Universitatea de Vest, Timi\u0219oara;<\/li>\n<li>Prof. univ. Dr. Alexandru STANCU, Universitatea Alexandru Ioan Cuza din Ia\u0219i.<\/li>\n<li>Prof. univ. Dr. Viorel POP, Universitatea Babe\u0219-Bolyai, Cluj-Napoca &#8211; <b>membru supleant<\/b>.<\/li>\n<\/ul>\n<p>Persoanele care doresc s\u0103 vizioneze sus\u021binerea trebuie s\u0103 se \u00eenregistreze \u00een prealabil pe link-ul:<\/p>\n<p><a href=\"https:\/\/us02web.zoom.us\/meeting\/register\/tZAkcOuvqDkrHdaO1RKEWrHYnILKNR5WE2DA\">https:\/\/us02web.zoom.us\/meeting\/register\/tZAkcOuvqDkrHdaO1RKEWrHYnILKNR5WE2DA<\/a><\/p>\n<p>cu un sfert de or\u0103 \u00eenainte de \u00eenceperea sus\u021binerii.<\/p>\n<p><a href=\"https:\/\/www.phys.uaic.ro\/wp-content\/uploads\/2025\/01\/Raportul-Comisiei-de-abilitare-Lavinia-CURECHERIU-2020.pdf\" target=\"_blank\" rel=\"noopener\"><b>Raportul comisiei de abilitare<\/b><\/a> <img decoding=\"async\" style=\"vertical-align: top; width: 20px; height: 20px;\" src=\"http:\/\/www.phys.uaic.ro\/wp\/imagini\/pdf-icon.png\" alt=\"pdf\" \/><\/p>\n","protected":false},"excerpt":{"rendered":"<p>Sune\u021bi invita\u021bi s\u0103 participa\u021bi la sus\u021binerea public\u0103 a tezei de abilitare Studiul corela\u021biei dintre microstructur\u0103-properit\u0103\u021bi fizice- aplica\u021bii \u00een materialele pentru microelectronic\u0103 elaborata de doamna Lect. Dr. Lavinia Petronela CURECHERIU, Universitatea Alexandru Ioan Cuza din Ia\u0219i. Prezentarea tezei va avea loc \u00een data de 29.05.2020, de la ora 12, online, pe Platforma Zoom. CV Lavinia Petronela CURECHERIU Lista de\u2026 <span class=\"read-more\"><a href=\"https:\/\/www.phys.uaic.ro\/old\/index.php\/scoala-doctorala\/sustineri-teze-abilitare\/lavinia-petronela-curecheriu-abilitare\/\">Read More &raquo;<\/a><\/span><\/p>\n","protected":false},"author":3,"featured_media":0,"parent":160,"menu_order":0,"comment_status":"closed","ping_status":"closed","template":"","meta":{"footnotes":""},"class_list":["post-7788","page","type-page","status-publish","hentry"],"_links":{"self":[{"href":"https:\/\/www.phys.uaic.ro\/old\/index.php\/wp-json\/wp\/v2\/pages\/7788","targetHints":{"allow":["GET"]}}],"collection":[{"href":"https:\/\/www.phys.uaic.ro\/old\/index.php\/wp-json\/wp\/v2\/pages"}],"about":[{"href":"https:\/\/www.phys.uaic.ro\/old\/index.php\/wp-json\/wp\/v2\/types\/page"}],"author":[{"embeddable":true,"href":"https:\/\/www.phys.uaic.ro\/old\/index.php\/wp-json\/wp\/v2\/users\/3"}],"replies":[{"embeddable":true,"href":"https:\/\/www.phys.uaic.ro\/old\/index.php\/wp-json\/wp\/v2\/comments?post=7788"}],"version-history":[{"count":0,"href":"https:\/\/www.phys.uaic.ro\/old\/index.php\/wp-json\/wp\/v2\/pages\/7788\/revisions"}],"up":[{"embeddable":true,"href":"https:\/\/www.phys.uaic.ro\/old\/index.php\/wp-json\/wp\/v2\/pages\/160"}],"wp:attachment":[{"href":"https:\/\/www.phys.uaic.ro\/old\/index.php\/wp-json\/wp\/v2\/media?parent=7788"}],"curies":[{"name":"wp","href":"https:\/\/api.w.org\/{rel}","templated":true}]}}