{"id":7806,"date":"2019-12-11T14:20:35","date_gmt":"2019-12-11T14:20:35","guid":{"rendered":"http:\/\/www.phys.uaic.ro\/?page_id=7806"},"modified":"2020-10-29T17:56:46","modified_gmt":"2020-10-29T17:56:46","slug":"ionut-cristian-topala-abilitare","status":"publish","type":"page","link":"https:\/\/www.phys.uaic.ro\/old\/index.php\/scoala-doctorala\/sustineri-teze-abilitare\/ionut-cristian-topala-abilitare\/","title":{"rendered":"Sus\u021binerea tezei de abilitare a domnului Lect. Dr. Ionu\u021b Cristian TOPAL\u0102"},"content":{"rendered":"<p>Sune\u021bi invita\u021bi s\u0103 participa\u021bi la sus\u021binerea public\u0103 a tezei de abilitare<\/p>\n<p><b>Aplica\u021bii ale plasmelor la presiune atmosferic\u0103 \u00een \u0219tiin\u021bele vie\u021bii<\/b><\/p>\n<p>elaborata de domnul Lect. Dr. Ionu\u021b Cristian TOPAL\u0102, Universitatea Alexandru Ioan Cuza din Ia\u0219i. Prezentarea tezei va avea loc \u00een data de 24.06.2020, de la ora 11, pe platforma Cisco Webex.<\/p>\n<p><a href=\"http:\/\/www.phys.uaic.ro\/wp\/scoala-doctorala\/sustineri-teze-abilitare\/ionut-cristian-topala\/ionut-cristian-topala-cv-ro.pdf\"><b>CV Ionu\u021b Cristian TOPAL\u0102<\/b><\/a> <img decoding=\"async\" style=\"vertical-align: top; width: 20px; height: 20px;\" src=\"http:\/\/www.phys.uaic.ro\/wp\/imagini\/pdf-icon.png\" alt=\"pdf\" \/><\/p>\n<p><a href=\"http:\/\/www.phys.uaic.ro\/wp\/scoala-doctorala\/sustineri-teze-abilitare\/ionut-cristian-topala\/ionut-cristian-topala-rezumat-teza-abilitare.pdf\"><b>Rezumatul tezei de abilitare<\/b><\/a> <img decoding=\"async\" style=\"vertical-align: top; width: 20px; height: 20px;\" src=\"http:\/\/www.phys.uaic.ro\/wp\/imagini\/pdf-icon.png\" alt=\"pdf\" \/><\/p>\n<p><a href=\"http:\/\/www.phys.uaic.ro\/wp\/scoala-doctorala\/sustineri-teze-abilitare\/ionut-cristian-topala\/ionut-cristian-topala-summary-habilitation-thesis.pdf\"><b>Summary of Habilitation Thesis<\/b><\/a> <img decoding=\"async\" style=\"vertical-align: top; width: 20px; height: 20px;\" src=\"http:\/\/www.phys.uaic.ro\/wp\/imagini\/pdf-icon.png\" alt=\"pdf\" \/><\/p>\n<p><a href=\"http:\/\/www.phys.uaic.ro\/wp\/scoala-doctorala\/sustineri-teze-abilitare\/ionut-cristian-topala\/ionut-cristian-topala-lista-lucrari.pdf\"><b>Lista de lucr\u0103ri<\/b><\/a> <img decoding=\"async\" style=\"vertical-align: top; width: 20px; height: 20px;\" src=\"http:\/\/www.phys.uaic.ro\/wp\/imagini\/pdf-icon.png\" alt=\"pdf\" \/><\/p>\n<p><a href=\"http:\/\/www.phys.uaic.ro\/wp\/scoala-doctorala\/sustineri-teze-abilitare\/ionut-cristian-topala\/ionut-cristian-topala-fisa-standarde-minimale.pdf\"><b>Fi\u0219a de \u00eendeplinire a standardelor minimale CNATDCU<\/b><\/a> <img decoding=\"async\" style=\"vertical-align: top; width: 20px; height: 20px;\" src=\"http:\/\/www.phys.uaic.ro\/wp\/imagini\/pdf-icon.png\" alt=\"pdf\" \/><\/p>\n<p><a href=\"http:\/\/www.phys.uaic.ro\/wp\/scoala-doctorala\/sustineri-teze-abilitare\/ionut-cristian-topala\/ionut-cristian-topala-componenta-comisie-abilitare.pdf\"><b>Componen\u021ba comisiei de abilitare<\/b><\/a> <img decoding=\"async\" style=\"vertical-align: top; width: 20px; height: 20px;\" src=\"http:\/\/www.phys.uaic.ro\/wp\/imagini\/pdf-icon.png\" alt=\"pdf\" \/>:<\/p>\n<ul>\n<li>C.S.I Dr. George DINESCU, Institutul Na\u021bional de Cercetare-Dezvoltare pentru Fizica Laserilor, Plasmei \u0219i Radia\u021biilor (INFLPR) M\u0103gurele, Bucure\u0219ti;<\/li>\n<li>Prof. univ. Dr. Cristina STAN, Universitatea Politehnic\u0103, Bucure\u0219ti;<\/li>\n<li>Prof. univ. Dr. habil. Lucel S\u00ceRGHI, Universitatea Alexandru Ioan Cuza din Ia\u0219i.<\/li>\n<\/ul>\n<p>Persoanele care doresc s\u0103 vizioneze sus\u021binerea trebuie s\u0103 acceseze unul din link-urile urm\u0103toare pe platforma CISCO Webex:<\/p>\n<ul>\n<li><a href=\"https:\/\/catalinagheorghiesei.my.webex.com\/webappng\/sites\/catalinagheorghiesei.my\/meeting\/download\/7292646294e64b2ba8faea2a40c66826?siteurl=catalinagheorghiesei.my&amp;MTID=mef53254330039d1625ef503b3687626a\"><b>CISCO Webex Meeting &#8211; conectare direct\u0103 din browser<\/b><\/a><\/li>\n<li>pentru conectarea direct\u0103 din aplica\u021bie pute\u021bi utiliza urm\u0103toarele date de \u00eenregistrare\n<ul style=\"list-style-type: none\">\n<li><b>Meeting number: 163 745 2358<\/b><\/li>\n<li><b>Password: Kc2jN5UBdW6 (52256582 from phones and video systems)<\/b><\/li>\n<\/ul>\n<\/li>\n<\/ul>\n<p>\u00cent\u00e2lnirea este programat\u0103 s\u0103 \u00eenceap\u0103 la 10:50.<\/p>\n<p><b><span style=\"color: #ff0000;\">Aten\u021bie! \u00cent\u00e2lnirea este \u00eenregistrat\u0103 audio-video, autentificarea dumneavoastr\u0103 se consider\u0103 acordul pentru \u00eenregistrare.<\/span><\/b><\/p>\n<p><a href=\"http:\/\/www.phys.uaic.ro\/wp\/scoala-doctorala\/sustineri-teze-abilitare\/ionut-cristian-topala\/ionut-cristian-topala-raport-comisie-abilitare.pdf\"><b>Raportul comisiei de abilitare<\/b><\/a> <img decoding=\"async\" style=\"vertical-align: top;width:20px;height:20px;\" src=\"http:\/\/www.phys.uaic.ro\/wp\/imagini\/pdf-icon.png\" alt=\"pdf\" \/><\/p>\n","protected":false},"excerpt":{"rendered":"<p>Sune\u021bi invita\u021bi s\u0103 participa\u021bi la sus\u021binerea public\u0103 a tezei de abilitare Aplica\u021bii ale plasmelor la presiune atmosferic\u0103 \u00een \u0219tiin\u021bele vie\u021bii elaborata de domnul Lect. Dr. Ionu\u021b Cristian TOPAL\u0102, Universitatea Alexandru Ioan Cuza din Ia\u0219i. Prezentarea tezei va avea loc \u00een data de 24.06.2020, de la ora 11, pe platforma Cisco Webex. CV Ionu\u021b Cristian TOPAL\u0102 Rezumatul tezei de\u2026 <span class=\"read-more\"><a href=\"https:\/\/www.phys.uaic.ro\/old\/index.php\/scoala-doctorala\/sustineri-teze-abilitare\/ionut-cristian-topala-abilitare\/\">Read More &raquo;<\/a><\/span><\/p>\n","protected":false},"author":3,"featured_media":0,"parent":160,"menu_order":0,"comment_status":"closed","ping_status":"closed","template":"","meta":{"footnotes":""},"class_list":["post-7806","page","type-page","status-publish","hentry"],"_links":{"self":[{"href":"https:\/\/www.phys.uaic.ro\/old\/index.php\/wp-json\/wp\/v2\/pages\/7806","targetHints":{"allow":["GET"]}}],"collection":[{"href":"https:\/\/www.phys.uaic.ro\/old\/index.php\/wp-json\/wp\/v2\/pages"}],"about":[{"href":"https:\/\/www.phys.uaic.ro\/old\/index.php\/wp-json\/wp\/v2\/types\/page"}],"author":[{"embeddable":true,"href":"https:\/\/www.phys.uaic.ro\/old\/index.php\/wp-json\/wp\/v2\/users\/3"}],"replies":[{"embeddable":true,"href":"https:\/\/www.phys.uaic.ro\/old\/index.php\/wp-json\/wp\/v2\/comments?post=7806"}],"version-history":[{"count":0,"href":"https:\/\/www.phys.uaic.ro\/old\/index.php\/wp-json\/wp\/v2\/pages\/7806\/revisions"}],"up":[{"embeddable":true,"href":"https:\/\/www.phys.uaic.ro\/old\/index.php\/wp-json\/wp\/v2\/pages\/160"}],"wp:attachment":[{"href":"https:\/\/www.phys.uaic.ro\/old\/index.php\/wp-json\/wp\/v2\/media?parent=7806"}],"curies":[{"name":"wp","href":"https:\/\/api.w.org\/{rel}","templated":true}]}}