{"id":8309,"date":"2020-03-20T08:19:01","date_gmt":"2020-03-20T08:19:01","guid":{"rendered":"http:\/\/www.phys.uaic.ro\/?page_id=8309"},"modified":"2023-10-05T08:44:22","modified_gmt":"2023-10-05T05:44:22","slug":"conferinte-cercetare-2020","status":"publish","type":"page","link":"https:\/\/www.phys.uaic.ro\/old\/index.php\/cercetare\/conferinte-cercetare\/conferinte-cercetare-2020\/","title":{"rendered":"Conferin\u021be 2020"},"content":{"rendered":"<p><!-- ++++++++++++++++++++++++++++++++++++++++++++++++++++++++++++++++++++++++++++++++++++ --><\/p>\n<div id=\"farphys-2020\" class=\"colorbox\" style=\"background-color: #e6e6e6;\">\n<h3 id=\"farphys\"><b>FARPHYS 2020<\/b><\/h3>\n<p>Facultatea de Fizic\u0103 organizeaz\u0103 pe 23 octombrie 2020 conferin\u021ba \u015ftiin\u021bific\u0103 studen\u021beasc\u0103 FARPHYS 2020. Conferinta se va desfasura online, iar programul exact va fi stabilit in functie de numarul de lucrari primite.<\/p>\n<p>Propunerile de comunic\u0103ri \u015ftiin\u0163ifice vor cuprinde titlul, autorii \u015fi un abstract de maxim 200 de cuvinte (\u00een limba rom\u00e2n\u0103) \u015fi vor fi trimise p\u00e2n\u0103 pe data de 18 octombrie pe adresa <span style=\"color: blue;\">cristian.enachescu@uaic.ro<\/span>. In cazul studentilor de la licen\u021b\u0103 \u015fi masteranzilor, printre autorii fiec\u0103rei comunic\u0103ri trebuie s\u0103 se reg\u0103seasc\u0103 obligatoriu \u015fi un cadru didactic\/cercet\u0103tor.<\/p>\n<p>Prezent\u0103rile stiintifice vor fi orale (prin sistemul webex) si vor avea o durat\u0103 de 10-15 minute.<\/p>\n<p>Ca de obicei in deschiderea conferintei, un fost absolvent al Facultatii de Fizica va tine o prelegere despre posibilitatile de cariera ale unui absolvent de fizica, din perspectiva evolutiei sale.<\/p>\n<p><img decoding=\"async\" src=\"http:\/\/www.phys.uaic.ro\/wp\/cercetare\/conferinte\/conferinte-2020\/farphys-afis-2020.jpg\" alt=\"farphys\" \/><\/p>\n<p id=\"abstracte\"><a href=\"http:\/\/www.phys.uaic.ro\/wp\/cercetare\/conferinte\/conferinte-2020\/farphys-abstracte-2020.pdf\">Abstractele comunicarilor stiintifice la conferinta<\/a> <img decoding=\"async\" style=\"vertical-align: middle; width: 20px; height: 20px;\" src=\"http:\/\/www.phys.uaic.ro\/wp\/imagini\/pdf-icon.png\" alt=\"pdf\" \/><\/p>\n<p>Conferinta se va desfasura pe 23.10.2929, online, cu incepere de la ora 17.30, pe platforma webex la adresa:<\/p>\n<p><a href=\"https:\/\/uaic.webex.com\/uaic\/j.php?MTID=mc13c0e5cf02a93471b63a96e8386679d\">https:\/\/uaic.webex.com\/uaic\/j.php?MTID=mc13c0e5cf02a93471b63a96e8386679d<\/a> .<\/p>\n<\/div>\n<p>&nbsp;<\/p>\n<p><!-- ++++++++++++++++++++++++++++++++++++++++++++++++++++++++++++++++++++++++++++++++++++ --><\/p>\n<div id=\"cnd\" class=\"colorbox\" style=\"background-color: #e6e6e6;\">\n<h3><b>Conferin\u021ba Na\u021bional\u0103 a Doctoranzilor de la Facult\u0103\u021bile de Fizic\u0103 din cadrul Universit\u0103\u021bilor din Consor\u021biul Universitaria<\/b><\/h3>\n<p>\u0218coala Doctoral\u0103 de Fizic\u0103, din cadrul Universit\u0103\u021bii Alexandru Ioan Cuza din Ia\u0219i organizeaz\u0103 \u00een acest an a III-a edi\u021bie a Conferin\u021bei Na\u021bionale a Doctoranzilor de la Facult\u0103\u021bile de Fizic\u0103 din cadrul Universit\u0103\u021bilor din Consor\u021biul Universitaria.<\/p>\n<p>\u00cen tradi\u021bia precedentelor edi\u021bii, inten\u021bion\u0103m ca \u0219i cea din acest an s\u0103 fie o conferin\u021b\u0103-\u0219coal\u0103, de schimb de experien\u021b\u0103 pentru cre\u0219terea nivelului tezelor doctorale.<\/p>\n<p>\u00cen premier\u0103 fa\u021b\u0103 de evenimentele precedente din aceast\u0103 serie, pentru a oferi doctoranzilor exemple de cercet\u0103ri doctorale de performan\u021b\u0103, \u00een aceast\u0103 edi\u021bie, prezent\u0103rile vor \u00eencepe cu o sec\u021biune de expuneri invitate, \u00een care fiecare universitate din Consor\u021biu, s\u0103 adreseze invita\u021bia unui postdoctorand al s\u0103u care \u0219i-a sus\u021binut teza cu rezultate deosebite pe parcursul anului universitar 2019- 2020.<\/p>\n<p>Aceast\u0103 sec\u021biune va fi urmat\u0103 de prezent\u0103ri ale studen\u021bilor afla\u021bi \u00eentr-un stadiu intermediar &#8211; de cercetare, ori final &#8211; de redactare a tezei, care s\u0103 primeasc\u0103 comentarii \u0219i critici din partea asisten\u021bei asupra evolu\u021biei cercet\u0103rii lor \u0219i asupra rezultatelor ob\u021binute. Dorim ca \u0219i \u00een aceast\u0103 edi\u021bie, prin expunerile pe care le vor face, doctoranzii s\u0103-\u0219i exerseze inclusiv capacitatea de a se informa \u0219i de a-\u0219i raporta rezultatele proprii prin comparare cu nivelul atins \u00een cercetarea mondial\u0103 \u00een ni\u0219a lor de investiga\u021bie \u0219tiin\u021bific\u0103.<\/p>\n<p>Ultima sec\u021biune va fi dedicat\u0103 studen\u021bilor doctoranzi afla\u021bi la \u00eenceputul studiilor doctorale, imediat dup\u0103 \u00eenscrierea din septembrie sau afla\u021bi la sf\u00e2r\u0219itul primului an, oferindu-le posibilitatea de a ob\u021bine feedback din partea audien\u021bei \u00een leg\u0103tur\u0103 cu temele de cercetare doctoral\u0103 alese.<\/p>\n<p>Calendarul evenimentului<\/p>\n<ul>\n<li>1 septembrie \u2013 10 octombrie 2020: \u00eenscrierea lucr\u0103rilor (titlu, autori, rezumat) pe site-ul EasyChair, la adresa <a href=\"https:\/\/easychair.org\/conferences\/?conf=csdcmif2020\">https:\/\/easychair.org\/conferences\/?conf=csdcmif2020<\/a>. Deoarece a III-a edi\u021bie a Conferin\u021bei Na\u021bionale a Doctoranzilor se desfa\u0219oar\u0103 simultan pe domeniile Fizic\u0103, Matematic\u0103 \u0219i Informatica, va rug\u0103m ca primul cuv\u00e2nt din sec\u021biunea keywords, s\u0103 fie: FIZICA;<\/li>\n<li>11 \u2013 13 octombrie: selec\u021bia lucr\u0103rilor, \u00een cadrul \u0219colilor doctorale ale universit\u0103\u021bilor din Consor\u021biu;<\/li>\n<li>14 octombrie 2020: comunicarea prezent\u0103rilor acceptate \u0219i afi\u0219area programului;<\/li>\n<li>22 &#8211; 23 octombrie: desf\u0103\u0219urarea conferin\u021bei \u00een regim online.<\/li>\n<\/ul>\n<p>Informatii suplimentare g\u0103si\u021bi la adresa <a href=\"https:\/\/profs.info.uaic.ro\/~CSDCU_MIF2020\/\">https:\/\/profs.info.uaic.ro\/~CSDCU_MIF2020\/<\/a>.<\/p>\n<p>V\u0103 a\u0219tept\u0103m s\u0103 participa\u021bi \u00een num\u0103r c\u00e2t mai mare!<\/p>\n<p><b><span style=\"color: red;\">Desf\u0103\u0219urarea \u00een regim online<\/span><\/b><\/p>\n<p>\u00cen perioada 22-23.10 se va desf\u0103\u0219ura a III-a edi\u021bie a Conferin\u021bei Na\u021bionale a Doctoranzilor de la Facult\u0103\u021bile de Fizic\u0103 din cadrul Universit\u0103\u021bilor din Consor\u021biul Universitaria. Vor fi 28 de prezent\u0103ri care se vor desf\u0103\u0219ura pe parcursul celor doua zile.<\/p>\n<p>G\u0103si\u021bi informa\u021bii despre programul conferin\u021bei la adresa:<\/p>\n<p><a href=\"https:\/\/profs.info.uaic.ro\/~CSDCU_MIF2020\/index.php\/fizica\/\">https:\/\/profs.info.uaic.ro\/~CSDCU_MIF2020\/index.php\/fizica\/<\/a><\/p>\n<p>Platforma utilizat\u0103 va fi ZOOM.<\/p>\n<p>Topic: Fizica &#8211; Zoom Meeting<\/p>\n<p>Join Zoom Meeting:<\/p>\n<p><a href=\"https:\/\/zoom.us\/j\/97304889545?pwd=SkovZEhueW1aa01CamN6b3htRFJoZz09\">https:\/\/zoom.us\/j\/97304889545?pwd=SkovZEhueW1aa01CamN6b3htRFJoZz09<\/a><\/p>\n<ul>\n<li>Meeting ID: 973 0488 9545<\/li>\n<li>Passcode: 1efZ9n<\/li>\n<\/ul>\n<\/div>\n<p>&nbsp;<\/p>\n<div id=\"nfs\" class=\"colorbox\" style=\"background-color: #e6e6e6;\">\n<h3><b>ICPAM-13 2020<\/b><\/h3>\n<p><a href=\"https:\/\/icpams.com\/main\/wp-content\/uploads\/BoA-ICPAM-13-v4.pdf\">Book of abstracts (ICPAM)<\/a><\/p>\n<p><a href=\"https:\/\/icpams.com\/main\/wp-content\/uploads\/BoA_PAMS-4-v2.pdf\">Book of abstracts (PAMS)<\/a><\/p>\n<p>&nbsp;<\/p>\n<\/div>\n<p>&nbsp;<\/p>\n<p><!-- ++++++++++++++++++++++++++++++++++++++++++++++++++++++++++++++++++++++++++++++++++++ --><\/p>\n","protected":false},"excerpt":{"rendered":"<p>FARPHYS 2020 Facultatea de Fizic\u0103 organizeaz\u0103 pe 23 octombrie 2020 conferin\u021ba \u015ftiin\u021bific\u0103 studen\u021beasc\u0103 FARPHYS 2020. Conferinta se va desfasura online, iar programul exact va fi stabilit in functie de numarul de lucrari primite. Propunerile de comunic\u0103ri \u015ftiin\u0163ifice vor cuprinde titlul, autorii \u015fi un abstract de maxim 200 de cuvinte (\u00een limba rom\u00e2n\u0103) \u015fi vor fi trimise p\u00e2n\u0103 pe\u2026 <span class=\"read-more\"><a href=\"https:\/\/www.phys.uaic.ro\/old\/index.php\/cercetare\/conferinte-cercetare\/conferinte-cercetare-2020\/\">Read More &raquo;<\/a><\/span><\/p>\n","protected":false},"author":3,"featured_media":0,"parent":3015,"menu_order":0,"comment_status":"closed","ping_status":"closed","template":"","meta":{"footnotes":""},"class_list":["post-8309","page","type-page","status-publish","hentry"],"_links":{"self":[{"href":"https:\/\/www.phys.uaic.ro\/old\/index.php\/wp-json\/wp\/v2\/pages\/8309","targetHints":{"allow":["GET"]}}],"collection":[{"href":"https:\/\/www.phys.uaic.ro\/old\/index.php\/wp-json\/wp\/v2\/pages"}],"about":[{"href":"https:\/\/www.phys.uaic.ro\/old\/index.php\/wp-json\/wp\/v2\/types\/page"}],"author":[{"embeddable":true,"href":"https:\/\/www.phys.uaic.ro\/old\/index.php\/wp-json\/wp\/v2\/users\/3"}],"replies":[{"embeddable":true,"href":"https:\/\/www.phys.uaic.ro\/old\/index.php\/wp-json\/wp\/v2\/comments?post=8309"}],"version-history":[{"count":0,"href":"https:\/\/www.phys.uaic.ro\/old\/index.php\/wp-json\/wp\/v2\/pages\/8309\/revisions"}],"up":[{"embeddable":true,"href":"https:\/\/www.phys.uaic.ro\/old\/index.php\/wp-json\/wp\/v2\/pages\/3015"}],"wp:attachment":[{"href":"https:\/\/www.phys.uaic.ro\/old\/index.php\/wp-json\/wp\/v2\/media?parent=8309"}],"curies":[{"name":"wp","href":"https:\/\/api.w.org\/{rel}","templated":true}]}}