{"id":8988,"date":"2020-07-09T13:35:56","date_gmt":"2020-07-09T13:35:56","guid":{"rendered":"https:\/\/www.phys.uaic.ro\/?page_id=8988"},"modified":"2020-08-31T19:01:00","modified_gmt":"2020-08-31T19:01:00","slug":"numar-locuri-licenta-balti-septembrie-2020","status":"publish","type":"page","link":"https:\/\/www.phys.uaic.ro\/old\/index.php\/extensiunea-balti\/admitere-balti\/numar-locuri-licenta-balti-septembrie-2020\/","title":{"rendered":"Num\u0103rul de locuri la licen\u021b\u0103 septembrie 2020 &#8211; Extensiunea B\u0103l\u021bi"},"content":{"rendered":"<p>&nbsp;<\/p>\n<p>&nbsp;<\/p>\n<table style=\"border: 1px solid black; color: black; font-size: 10px;\">\n<tbody>\n<tr>\n<td style=\"border: 1px solid black;\" rowspan=\"3\">Domeniul de licen\u0163\u0103<\/td>\n<td style=\"border: 1px solid black;\" rowspan=\"3\">Specializarea\/Programul de studii universitare de licen\u0163\u0103<\/td>\n<td style=\"border: 1px solid black; text-align: center;\" rowspan=\"3\">Limba de predare<\/td>\n<td style=\"border: 1px solid black; text-align: center;\" rowspan=\"3\">Forma de invatamant<\/td>\n<td style=\"border: 1px solid black; text-align: center;\" rowspan=\"3\">Numar credite<\/td>\n<td style=\"border: 1px solid black; text-align: center;\" colspan=\"4\">Numar locuri<\/td>\n<\/tr>\n<tr><!--\n\n\n<td style=\"border: 1px solid black; text-align: center;\" colspan=\"2\">Romani,UE,SEE<\/td>\n\n\n--><\/p>\n<td style=\"border: 1px solid black; text-align: center;\" colspan=\"2\">Romani de pretutindeni<\/td>\n<\/tr>\n<tr><!--\n\n\n<td style=\"border: 1px solid black; text-align: center;\">Buget<\/td>\n\n\n--><!--\n\n\n<td style=\"border: 1px solid black; text-align: center;\">Taxa<\/td>\n\n\n--><\/p>\n<td style=\"border: 1px solid black; text-align: center;\">Buget<\/td>\n<td style=\"border: 1px solid black; text-align: center;\">Taxa<\/td>\n<\/tr>\n<tr>\n<td style=\"border: 1px solid black;\">\u015etiin\u0163e inginere\u015fti aplicate<\/td>\n<td style=\"border: 1px solid black;\">Fizic\u0103 tehnologic\u0103 (B\u0103l\u021bi)<\/td>\n<td style=\"border: 1px solid black; text-align: center;\">Romana<\/td>\n<td style=\"border: 1px solid black; text-align: center;\">IF<\/td>\n<td style=\"border: 1px solid black; text-align: center;\">240<\/td>\n<p><!--\n\n\n<td style=\"border: 1px solid black; text-align: center;\">0<\/td>\n\n\n--><!--\n\n\n<td style=\"border: 1px solid black; text-align: center;\">0<\/td>\n\n\n--><\/p>\n<td style=\"border: 1px solid black; text-align: center;\">73<\/td>\n<td style=\"border: 1px solid black; text-align: center;\">0<\/td>\n<\/tr>\n<\/tbody>\n<\/table>\n","protected":false},"excerpt":{"rendered":"<p>&nbsp; &nbsp; Domeniul de licen\u0163\u0103 Specializarea\/Programul de studii universitare de licen\u0163\u0103 Limba de predare Forma de invatamant Numar credite Numar locuri Romani de pretutindeni Buget Taxa \u015etiin\u0163e inginere\u015fti aplicate Fizic\u0103 tehnologic\u0103 (B\u0103l\u021bi) Romana IF 240 73 0<\/p>\n","protected":false},"author":3,"featured_media":0,"parent":4708,"menu_order":0,"comment_status":"closed","ping_status":"closed","template":"","meta":{"footnotes":""},"class_list":["post-8988","page","type-page","status-publish","hentry"],"_links":{"self":[{"href":"https:\/\/www.phys.uaic.ro\/old\/index.php\/wp-json\/wp\/v2\/pages\/8988","targetHints":{"allow":["GET"]}}],"collection":[{"href":"https:\/\/www.phys.uaic.ro\/old\/index.php\/wp-json\/wp\/v2\/pages"}],"about":[{"href":"https:\/\/www.phys.uaic.ro\/old\/index.php\/wp-json\/wp\/v2\/types\/page"}],"author":[{"embeddable":true,"href":"https:\/\/www.phys.uaic.ro\/old\/index.php\/wp-json\/wp\/v2\/users\/3"}],"replies":[{"embeddable":true,"href":"https:\/\/www.phys.uaic.ro\/old\/index.php\/wp-json\/wp\/v2\/comments?post=8988"}],"version-history":[{"count":0,"href":"https:\/\/www.phys.uaic.ro\/old\/index.php\/wp-json\/wp\/v2\/pages\/8988\/revisions"}],"up":[{"embeddable":true,"href":"https:\/\/www.phys.uaic.ro\/old\/index.php\/wp-json\/wp\/v2\/pages\/4708"}],"wp:attachment":[{"href":"https:\/\/www.phys.uaic.ro\/old\/index.php\/wp-json\/wp\/v2\/media?parent=8988"}],"curies":[{"name":"wp","href":"https:\/\/api.w.org\/{rel}","templated":true}]}}