{"id":8993,"date":"2020-07-09T13:43:15","date_gmt":"2020-07-09T13:43:15","guid":{"rendered":"https:\/\/www.phys.uaic.ro\/?page_id=8993"},"modified":"2020-08-31T19:02:16","modified_gmt":"2020-08-31T19:02:16","slug":"numar-locuri-master-balti-septembrie-2020","status":"publish","type":"page","link":"https:\/\/www.phys.uaic.ro\/old\/index.php\/extensiunea-balti\/admitere-balti\/numar-locuri-master-balti-septembrie-2020\/","title":{"rendered":"Num\u0103rul de locuri la master septembrie 2020 &#8211; Extensiunea B\u0103l\u021bi"},"content":{"rendered":"<p>&nbsp;<\/p>\n<table style=\"border: 1px solid black; color: black; font-size: 10px;\">\n<tbody>\n<tr>\n<td style=\"border: 1px solid black;\" rowspan=\"3\">Domeniul de master<\/td>\n<td style=\"border: 1px solid black;\" rowspan=\"3\">Specializarea\/Programul de studii universitare de master<\/td>\n<td style=\"border: 1px solid black; text-align: center;\" rowspan=\"3\">Limba de predare<\/td>\n<td style=\"border: 1px solid black; text-align: center;\" rowspan=\"3\">Forma de invatamant<\/td>\n<td style=\"border: 1px solid black; text-align: center;\" rowspan=\"3\">Numar credite<\/td>\n<td style=\"border: 1px solid black; text-align: center;\" colspan=\"4\">Numar locuri<\/td>\n<\/tr>\n<tr><!--\n\n\n<td style=\"border: 1px solid black; text-align: center;\" colspan=\"2\">Romani,UE,SEE<\/td>\n\n\n--><\/p>\n<td style=\"border: 1px solid black; text-align: center;\" colspan=\"2\">Romani de pretutindeni<\/td>\n<\/tr>\n<tr><!--\n\n\n<td style=\"border: 1px solid black; text-align: center;\">Buget<\/td>\n\n\n\n\n<td style=\"border: 1px solid black; text-align: center;\">Taxa<\/td>\n\n\n--><\/p>\n<td style=\"border: 1px solid black; text-align: center;\">Buget<\/td>\n<td style=\"border: 1px solid black; text-align: center;\">Taxa<\/td>\n<\/tr>\n<tr>\n<td style=\"border: 1px solid black;\">Fizic\u0103<\/td>\n<td style=\"border: 1px solid black;\">Fizic\u0103 aplicat\u0103 \u00een tehnologiile informa\u021biei \u0219i comunica\u021bii (B\u0103l\u021bi)<\/td>\n<td style=\"border: 1px solid black; text-align: center;\">Romana<\/td>\n<td style=\"border: 1px solid black; text-align: center;\">IF<\/td>\n<td style=\"border: 1px solid black; text-align: center;\">120<\/td>\n<p><!--\n\n\n<td style=\"border: 1px solid black; text-align: center;\">0<\/td>\n\n\n\n\n<td style=\"border: 1px solid black; text-align: center;\">0<\/td>\n\n\n--><\/p>\n<td style=\"border: 1px solid black; text-align: center;\">18<\/td>\n<td style=\"border: 1px solid black; text-align: center;\">0<\/td>\n<\/tr>\n<\/tbody>\n<\/table>\n","protected":false},"excerpt":{"rendered":"<p>&nbsp; Domeniul de master Specializarea\/Programul de studii universitare de master Limba de predare Forma de invatamant Numar credite Numar locuri Romani de pretutindeni Buget Taxa Fizic\u0103 Fizic\u0103 aplicat\u0103 \u00een tehnologiile informa\u021biei \u0219i comunica\u021bii (B\u0103l\u021bi) Romana IF 120 18 0<\/p>\n","protected":false},"author":3,"featured_media":0,"parent":4708,"menu_order":0,"comment_status":"closed","ping_status":"closed","template":"","meta":{"footnotes":""},"class_list":["post-8993","page","type-page","status-publish","hentry"],"_links":{"self":[{"href":"https:\/\/www.phys.uaic.ro\/old\/index.php\/wp-json\/wp\/v2\/pages\/8993","targetHints":{"allow":["GET"]}}],"collection":[{"href":"https:\/\/www.phys.uaic.ro\/old\/index.php\/wp-json\/wp\/v2\/pages"}],"about":[{"href":"https:\/\/www.phys.uaic.ro\/old\/index.php\/wp-json\/wp\/v2\/types\/page"}],"author":[{"embeddable":true,"href":"https:\/\/www.phys.uaic.ro\/old\/index.php\/wp-json\/wp\/v2\/users\/3"}],"replies":[{"embeddable":true,"href":"https:\/\/www.phys.uaic.ro\/old\/index.php\/wp-json\/wp\/v2\/comments?post=8993"}],"version-history":[{"count":0,"href":"https:\/\/www.phys.uaic.ro\/old\/index.php\/wp-json\/wp\/v2\/pages\/8993\/revisions"}],"up":[{"embeddable":true,"href":"https:\/\/www.phys.uaic.ro\/old\/index.php\/wp-json\/wp\/v2\/pages\/4708"}],"wp:attachment":[{"href":"https:\/\/www.phys.uaic.ro\/old\/index.php\/wp-json\/wp\/v2\/media?parent=8993"}],"curies":[{"name":"wp","href":"https:\/\/api.w.org\/{rel}","templated":true}]}}