{"id":9063,"date":"2020-07-10T16:12:11","date_gmt":"2020-07-10T16:12:11","guid":{"rendered":"https:\/\/www.phys.uaic.ro\/?page_id=9063"},"modified":"2020-09-07T16:15:01","modified_gmt":"2020-09-07T16:15:01","slug":"acte-licenta-balti-iulie-2020","status":"publish","type":"page","link":"https:\/\/www.phys.uaic.ro\/old\/index.php\/extensiunea-balti\/admitere-balti\/acte-licenta-balti-iulie-2020\/","title":{"rendered":"Actele necesare la licen\u021b\u0103 iulie 2020 &#8211; Extensiunea B\u0103l\u021bi"},"content":{"rendered":"<p style=\"font-size: 16px;\">Pentru <b>admiterea online<\/b><\/p>\n<ul>\n<li><b>Fi\u015fa de \u00eenscriere <a href=\"https:\/\/www.phys.uaic.ro\/wp-content\/uploads\/2020\/09\/Anexa-1-RM_Fisa_Inscriere_Licenta_2020.docx\">Anexa-1-RM_Fisa_Inscriere_Licenta_2020<\/a><\/b><\/li>\n<\/ul>\n<p>Copii scanate dup\u0103:<\/p>\n<ul>\n<li>Copie scanat\u0103\/fotografie dup\u0103 <strong>Buletinul\/Cartea\/actul de identitate<\/strong>, inclusiv <strong>Anexa cu dovada domiciliului<\/strong>;<\/li>\n<li>Copie scanat\u0103\/fotografie dup\u0103 <strong>certificatul de na\u0219tere<\/strong>, tradus \u00een limba rom\u00e2n\u0103 sau \u00eentr-o limb\u0103 de circula\u021bie interna\u021bional\u0103;<\/li>\n<li>Copie scanat\u0103\/fotografie dup\u0103 <strong>pa\u0219aport<\/strong> (cel pu\u021bin paginile necesare verific\u0103rii datelor de identitate, cet\u0103\u021beniei \u0219i domiciliului), valabil cel pu\u021bin 6 luni de la \u00eenceperea programului de studii pentru care opteaz\u0103 candidatul;<\/li>\n<li>Copie scanat\u0103\/fotografie dup\u0103 <strong>certificatul de c\u0103s\u0103torie<\/strong>, dup\u0103 caz, tradus \u00een limba rom\u00e2n\u0103 sau \u00eentr-o limb\u0103 de circula\u021bie interna\u021bional\u0103;<\/li>\n<li>Copie scanat\u0103\/fotografie a <strong>Diplomei de Bacalaureat<\/strong> sau echivalent\u0103 sau, dup\u0103 caz, adeverin\u021ba (pentru anul absolvirii anul curent) de promovare a examenelor na\u021bionale de absolvire a \u00eenv\u0103\u021b\u0103m\u00e2ntului liceal (tradus \u00een limba rom\u00e2n\u0103 sau \u00eentr-o limb\u0103 de circula\u021bie interna\u021bional\u0103);<\/li>\n<li>Copii scanate\/fotografii ale <strong>foilor matricole pentru studiile liceale absolvite<\/strong> (traduse \u00een limba rom\u00e2n\u0103 sau \u00eentr-o limb\u0103 de circula\u021bie interna\u021bional\u0103);<\/li>\n<li><strong>Adeverin\u021ba medical\u0103<\/strong> tip, eliberat\u0103 \u00een ultimele 6 luni, care s\u0103 men\u021bioneze starea de s\u0103n\u0103tate a candidatului (este sau nu \u00een eviden\u021b\u0103 cu boli cronice \u0219i care sunt acestea dac\u0103 este cazul);<\/li>\n<li><strong>3 fotografii<\/strong> 2 x 2,5 cm (se aduc \u00een momentul confirm\u0103rii locului prin depunerea dosarului);<\/li>\n<li>alte documente solicitate de facultate, dup\u0103 caz<\/li>\n<\/ul>\n<p><b>\u00cen cazul admiterii online, actele originale vor fi aduse la confirmarea locului, \u00eempreun\u0103 cu 3 fotografii \u0219i un dosar plic!<\/b><\/p>\n<p><!--\n\n\n<p style=\"font-size: 16px;\">Pentru <b>admiterea direct\u0103<\/b><\/p>\n\n\n\n\n\n<ul>\n \t\n\n<li><b>Fi\u015fa de \u00eenscriere<\/b><\/li>\n\n\n \t\n\n<li><b>Diploma de bacalaureat<\/b> ob\u0163inut\u0103 \u00een Rom\u00e2nia, \u00een original, sau ATESTAT de echivalare emis de C.N.R.E.D.. Candida\u0163ii care au promovat examenul de bacalaureat \u00een <b>2020<\/b> pot prezenta \u00een locul diplomei de bacalaureat <b>adeverin\u0163a eliberat\u0103 de liceu<\/b>, \u00een care se men\u0163ioneaz\u0103 media general\u0103 de la bacalaureat, notele disciplinelor de bacalaureat<\/li>\n\n\n \t\n\n<li>\u00cen cazul \u00een care candidatul nu este la prima facultate la care se \u00eenscrie atunci trebuie o adeverin\u021b\u0103 de la facultatea unde sunt depuse actele \u00een original<\/li>\n\n\n \t\n\n<li><i>Original<\/i>* + <i>Copie simpl\u0103 a c\u0103r\u0163ii de identitate (care atest\u0103 domiciliul \u00een Rom\u00e2nia)<\/i><\/li>\n\n\n \t\n\n<li><i>Original<\/i>* + <i>Copie simpl\u0103 a certificatului de na\u015ftere<\/i><\/li>\n\n\n \t\n\n<li><i>Original<\/i>* + <i>Copie simpl\u0103 a certificatului de c\u0103s\u0103torie sau a documentului care atest\u0103 schimbarea numelui (dac\u0103 este cazul)<\/i><\/li>\n\n\n \t\n\n<li><i>Adeverin\u0163\u0103 medical\u0103 tip (eliberat\u0103 \u00een ultimele 6 luni, care s\u0103 men\u0163ioneze starea de s\u0103n\u0103tate a candidatului (este\/nu este \u00een eviden\u0163\u0103 cu boli cronice, \u015fi care sunt acestea, dac\u0103 este cazul)<\/i><\/li>\n\n\n \t\n\n<li><i>2 fotografii<\/i> tip carte de identitate<\/li>\n\n\n \t\n\n<li><i>Adeverin\u0163\u0103<\/i> din care s\u0103 rezulte calitatea de student cu men\u0163ionarea num\u0103rului de semestre \u00een care s-a beneficiat de finan\u0163are de la buget \u015fi de burs\u0103 (dac\u0103 este cazul pentru studen\u021bii care urmeaz\u0103 o a doua specializare)<\/li>\n\n\n \t\n\n<li><b>Dosar plic<\/b><\/li>\n\n\n<\/ul>\n\n\n(*) Se restituie candidatului dup\u0103 certificarea documentului \u00een copie de c\u0103tre membrii comisiei.\n\n--><\/p>\n","protected":false},"excerpt":{"rendered":"<p>Pentru admiterea online Fi\u015fa de \u00eenscriere Anexa-1-RM_Fisa_Inscriere_Licenta_2020 Copii scanate dup\u0103: Copie scanat\u0103\/fotografie dup\u0103 Buletinul\/Cartea\/actul de identitate, inclusiv Anexa cu dovada domiciliului; Copie scanat\u0103\/fotografie dup\u0103 certificatul de na\u0219tere, tradus \u00een limba rom\u00e2n\u0103 sau \u00eentr-o limb\u0103 de circula\u021bie interna\u021bional\u0103; Copie scanat\u0103\/fotografie dup\u0103 pa\u0219aport (cel pu\u021bin paginile necesare verific\u0103rii datelor de identitate, cet\u0103\u021beniei \u0219i domiciliului), valabil cel pu\u021bin 6 luni de\u2026 <span class=\"read-more\"><a href=\"https:\/\/www.phys.uaic.ro\/old\/index.php\/extensiunea-balti\/admitere-balti\/acte-licenta-balti-iulie-2020\/\">Read More &raquo;<\/a><\/span><\/p>\n","protected":false},"author":3,"featured_media":0,"parent":4708,"menu_order":0,"comment_status":"closed","ping_status":"closed","template":"","meta":{"footnotes":""},"class_list":["post-9063","page","type-page","status-publish","hentry"],"_links":{"self":[{"href":"https:\/\/www.phys.uaic.ro\/old\/index.php\/wp-json\/wp\/v2\/pages\/9063","targetHints":{"allow":["GET"]}}],"collection":[{"href":"https:\/\/www.phys.uaic.ro\/old\/index.php\/wp-json\/wp\/v2\/pages"}],"about":[{"href":"https:\/\/www.phys.uaic.ro\/old\/index.php\/wp-json\/wp\/v2\/types\/page"}],"author":[{"embeddable":true,"href":"https:\/\/www.phys.uaic.ro\/old\/index.php\/wp-json\/wp\/v2\/users\/3"}],"replies":[{"embeddable":true,"href":"https:\/\/www.phys.uaic.ro\/old\/index.php\/wp-json\/wp\/v2\/comments?post=9063"}],"version-history":[{"count":0,"href":"https:\/\/www.phys.uaic.ro\/old\/index.php\/wp-json\/wp\/v2\/pages\/9063\/revisions"}],"up":[{"embeddable":true,"href":"https:\/\/www.phys.uaic.ro\/old\/index.php\/wp-json\/wp\/v2\/pages\/4708"}],"wp:attachment":[{"href":"https:\/\/www.phys.uaic.ro\/old\/index.php\/wp-json\/wp\/v2\/media?parent=9063"}],"curies":[{"name":"wp","href":"https:\/\/api.w.org\/{rel}","templated":true}]}}