{"id":9505,"date":"2020-08-05T10:44:22","date_gmt":"2020-08-05T10:44:22","guid":{"rendered":"https:\/\/www.phys.uaic.ro\/?page_id=9505"},"modified":"2025-01-28T08:17:59","modified_gmt":"2025-01-28T06:17:59","slug":"dan-gheorghe-dimitriu-abilitare","status":"publish","type":"page","link":"https:\/\/www.phys.uaic.ro\/old\/index.php\/scoala-doctorala\/sustineri-teze-abilitare\/dan-gheorghe-dimitriu-abilitare\/","title":{"rendered":"Sus\u021binerea tezei de abilitare a domnului Conf. Dr. Dan-Gheorghe DIMITRIU"},"content":{"rendered":"<p>Sune\u021bi invita\u021bi s\u0103 participa\u021bi la sus\u021binerea public\u0103 a tezei de abilitare<\/p>\n<p><b>Structuri complexe de sarcini spa\u021biale \u00een plasm\u0103<\/b><\/p>\n<p>elaborata de domnul Conf. Dr. Dan-Gheorghe DIMITRIU, Universitatea Alexandru Ioan Cuza din Ia\u0219i. Prezentarea tezei va avea loc \u00een data de 12.11.2020, de la ora 16, pe platforma Cisco Webex.<\/p>\n<p><a href=\"http:\/\/www.phys.uaic.ro\/wp\/scoala-doctorala\/sustineri-teze-abilitare\/dan-gheorghe-dimitriu\/dan-gheorghe-dimitriu-cv-ro.pdf\"><b>CV Dan-Gheorghe DIMITRIU<\/b><\/a> <img decoding=\"async\" style=\"vertical-align: top; width: 20px; height: 20px;\" src=\"http:\/\/www.phys.uaic.ro\/wp\/imagini\/pdf-icon.png\" alt=\"pdf\" \/><\/p>\n<p><a href=\"http:\/\/www.phys.uaic.ro\/wp\/scoala-doctorala\/sustineri-teze-abilitare\/dan-gheorghe-dimitriu\/dan-gheorghe-dimitriu-rezumat-teza-abilitare.pdf\"><b>Rezumatul tezei de abilitare<\/b><\/a> <img decoding=\"async\" style=\"vertical-align: top; width: 20px; height: 20px;\" src=\"http:\/\/www.phys.uaic.ro\/wp\/imagini\/pdf-icon.png\" alt=\"pdf\" \/><\/p>\n<p><a href=\"http:\/\/www.phys.uaic.ro\/wp\/scoala-doctorala\/sustineri-teze-abilitare\/dan-gheorghe-dimitriu\/dan-gheorghe-dimitriu-summary-habilitation-thesis.pdf\"><b>Summary of Habilitation Thesis<\/b><\/a> <img decoding=\"async\" style=\"vertical-align: top; width: 20px; height: 20px;\" src=\"http:\/\/www.phys.uaic.ro\/wp\/imagini\/pdf-icon.png\" alt=\"pdf\" \/><\/p>\n<p><a href=\"http:\/\/www.phys.uaic.ro\/wp\/scoala-doctorala\/sustineri-teze-abilitare\/dan-gheorghe-dimitriu\/dan-gheorghe-dimitriu-lista-lucrari.pdf\"><b>Lista de lucr\u0103ri<\/b><\/a> <img decoding=\"async\" style=\"vertical-align: top; width: 20px; height: 20px;\" src=\"http:\/\/www.phys.uaic.ro\/wp\/imagini\/pdf-icon.png\" alt=\"pdf\" \/><\/p>\n<p><a href=\"http:\/\/www.phys.uaic.ro\/wp\/scoala-doctorala\/sustineri-teze-abilitare\/dan-gheorghe-dimitriu\/dan-gheorghe-dimitriu-fisa-standarde-minimale.pdf\"><b>Fi\u0219a de \u00eendeplinire a standardelor minimale CNATDCU<\/b><\/a> <img decoding=\"async\" style=\"vertical-align: top; width: 20px; height: 20px;\" src=\"http:\/\/www.phys.uaic.ro\/wp\/imagini\/pdf-icon.png\" alt=\"pdf\" \/><\/p>\n<p><a href=\"http:\/\/www.phys.uaic.ro\/wp\/scoala-doctorala\/sustineri-teze-abilitare\/dan-gheorghe-dimitriu\/dan-gheorghe-dimitriu-componenta-comisie-abilitare.pdf\"><b>Componen\u021ba comisiei de abilitare<\/b><\/a> <img decoding=\"async\" style=\"vertical-align: top; width: 20px; height: 20px;\" src=\"http:\/\/www.phys.uaic.ro\/wp\/imagini\/pdf-icon.png\" alt=\"pdf\" \/>:<\/p>\n<ul>\n<li style=\"list-style-type: none;\">\n<ul>\n<li>Prof. univ. Dr. Cristina STAN, Universitatea Politehnic\u0103, Bucure\u0219ti;<\/li>\n<li>Prof. univ. Dr. Simion A\u0218TILEAN, Universitatea Babe\u015f Bolyai Cluj Napoca;<\/li>\n<li>Prof. univ. Dr. habil. Cristian EN\u0102CHESCU, Universitatea Alexandru Ioan Cuza din Ia\u0219i;<\/li>\n<\/ul>\n<\/li>\n<\/ul>\n<p><!--\n \t\n\n<li>Prof. univ. Dr. Coriolan Viorel TIU\u0218AN, Universitatea Tehnic\u0103 din Cluj Napoca - membru supleant.<\/li>\n\n\n--><\/p>\n<p>Persoanele care doresc s\u0103 vizioneze sus\u021binerea trebuie s\u0103 acceseze link-ul Webex:<\/p>\n<p><a href=\"https:\/\/uaic.webex.com\/uaic\/j.php?MTID=m50d80b3b4e079059b4f1d54795a04726\">https:\/\/uaic.webex.com\/uaic\/j.php?MTID=m50d80b3b4e079059b4f1d54795a04726<\/a><\/p>\n<ul style=\"list-style-type: none;\">\n<li><b>Meeting number (access code): 121 941 3200<\/b><\/li>\n<li><b>Meeting password: cKieZCp3b83<\/b><\/li>\n<\/ul>\n<p><!--\n\n\n<ul>\n \t\n\n<li><a href=\"https:\/\/catalinagheorghiesei.my.webex.com\/webappng\/sites\/catalinagheorghiesei.my\/meeting\/download\/7292646294e64b2ba8faea2a40c66826?siteurl=catalinagheorghiesei.my&amp;MTID=mef53254330039d1625ef503b3687626a\"><strong>Webex Meeting - conectare direct\u0103 din browser<\/strong><\/a><\/li>\n\n\n \t\n\n<li>\n\n\n<div>pentru conectarea direct\u0103 din aplica\u021bie pute\u021bi utiliza urm\u0103toarele date de \u00eenregistrare\n<strong>Meeting number: 163 745 2358, Password: Kc2jN5UBdW6 (52256582 from phones and video systems)\n<\/strong>\u00eent\u00e2lnirea este programat\u0103 s\u0103 \u00eenceap\u0103 la 10:50.<\/div>\n\n<\/li>\n\n\n--><\/p>\n<p><b><span style=\"color: #ff0000;\">Aten\u021bie! \u00cent\u00e2lnirea este \u00eenregistrat\u0103 audio-video, autentificarea dumneavoastr\u0103 se consider\u0103 acordul pentru \u00eenregistrare.<\/span><\/b><\/p>\n<p><a href=\"https:\/\/www.phys.uaic.ro\/wp-content\/uploads\/2025\/01\/Raportul-comisiei-de-abilitare.pdf\" target=\"_blank\" rel=\"noopener\"><b>Raportul comisiei de abilitare<\/b><\/a> <img decoding=\"async\" style=\"vertical-align: top; width: 20px; height: 20px;\" src=\"http:\/\/www.phys.uaic.ro\/wp\/imagini\/pdf-icon.png\" alt=\"pdf\" \/><\/p>\n","protected":false},"excerpt":{"rendered":"<p>Sune\u021bi invita\u021bi s\u0103 participa\u021bi la sus\u021binerea public\u0103 a tezei de abilitare Structuri complexe de sarcini spa\u021biale \u00een plasm\u0103 elaborata de domnul Conf. Dr. Dan-Gheorghe DIMITRIU, Universitatea Alexandru Ioan Cuza din Ia\u0219i. Prezentarea tezei va avea loc \u00een data de 12.11.2020, de la ora 16, pe platforma Cisco Webex. CV Dan-Gheorghe DIMITRIU Rezumatul tezei de abilitare Summary of Habilitation\u2026 <span class=\"read-more\"><a href=\"https:\/\/www.phys.uaic.ro\/old\/index.php\/scoala-doctorala\/sustineri-teze-abilitare\/dan-gheorghe-dimitriu-abilitare\/\">Read More &raquo;<\/a><\/span><\/p>\n","protected":false},"author":3,"featured_media":0,"parent":160,"menu_order":0,"comment_status":"closed","ping_status":"closed","template":"","meta":{"footnotes":""},"class_list":["post-9505","page","type-page","status-publish","hentry"],"_links":{"self":[{"href":"https:\/\/www.phys.uaic.ro\/old\/index.php\/wp-json\/wp\/v2\/pages\/9505","targetHints":{"allow":["GET"]}}],"collection":[{"href":"https:\/\/www.phys.uaic.ro\/old\/index.php\/wp-json\/wp\/v2\/pages"}],"about":[{"href":"https:\/\/www.phys.uaic.ro\/old\/index.php\/wp-json\/wp\/v2\/types\/page"}],"author":[{"embeddable":true,"href":"https:\/\/www.phys.uaic.ro\/old\/index.php\/wp-json\/wp\/v2\/users\/3"}],"replies":[{"embeddable":true,"href":"https:\/\/www.phys.uaic.ro\/old\/index.php\/wp-json\/wp\/v2\/comments?post=9505"}],"version-history":[{"count":0,"href":"https:\/\/www.phys.uaic.ro\/old\/index.php\/wp-json\/wp\/v2\/pages\/9505\/revisions"}],"up":[{"embeddable":true,"href":"https:\/\/www.phys.uaic.ro\/old\/index.php\/wp-json\/wp\/v2\/pages\/160"}],"wp:attachment":[{"href":"https:\/\/www.phys.uaic.ro\/old\/index.php\/wp-json\/wp\/v2\/media?parent=9505"}],"curies":[{"name":"wp","href":"https:\/\/api.w.org\/{rel}","templated":true}]}}