{"id":9521,"date":"2020-08-07T15:45:58","date_gmt":"2020-08-07T15:45:58","guid":{"rendered":"https:\/\/www.phys.uaic.ro\/?page_id=9521"},"modified":"2021-05-11T12:12:41","modified_gmt":"2021-05-11T12:12:41","slug":"rezultate-admitere-master-iulie-2020","status":"publish","type":"page","link":"https:\/\/www.phys.uaic.ro\/old\/index.php\/admitere\/admitere-master\/admitere-master-iulie-2020\/rezultate-admitere-master-iulie-2020\/","title":{"rendered":"Rezultate admitere la master iulie 2020"},"content":{"rendered":"<ul>\n<li><a href=\"http:\/\/www.phys.uaic.ro\/wp\/admitere\/iulie-2020\/rezultate-generale-master-buget-specializari-iulie-2020.pdf\">Lista candida\u021bilor admi\u0219i cu finan\u021bare de la buget \u2013 ordona\u021bi dup\u0103 media general\u0103 descresc\u0103tor &#8211; pe specializari<\/a> <img decoding=\"async\" style=\"vertical-align: top; width: 20px; height: 20px;\" src=\"http:\/\/www.phys.uaic.ro\/wp\/imagini\/pdf-icon.png\" alt=\"pdf\" \/><\/li>\n<\/ul>\n<ul>\n<li><a href=\"http:\/\/www.phys.uaic.ro\/wp\/admitere\/iulie-2020\/rezultate-generale-master-taxe-specializari-iulie-2020.pdf\">Lista candida\u021bilor admi\u0219i cu finan\u021bare din taxe \u2013 ordona\u021bi dup\u0103 media general\u0103 descresc\u0103tor &#8211; pe specializari<\/a> <img decoding=\"async\" style=\"vertical-align: top; width: 20px; height: 20px;\" src=\"http:\/\/www.phys.uaic.ro\/wp\/imagini\/pdf-icon.png\" alt=\"pdf\" \/><\/li>\n<\/ul>\n<ol>\n<li>Perioada de confirm\u0103ri este 10.08-12.08.2020, intre orele 9-14, \u00een urma unei programari f\u0103cute telefonic la numarul 0232 20 10 50. Confirm\u0103rile se fac la secretariatul Facult\u0103\u021bii de Fizic\u0103. Candida\u021bii declara\u021bi admi\u0219i vor aduce la secretariat un dosar plic cu actele \u00een original.<\/li>\n<li>Candidatii admisi la buget vor avea chitanta pentru taxa de inmatriculare de 50 lei achitata la BRD sau online.<\/li>\n<li>Candida\u021bii admi\u0219i pe locurile cu tax\u0103 vor prezenta chitanta cu suma de 500 lei reprezentand prima transa a taxei de scolarizare.<\/li>\n<li>Candida\u021bii care, din diverse motive, renun\u021b\u0103 la loc sunt ruga\u021bi s\u0103 trimit\u0103 un e-mail la adresa <span style=\"color: blue;\">fizica@uaic.ro<\/span>.<\/li>\n<\/ol>\n<h3><b>MASTER TEHNOLOGIILE INFORMA\u021aIEI \u0218I COMUNICA\u021aII Extensiunea B\u0103l\u021bi, R. Moldova<\/b><\/h3>\n<ul>\n<li><a href=\"https:\/\/www.phys.uaic.ro\/wp-content\/uploads\/2020\/07\/AFISARE_ADMITERE_MASTER-_-IULIE_2020.pdf\"> Lista candida\u021bilor admi\u0219i cu finan\u021bare de la buget &#8211; ordona\u021bi dup\u0103 media general\u0103 descresc\u0103tor <\/a><img decoding=\"async\" style=\"vertical-align: top; width: 20px; height: 20px;\" src=\"http:\/\/www.phys.uaic.ro\/wp\/imagini\/pdf-icon.png\" alt=\"pdf\" \/><\/li>\n<\/ul>\n<ol>\n<li>Eventualele contesta\u021bii se depun \u00een termen de 24 ore de la afi\u0219area rezultatelor provizorii (p\u00e2n\u0103 mar\u021bi, 28.07.2020, ora 18) la adresa de e-mail <span style=\"color: blue;\">extensiune@uaic.ro<\/span><\/li>\n<li>Av\u00e2nd \u00een vedere situa\u021bia excep\u021bional\u0103 cauzat\u0103 de criza sanitar\u0103 confirmarea locurilor se va face printr-o procedur\u0103 care va fi publicat\u0103 ulterior<\/li>\n<li>Candida\u021bii declara\u021bi admi\u0219i care s-au \u00eenscris pe baza actelor de studiu \u00een copie (document electronic scanat) vor aduce actele \u00een original atunci c\u00e2nd vor confirma locul ocupat \u00een urma concursului de admitere.<\/li>\n<\/ol>\n<h4>Procedura de confirmare a locului pentru candida\u021bii Master Extensiunea B\u0103l\u021bi, R. Moldova<\/h4>\n<p>Candida\u021bii ADMI\u0218I vor depune \u00een original urm\u0103toarele documente:<\/p>\n<p>&#8211; formularul de confirmare loc (descarca\u021bi de aici, <a href=\"https:\/\/admitere.uaic.ro\/wp-content\/uploads\/2018\/06\/Formular-confirmare-loc-iulie-2020.docx\">link<\/a>);<br \/>\n&#8211; diploma de bacalaureat (doar pentru candida\u021bii care nu o au depus\u0103 deja la Facultatea de Fizic\u0103);<br \/>\n&#8211; foaia matricol\u0103 cu notele ob\u021binute \u00een liceu (doar pentru candida\u021bii care nu o au depus\u0103 deja la Facultatea de Fizic\u0103); ;<br \/>\n&#8211; diploma de licen\u021b\u0103 \u0219i suplimentul la diploma (doar candida\u021bii admi\u0219i la master care au absolvit studiile universitare de licen\u021b\u0103 la alte universit\u0103\u021bi sau \u00een anii anteriori la UAIC).<\/p>\n<p>Depunerea documentelor se face la:<br \/>\ndl. Adrian Cemirtan<br \/>\n<strong>sediul Universit\u0103\u021bii &#8222;Alecu Russo&#8221; din B\u0103l\u021bi<\/strong><br \/>\nStr. Pu\u0219kin, nr. 38<br \/>\n<strong>BLOCUL 4, sala 408<\/strong><br \/>\n<strong>telefon 023152462, 068604404<\/strong><\/p>\n<p>Perioada de depunere:<br \/>\n<strong>5-7 august 2020 (miercuri, joi \u0219i vineri) \u00eentre orele 9-17<\/strong><br \/>\n<strong>8 august 2020 (s\u00e2mb\u0103ta) \u00eentre orele 9-13.<\/strong><\/p>\n<p>La depunerea documentelor solicita\u021bi Adeverin\u021ba \u0219i semna\u021bi pe list\u0103!<\/p>\n","protected":false},"excerpt":{"rendered":"<p>Lista candida\u021bilor admi\u0219i cu finan\u021bare de la buget \u2013 ordona\u021bi dup\u0103 media general\u0103 descresc\u0103tor &#8211; pe specializari Lista candida\u021bilor admi\u0219i cu finan\u021bare din taxe \u2013 ordona\u021bi dup\u0103 media general\u0103 descresc\u0103tor &#8211; pe specializari Perioada de confirm\u0103ri este 10.08-12.08.2020, intre orele 9-14, \u00een urma unei programari f\u0103cute telefonic la numarul 0232 20 10 50. Confirm\u0103rile se fac la secretariatul\u2026 <span class=\"read-more\"><a href=\"https:\/\/www.phys.uaic.ro\/old\/index.php\/admitere\/admitere-master\/admitere-master-iulie-2020\/rezultate-admitere-master-iulie-2020\/\">Read More &raquo;<\/a><\/span><\/p>\n","protected":false},"author":3,"featured_media":0,"parent":8832,"menu_order":0,"comment_status":"closed","ping_status":"closed","template":"","meta":{"footnotes":""},"class_list":["post-9521","page","type-page","status-publish","hentry"],"_links":{"self":[{"href":"https:\/\/www.phys.uaic.ro\/old\/index.php\/wp-json\/wp\/v2\/pages\/9521","targetHints":{"allow":["GET"]}}],"collection":[{"href":"https:\/\/www.phys.uaic.ro\/old\/index.php\/wp-json\/wp\/v2\/pages"}],"about":[{"href":"https:\/\/www.phys.uaic.ro\/old\/index.php\/wp-json\/wp\/v2\/types\/page"}],"author":[{"embeddable":true,"href":"https:\/\/www.phys.uaic.ro\/old\/index.php\/wp-json\/wp\/v2\/users\/3"}],"replies":[{"embeddable":true,"href":"https:\/\/www.phys.uaic.ro\/old\/index.php\/wp-json\/wp\/v2\/comments?post=9521"}],"version-history":[{"count":0,"href":"https:\/\/www.phys.uaic.ro\/old\/index.php\/wp-json\/wp\/v2\/pages\/9521\/revisions"}],"up":[{"embeddable":true,"href":"https:\/\/www.phys.uaic.ro\/old\/index.php\/wp-json\/wp\/v2\/pages\/8832"}],"wp:attachment":[{"href":"https:\/\/www.phys.uaic.ro\/old\/index.php\/wp-json\/wp\/v2\/media?parent=9521"}],"curies":[{"name":"wp","href":"https:\/\/api.w.org\/{rel}","templated":true}]}}