{"id":9601,"date":"2020-08-21T23:19:32","date_gmt":"2020-08-21T23:19:32","guid":{"rendered":"https:\/\/www.phys.uaic.ro\/?page_id=9601"},"modified":"2020-09-04T14:14:22","modified_gmt":"2020-09-04T14:14:22","slug":"perioada-admitere-licenta-septembrie-2020","status":"publish","type":"page","link":"https:\/\/www.phys.uaic.ro\/old\/index.php\/admitere\/admitere-licenta\/admitere-licenta-septembrie-2020\/organizare-admitere-licenta-septembrie-2020\/perioada-admitere-licenta-septembrie-2020\/","title":{"rendered":"Perioada admiterii la licen\u021b\u0103 septembrie 2020"},"content":{"rendered":"<p style=\"font-size: 16px;\"><b>Admitere Online<\/b> (recomandat\u0103)<\/p>\n<p>Deschide\u0163i pagina <a href=\"http:\/\/inscriere.uaic.ro\/SitePages\/Home.aspx\">http:\/\/inscriere.uaic.ro\/<br \/>\nSitePages\/Home.aspx<\/a> de pe site-ul universit\u0103\u021bii \u015fi urma\u0163i instruc\u0163iunile de admitere \u00eensemn\u00e2nd achitarea taxei de admitere, scanarea (fotocopierea) actelor necesare si trimiterea lor \u00een contul creat. Informa\u0163ii suplimentare pute\u0163i primi la <span style=\"color: blue;\">Admitere.Fizica.Uaic@gmail.com<\/span> .<\/p>\n<ul>\n<li><b>Depunerea dosarelor online<\/b>: 7 &#8211; 9 septembrie<\/li>\n<li><b>Depunerea dosarelor direct<\/b>: 7 &#8211; 9 septembrie \u00eentre orele 10-13, Laboratorul de plasma, Etajul 1 cu programare telefonic\u0103 prealabil\u0103 (0232201050)<\/li>\n<\/ul>\n<ul>\n<li><b>Afi\u0219area rezultelor<\/b>: 10 septembrie 2020<\/li>\n<\/ul>\n","protected":false},"excerpt":{"rendered":"<p>Admitere Online (recomandat\u0103) Deschide\u0163i pagina http:\/\/inscriere.uaic.ro\/ SitePages\/Home.aspx de pe site-ul universit\u0103\u021bii \u015fi urma\u0163i instruc\u0163iunile de admitere \u00eensemn\u00e2nd achitarea taxei de admitere, scanarea (fotocopierea) actelor necesare si trimiterea lor \u00een contul creat. Informa\u0163ii suplimentare pute\u0163i primi la Admitere.Fizica.Uaic@gmail.com . Depunerea dosarelor online: 7 &#8211; 9 septembrie Depunerea dosarelor direct: 7 &#8211; 9 septembrie \u00eentre orele 10-13, Laboratorul de plasma,\u2026 <span class=\"read-more\"><a href=\"https:\/\/www.phys.uaic.ro\/old\/index.php\/admitere\/admitere-licenta\/admitere-licenta-septembrie-2020\/organizare-admitere-licenta-septembrie-2020\/perioada-admitere-licenta-septembrie-2020\/\">Read More &raquo;<\/a><\/span><\/p>\n","protected":false},"author":3,"featured_media":0,"parent":9584,"menu_order":0,"comment_status":"closed","ping_status":"closed","template":"","meta":{"footnotes":""},"class_list":["post-9601","page","type-page","status-publish","hentry"],"_links":{"self":[{"href":"https:\/\/www.phys.uaic.ro\/old\/index.php\/wp-json\/wp\/v2\/pages\/9601","targetHints":{"allow":["GET"]}}],"collection":[{"href":"https:\/\/www.phys.uaic.ro\/old\/index.php\/wp-json\/wp\/v2\/pages"}],"about":[{"href":"https:\/\/www.phys.uaic.ro\/old\/index.php\/wp-json\/wp\/v2\/types\/page"}],"author":[{"embeddable":true,"href":"https:\/\/www.phys.uaic.ro\/old\/index.php\/wp-json\/wp\/v2\/users\/3"}],"replies":[{"embeddable":true,"href":"https:\/\/www.phys.uaic.ro\/old\/index.php\/wp-json\/wp\/v2\/comments?post=9601"}],"version-history":[{"count":0,"href":"https:\/\/www.phys.uaic.ro\/old\/index.php\/wp-json\/wp\/v2\/pages\/9601\/revisions"}],"up":[{"embeddable":true,"href":"https:\/\/www.phys.uaic.ro\/old\/index.php\/wp-json\/wp\/v2\/pages\/9584"}],"wp:attachment":[{"href":"https:\/\/www.phys.uaic.ro\/old\/index.php\/wp-json\/wp\/v2\/media?parent=9601"}],"curies":[{"name":"wp","href":"https:\/\/api.w.org\/{rel}","templated":true}]}}