{"id":9610,"date":"2020-08-21T23:56:07","date_gmt":"2020-08-21T23:56:07","guid":{"rendered":"https:\/\/www.phys.uaic.ro\/?page_id=9610"},"modified":"2021-08-11T11:22:05","modified_gmt":"2021-08-11T11:22:05","slug":"numar-locuri-licenta-septembrie-2020","status":"publish","type":"page","link":"https:\/\/www.phys.uaic.ro\/old\/index.php\/admitere\/admitere-licenta\/admitere-licenta-septembrie-2020\/organizare-admitere-licenta-septembrie-2020\/numar-locuri-licenta-septembrie-2020\/","title":{"rendered":"Num\u0103rul de locuri la licen\u021b\u0103 septembrie 2020"},"content":{"rendered":"<p>&nbsp;<\/p>\n<table style=\"border: 1px solid black; color: black; font-size: 10px;\">\n<tbody>\n<tr>\n<td style=\"border: 1px solid black;\" rowspan=\"2\">Domeniul de licen\u0163\u0103<\/td>\n<td style=\"border: 1px solid black;\" rowspan=\"2\">Specializarea\/Programul de studii universitare de licen\u0163\u0103<\/td>\n<td style=\"border: 1px solid black; text-align: center;\" rowspan=\"2\">Limba de predare<\/td>\n<td style=\"border: 1px solid black; text-align: center;\" rowspan=\"2\">Forma de invatamant<\/td>\n<td style=\"border: 1px solid black; text-align: center;\" rowspan=\"2\">Numar credite<\/td>\n<td style=\"border: 1px solid black; text-align: center;\" colspan=\"2\">Numar locuri<\/td>\n<\/tr>\n<tr>\n<td style=\"border: 1px solid black; text-align: center;\">Buget<\/td>\n<td style=\"border: 1px solid black; text-align: center;\">Taxa<\/td>\n<\/tr>\n<tr>\n<td style=\"border: 1px solid black; font-size: 13px;\" rowspan=\"4\">Fizic\u0103<\/td>\n<td style=\"border: 1px solid black; font-size: 13px;\">Fizic\u0103<\/td>\n<td style=\"border: 1px solid black; text-align: center;\">Romana<\/td>\n<td style=\"border: 1px solid black; text-align: center;\">IF<\/td>\n<td style=\"border: 1px solid black; text-align: center;\">180<\/td>\n<td style=\"border: 1px solid black; font-size: 14px; text-align: center;\" rowspan=\"4\">10<\/td>\n<td style=\"border: 1px solid black; font-size: 14px; text-align: center;\" rowspan=\"4\">16<\/td>\n<\/tr>\n<tr>\n<td style=\"border: 1px solid black; font-size: 13px;\">Fizic\u0103 informatic\u0103<\/td>\n<td style=\"border: 1px solid black; text-align: center;\">Romana<\/td>\n<td style=\"border: 1px solid black; text-align: center;\">IF<\/td>\n<td style=\"border: 1px solid black; text-align: center;\">180<\/td>\n<\/tr>\n<tr>\n<td style=\"border: 1px solid black; font-size: 13px;\">Biofizic\u0103<\/td>\n<td style=\"border: 1px solid black; text-align: center;\">Romana<\/td>\n<td style=\"border: 1px solid black; text-align: center;\">IF<\/td>\n<td style=\"border: 1px solid black; text-align: center;\">180<\/td>\n<\/tr>\n<tr>\n<td style=\"border: 1px solid black; font-size: 13px;\">Fizic\u0103 medical\u0103<\/td>\n<td style=\"border: 1px solid black; text-align: center;\">Romana<\/td>\n<td style=\"border: 1px solid black; text-align: center;\">IF<\/td>\n<td style=\"border: 1px solid black; text-align: center;\">180<\/td>\n<\/tr>\n<tr>\n<td style=\"border: 1px solid black; font-size: 13px;\">\u015etiin\u0163e inginere\u015fti aplicate<\/td>\n<td style=\"border: 1px solid black; font-size: 13px;\">Fizic\u0103 tehnologic\u0103<\/td>\n<td style=\"border: 1px solid black; text-align: center;\">Romana<\/td>\n<td style=\"border: 1px solid black; text-align: center;\">IF<\/td>\n<td style=\"border: 1px solid black; text-align: center;\">240<\/td>\n<td style=\"border: 1px solid black; font-size: 14px; text-align: center;\">10<\/td>\n<td style=\"border: 1px solid black; font-size: 14px; text-align: center;\">5<\/td>\n<\/tr>\n<\/tbody>\n<\/table>\n","protected":false},"excerpt":{"rendered":"<p>&nbsp; Domeniul de licen\u0163\u0103 Specializarea\/Programul de studii universitare de licen\u0163\u0103 Limba de predare Forma de invatamant Numar credite Numar locuri Buget Taxa Fizic\u0103 Fizic\u0103 Romana IF 180 10 16 Fizic\u0103 informatic\u0103 Romana IF 180 Biofizic\u0103 Romana IF 180 Fizic\u0103 medical\u0103 Romana IF 180 \u015etiin\u0163e inginere\u015fti aplicate Fizic\u0103 tehnologic\u0103 Romana IF 240 10 5<\/p>\n","protected":false},"author":3,"featured_media":0,"parent":9584,"menu_order":0,"comment_status":"closed","ping_status":"closed","template":"","meta":{"footnotes":""},"class_list":["post-9610","page","type-page","status-publish","hentry"],"_links":{"self":[{"href":"https:\/\/www.phys.uaic.ro\/old\/index.php\/wp-json\/wp\/v2\/pages\/9610","targetHints":{"allow":["GET"]}}],"collection":[{"href":"https:\/\/www.phys.uaic.ro\/old\/index.php\/wp-json\/wp\/v2\/pages"}],"about":[{"href":"https:\/\/www.phys.uaic.ro\/old\/index.php\/wp-json\/wp\/v2\/types\/page"}],"author":[{"embeddable":true,"href":"https:\/\/www.phys.uaic.ro\/old\/index.php\/wp-json\/wp\/v2\/users\/3"}],"replies":[{"embeddable":true,"href":"https:\/\/www.phys.uaic.ro\/old\/index.php\/wp-json\/wp\/v2\/comments?post=9610"}],"version-history":[{"count":0,"href":"https:\/\/www.phys.uaic.ro\/old\/index.php\/wp-json\/wp\/v2\/pages\/9610\/revisions"}],"up":[{"embeddable":true,"href":"https:\/\/www.phys.uaic.ro\/old\/index.php\/wp-json\/wp\/v2\/pages\/9584"}],"wp:attachment":[{"href":"https:\/\/www.phys.uaic.ro\/old\/index.php\/wp-json\/wp\/v2\/media?parent=9610"}],"curies":[{"name":"wp","href":"https:\/\/api.w.org\/{rel}","templated":true}]}}