{"id":9719,"date":"2020-08-31T21:50:27","date_gmt":"2020-08-31T21:50:27","guid":{"rendered":"https:\/\/www.phys.uaic.ro\/?page_id=9719"},"modified":"2024-10-25T12:39:12","modified_gmt":"2024-10-25T09:39:12","slug":"benchea-hristea-andreea-celia-doctorat","status":"publish","type":"page","link":"https:\/\/www.phys.uaic.ro\/old\/index.php\/scoala-doctorala\/sustineri-teze-doctorat\/benchea-hristea-andreea-celia-doctorat\/","title":{"rendered":"Sus\u021binerea tezei de doctorat a drd. Benchea Andreea-Celia (c\u0103s. Hristea) pe 21.09.2020"},"content":{"rendered":"<p>La data de 21.09.2020, ora 12:00, \u00een sala L1, dna BENCHEA ANDREEA-CELIA (c\u0103s. HRISTEA) va sus\u0163ine, \u00een \u015fedin\u0163\u0103 public\u0103, teza de doctorat cu titlul<\/p>\n<p><b>CONTRIBU\u021aII LA STUDIUL UNOR DERIVA\u021aI CU AC\u021aIUNE FARMACO-TERAPEUTIC\u0102 PRIN METODE CUANTO-MECANICE \u0218I SPECTRALE<\/b><\/p>\n<p>\u00een vederea ob\u0163inerii titlului \u015ftiin\u0163ific de doctor \u00een domeniul FIZIC\u0102.<\/p>\n<p>CV Benchea Andreea-Celia (c\u0103s. Hristea)<\/p>\n<p>Comisia de doctorat are urm\u0103toarea componen\u0163\u0103:<\/p>\n<ul>\n<li><b>Pre\u015fedinte<\/b>:\n<ul>\n<li>Prof. univ. dr. Diana Mihaela Mardare, Universitatea Alexandru Ioan Cuza din Ia\u0219i [ <a href=\"https:\/\/www.phys.uaic.ro\/wp-content\/uploads\/2024\/10\/CV-2024-MARDARE-D.-rom.pdf\" target=\"_blank\" rel=\"noopener\">CV<\/a> ]<\/li>\n<\/ul>\n<\/li>\n<\/ul>\n<ul>\n<li><b>Conduc\u0103tor \u015ftiin\u0163ific<\/b>:\n<ul>\n<li>Prof. univ. em. Dr. Dana Ortansa Dorohoi, Universitatea Alexandru Ioan Cuza, Ia\u015fi [<a href=\"https:\/\/www.phys.uaic.ro\/wp-content\/uploads\/2022\/03\/CV-D.DOROHOI.pdf\" target=\"_blank\" rel=\"noopener\"> CV<\/a> ]<\/li>\n<\/ul>\n<\/li>\n<\/ul>\n<ul>\n<li><b>Referen\u0163i<\/b>:\n<ul>\n<li>Prof. univ. dr. Simion Astilean, Universitatea Babe\u015f Bolyai Cluj Napoca [ <a href=\"https:\/\/www.phys.uaic.ro\/wp-content\/uploads\/2023\/07\/CV_Astilean-Simion.pdf\" target=\"_blank\" rel=\"noopener\">CV<\/a> ]<\/li>\n<li>CS I dr. Anton Airinei, Institutul de Chimie Macromolecular\u0103 Petru Poni, Ia\u015fi [ <a href=\"https:\/\/www.phys.uaic.ro\/wp-content\/uploads\/2023\/09\/CV-Airinei-Anton.pdf\" target=\"_blank\" rel=\"noopener\">CV<\/a> ]<\/li>\n<li>Conf. dr. Dan Gheorghe Dimitriu, Universitatea Alexandru Ioan Cuza, Ia\u015fi [ <a href=\"https:\/\/www.phys.uaic.ro\/wp-content\/uploads\/2023\/09\/CV-Airinei-Anton.pdf\" target=\"_blank\" rel=\"noopener\">CV<\/a> ]<\/li>\n<\/ul>\n<\/li>\n<\/ul>\n<p><!--\n\nPersoanele care doresc s\u0103 vizioneze sus\u021binerea trebuie s\u0103 acceseze unul din link-urile urm\u0103toare pe platforma ZOOM:\n\n\n<ul>\n \t\n\n<li><a href=\"https:\/\/us02web.zoom.us\/wc\/join\/81323958867?wpk=wcpk71973eaf7fe5e7aa6aaf22ef162f7036\"><b>Join Zoom Meeting - conectare direct\u0103 din browser<\/b><\/a><\/li>\n\n\n \t\n\n<li>pentru <a href=\"https:\/\/us02web.zoom.us\/j\/81323958867?pwd=UEc4TWNvc0VackR1MEcyc1QyVU5mUT09\">conectarea direct\u0103 din aplica\u021bie<\/a> pute\u021bi utiliza urm\u0103toarele date de \u00eenregistrare\n\n\n<ul style=\"list-style-type: none\">\n \t\n\n<li><b>Meeting ID: 813 2395 8867<\/b><\/li>\n\n\n \t\n\n<li><b>Passcode: 784123<\/b><\/li>\n\n\n<\/ul>\n\n\n<\/li>\n\n\n<\/ul>\n\n\n\u00cent\u00e2lnirea este programat\u0103 s\u0103 \u00eenceap\u0103 la 11:00.\n\n<b><span style=\"color: #ff0000;\">Aten\u021bie! \u00cent\u00e2lnirea este \u00eenregistrat\u0103 audio-video, autentificarea dumneavoastr\u0103 se consider\u0103 acordul pentru \u00eenregistrare.<\/span><\/b>\n\n--><\/p>\n<p>Teza poate fi consultat\u0103 la Biblioteca Facult\u0103\u0163ii de Fizic\u0103.<\/p>\n<p>Rezumatul tezei de doctorat<\/p>\n","protected":false},"excerpt":{"rendered":"<p>La data de 21.09.2020, ora 12:00, \u00een sala L1, dna BENCHEA ANDREEA-CELIA (c\u0103s. HRISTEA) va sus\u0163ine, \u00een \u015fedin\u0163\u0103 public\u0103, teza de doctorat cu titlul CONTRIBU\u021aII LA STUDIUL UNOR DERIVA\u021aI CU AC\u021aIUNE FARMACO-TERAPEUTIC\u0102 PRIN METODE CUANTO-MECANICE \u0218I SPECTRALE \u00een vederea ob\u0163inerii titlului \u015ftiin\u0163ific de doctor \u00een domeniul FIZIC\u0102. CV Benchea Andreea-Celia (c\u0103s. Hristea) Comisia de doctorat are urm\u0103toarea componen\u0163\u0103:\u2026 <span class=\"read-more\"><a href=\"https:\/\/www.phys.uaic.ro\/old\/index.php\/scoala-doctorala\/sustineri-teze-doctorat\/benchea-hristea-andreea-celia-doctorat\/\">Read More &raquo;<\/a><\/span><\/p>\n","protected":false},"author":3,"featured_media":0,"parent":158,"menu_order":0,"comment_status":"closed","ping_status":"closed","template":"","meta":{"footnotes":""},"class_list":["post-9719","page","type-page","status-publish","hentry"],"_links":{"self":[{"href":"https:\/\/www.phys.uaic.ro\/old\/index.php\/wp-json\/wp\/v2\/pages\/9719","targetHints":{"allow":["GET"]}}],"collection":[{"href":"https:\/\/www.phys.uaic.ro\/old\/index.php\/wp-json\/wp\/v2\/pages"}],"about":[{"href":"https:\/\/www.phys.uaic.ro\/old\/index.php\/wp-json\/wp\/v2\/types\/page"}],"author":[{"embeddable":true,"href":"https:\/\/www.phys.uaic.ro\/old\/index.php\/wp-json\/wp\/v2\/users\/3"}],"replies":[{"embeddable":true,"href":"https:\/\/www.phys.uaic.ro\/old\/index.php\/wp-json\/wp\/v2\/comments?post=9719"}],"version-history":[{"count":0,"href":"https:\/\/www.phys.uaic.ro\/old\/index.php\/wp-json\/wp\/v2\/pages\/9719\/revisions"}],"up":[{"embeddable":true,"href":"https:\/\/www.phys.uaic.ro\/old\/index.php\/wp-json\/wp\/v2\/pages\/158"}],"wp:attachment":[{"href":"https:\/\/www.phys.uaic.ro\/old\/index.php\/wp-json\/wp\/v2\/media?parent=9719"}],"curies":[{"name":"wp","href":"https:\/\/api.w.org\/{rel}","templated":true}]}}