{"id":9792,"date":"2020-09-03T19:16:57","date_gmt":"2020-09-03T19:16:57","guid":{"rendered":"https:\/\/www.phys.uaic.ro\/?page_id=9792"},"modified":"2024-10-25T12:41:00","modified_gmt":"2024-10-25T09:41:00","slug":"dragomir-isabela-stefania-doctorat","status":"publish","type":"page","link":"https:\/\/www.phys.uaic.ro\/old\/index.php\/scoala-doctorala\/sustineri-teze-doctorat\/dragomir-isabela-stefania-doctorat\/","title":{"rendered":"Sus\u021binerea tezei de doctorat a drd. Dragomir Isabela \u0218tefania pe 26.09.2020"},"content":{"rendered":"<p>La data de 26.09.2020, ora 09:00, dna DRAGOMIR ISABELA \u0218TEFANIA va sus\u0163ine, \u00een \u015fedin\u0163\u0103 public\u0103, online pe platforma Cisco Webex, teza de doctorat cu titlul<\/p>\n<p><b>STUDIUL INTERAC\u0162IUNILOR DINTRE MOLECULE DE INTERES BIOLOGIC \u015eI SISTEME LIPIDO-PROTEICE MODEL CONSTITUITE DIN MEMBRANE LIPIDICE<\/b><\/p>\n<p>\u00een vederea ob\u0163inerii titlului \u015ftiin\u0163ific de doctor \u00een domeniul FIZIC\u0102.<\/p>\n<p>CV Dragomir Isabela \u0218tefania<\/p>\n<p>Comisia de doctorat are urm\u0103toarea componen\u0163\u0103:<\/p>\n<ul>\n<li><b>Pre\u015fedinte<\/b>:\n<ul>\n<li>Prof. univ. Dr. Diana Mihaela Mardare, Universitatea Alexandru Ioan Cuza din Ia\u0219i [ <a href=\"https:\/\/www.phys.uaic.ro\/wp-content\/uploads\/2024\/10\/CV-2024-MARDARE-D.-rom.pdf\" target=\"_blank\" rel=\"noopener\">CV<\/a> ]<\/li>\n<\/ul>\n<\/li>\n<\/ul>\n<ul>\n<li><b>Conduc\u0103tor \u015ftiin\u0163ific<\/b>:\n<ul>\n<li>Prof. univ. Dr. Tudor Luchian, Universitatea &#8222;Alexandru Ioan Cuza&#8221; din Ia\u015fi [<a href=\"https:\/\/www.phys.uaic.ro\/wp-content\/uploads\/2022\/05\/CV_Tudor-Luchian_RO_2022.pdf\" target=\"_blank\" rel=\"noopener\"> CV<\/a> ]<\/li>\n<\/ul>\n<\/li>\n<\/ul>\n<ul>\n<li><b>Referen\u0163i<\/b>:\n<ul>\n<li>Prof. univ. Dr. Beatrice Mihaela Radu, Universitatea din Bucure\u015fti [ CV ]<\/li>\n<li>Prof. univ. Dr. Ion Grosu, Universitatea Babe\u015f Bolyai Cluj Napoca [ CV ]<\/li>\n<li>CS II Dr. Alina Asandei [ <a href=\"https:\/\/www.phys.uaic.ro\/wp-content\/uploads\/2022\/10\/C_CV_Asandei_Alina_2022.pdf\" target=\"_blank\" rel=\"noopener\">CV<\/a> ]<\/li>\n<\/ul>\n<\/li>\n<\/ul>\n<p>Persoanele care doresc s\u0103 vizioneze sus\u021binerea trebuie s\u0103 acceseze <!--unul din link-urile urm\u0103toare-->link-ul urm\u0103tor pe platforma Cisco Webex:<\/p>\n<ul><!--\n \t\n\n<li><a href=\"https:\/\/uaic.webex.com\/uaic\/j.php?MTID=mdc1aae422464367b535b7c07df9b4103\"><b>Cisco Webex Meeting - conectare direct\u0103 din browser<\/b><\/a><\/li>\n\n\n--><\/p>\n<li>pentru conectarea direct\u0103 din aplica\u021bie pute\u021bi utiliza urm\u0103toarele date de \u00eenregistrare\n<ul style=\"list-style-type: none;\">\n<li><b>Meeting number: 121 220 8347<\/b><\/li>\n<li><b>Password: TEZADOCTORAT<\/b><\/li>\n<\/ul>\n<\/li>\n<\/ul>\n<p>\u00cent\u00e2lnirea este programat\u0103 s\u0103 \u00eenceap\u0103 la 09:00.<\/p>\n<p><b><span style=\"color: #ff0000;\">Aten\u021bie! \u00cent\u00e2lnirea este \u00eenregistrat\u0103 audio-video, autentificarea dumneavoastr\u0103 se consider\u0103 acordul pentru \u00eenregistrare.<\/span><\/b><\/p>\n<p>Teza poate fi consultat\u0103 la Biblioteca Facult\u0103\u0163ii de Fizic\u0103.<\/p>\n<ul>\n<li>Rezumatul tezei de doctorat<\/li>\n<\/ul>\n","protected":false},"excerpt":{"rendered":"<p>La data de 26.09.2020, ora 09:00, dna DRAGOMIR ISABELA \u0218TEFANIA va sus\u0163ine, \u00een \u015fedin\u0163\u0103 public\u0103, online pe platforma Cisco Webex, teza de doctorat cu titlul STUDIUL INTERAC\u0162IUNILOR DINTRE MOLECULE DE INTERES BIOLOGIC \u015eI SISTEME LIPIDO-PROTEICE MODEL CONSTITUITE DIN MEMBRANE LIPIDICE \u00een vederea ob\u0163inerii titlului \u015ftiin\u0163ific de doctor \u00een domeniul FIZIC\u0102. CV Dragomir Isabela \u0218tefania Comisia de doctorat are\u2026 <span class=\"read-more\"><a href=\"https:\/\/www.phys.uaic.ro\/old\/index.php\/scoala-doctorala\/sustineri-teze-doctorat\/dragomir-isabela-stefania-doctorat\/\">Read More &raquo;<\/a><\/span><\/p>\n","protected":false},"author":3,"featured_media":0,"parent":158,"menu_order":0,"comment_status":"closed","ping_status":"closed","template":"","meta":{"footnotes":""},"class_list":["post-9792","page","type-page","status-publish","hentry"],"_links":{"self":[{"href":"https:\/\/www.phys.uaic.ro\/old\/index.php\/wp-json\/wp\/v2\/pages\/9792","targetHints":{"allow":["GET"]}}],"collection":[{"href":"https:\/\/www.phys.uaic.ro\/old\/index.php\/wp-json\/wp\/v2\/pages"}],"about":[{"href":"https:\/\/www.phys.uaic.ro\/old\/index.php\/wp-json\/wp\/v2\/types\/page"}],"author":[{"embeddable":true,"href":"https:\/\/www.phys.uaic.ro\/old\/index.php\/wp-json\/wp\/v2\/users\/3"}],"replies":[{"embeddable":true,"href":"https:\/\/www.phys.uaic.ro\/old\/index.php\/wp-json\/wp\/v2\/comments?post=9792"}],"version-history":[{"count":0,"href":"https:\/\/www.phys.uaic.ro\/old\/index.php\/wp-json\/wp\/v2\/pages\/9792\/revisions"}],"up":[{"embeddable":true,"href":"https:\/\/www.phys.uaic.ro\/old\/index.php\/wp-json\/wp\/v2\/pages\/158"}],"wp:attachment":[{"href":"https:\/\/www.phys.uaic.ro\/old\/index.php\/wp-json\/wp\/v2\/media?parent=9792"}],"curies":[{"name":"wp","href":"https:\/\/api.w.org\/{rel}","templated":true}]}}