{"id":9855,"date":"2020-09-10T14:31:38","date_gmt":"2020-09-10T14:31:38","guid":{"rendered":"https:\/\/www.phys.uaic.ro\/?page_id=9855"},"modified":"2020-10-13T08:20:08","modified_gmt":"2020-10-13T08:20:08","slug":"rezultate-admitere-master-septembrie-2020","status":"publish","type":"page","link":"https:\/\/www.phys.uaic.ro\/old\/index.php\/admitere\/admitere-master\/admitere-master-septembrie-2020\/rezultate-admitere-master-septembrie-2020\/","title":{"rendered":"Rezultate admitere la master septembrie 2020"},"content":{"rendered":"<ul>\n<li><a href=\"http:\/\/www.phys.uaic.ro\/wp\/admitere\/septembrie-2020\/lista-candidatilor-admisi-master-buget-septembrie-2020.pdf\">Lista candidatilor admisi, cu finantare de la BUGET &#8211; ordonati dupa media generala, descrescator<\/a> <img decoding=\"async\" style=\"vertical-align: top; width: 20px; height: 20px;\" src=\"http:\/\/www.phys.uaic.ro\/wp\/imagini\/pdf-icon.png\" alt=\"pdf\" \/><\/li>\n<\/ul>\n<ul>\n<li><a href=\"http:\/\/www.phys.uaic.ro\/wp\/admitere\/septembrie-2020\/lista-candidatilor-admisi-master-taxe-septembrie-2020.pdf\">Lista candidatilor admisi, cu finantare din TAXE &#8211; ordonati dupa media generala, descrescator<\/a> <img decoding=\"async\" style=\"vertical-align: top; width: 20px; height: 20px;\" src=\"http:\/\/www.phys.uaic.ro\/wp\/imagini\/pdf-icon.png\" alt=\"pdf\" \/><\/li>\n<\/ul>\n<ol>\n<li>Perioada de confirm\u0103ri este 11.09 si 14.09.2020, intre orele 9-14, \u00een urma unei programari f\u0103cute telefonic la numarul 0232 20 10 50. Confirm\u0103rile se fac la secretariatul Facult\u0103\u021bii de Fizic\u0103. Candida\u021bii declara\u021bi admi\u0219i vor aduce la secretariat un dosar plic cu actele \u00een original.<\/li>\n<li>Candidatii admisi la buget vor avea chitanta pentru taxa de inmatriculare de 50 lei achitata la BRD sau online.<\/li>\n<li>Candida\u021bii admi\u0219i pe locurile cu tax\u0103 vor prezenta chitanta cu suma de 500 lei reprezentand prima transa a taxei de scolarizare.<\/li>\n<li>Candida\u021bii care, din diverse motive, renun\u021b\u0103 la loc sunt ruga\u021bi s\u0103 trimit\u0103 un e-mail la adresa <span style=\"color: blue;\">fizica@uaic.ro<\/span>.<\/li>\n<\/ol>\n<p><span style=\"color: red;\">MEN\u021aIUNE<\/span>:<\/p>\n<ul>\n<li>Av\u00e2nd un num\u0103r mic de candida\u021bi (9) specializarea \u201cOptic\u0103 \u0219i optometrie\u201d va func\u021biona \u00een anul universitar 2020-2021 doar dac\u0103 se va ob\u021bine aprobarea conducerii Universit\u0103\u021bii \u201cAlexandru Ioan Cuza\u201d din Ia\u0219i.<\/li>\n<li>Specializarea \u201c\u0218tiin\u021be\u201d nu va func\u021biona \u00een anul universitar 2020-2021 deoare s-au inscris prea pu\u021bini candida\u021bi (6).<\/li>\n<\/ul>\n","protected":false},"excerpt":{"rendered":"<p>Lista candidatilor admisi, cu finantare de la BUGET &#8211; ordonati dupa media generala, descrescator Lista candidatilor admisi, cu finantare din TAXE &#8211; ordonati dupa media generala, descrescator Perioada de confirm\u0103ri este 11.09 si 14.09.2020, intre orele 9-14, \u00een urma unei programari f\u0103cute telefonic la numarul 0232 20 10 50. Confirm\u0103rile se fac la secretariatul Facult\u0103\u021bii de Fizic\u0103. Candida\u021bii\u2026 <span class=\"read-more\"><a href=\"https:\/\/www.phys.uaic.ro\/old\/index.php\/admitere\/admitere-master\/admitere-master-septembrie-2020\/rezultate-admitere-master-septembrie-2020\/\">Read More &raquo;<\/a><\/span><\/p>\n","protected":false},"author":3,"featured_media":0,"parent":9578,"menu_order":0,"comment_status":"closed","ping_status":"closed","template":"","meta":{"footnotes":""},"class_list":["post-9855","page","type-page","status-publish","hentry"],"_links":{"self":[{"href":"https:\/\/www.phys.uaic.ro\/old\/index.php\/wp-json\/wp\/v2\/pages\/9855","targetHints":{"allow":["GET"]}}],"collection":[{"href":"https:\/\/www.phys.uaic.ro\/old\/index.php\/wp-json\/wp\/v2\/pages"}],"about":[{"href":"https:\/\/www.phys.uaic.ro\/old\/index.php\/wp-json\/wp\/v2\/types\/page"}],"author":[{"embeddable":true,"href":"https:\/\/www.phys.uaic.ro\/old\/index.php\/wp-json\/wp\/v2\/users\/3"}],"replies":[{"embeddable":true,"href":"https:\/\/www.phys.uaic.ro\/old\/index.php\/wp-json\/wp\/v2\/comments?post=9855"}],"version-history":[{"count":0,"href":"https:\/\/www.phys.uaic.ro\/old\/index.php\/wp-json\/wp\/v2\/pages\/9855\/revisions"}],"up":[{"embeddable":true,"href":"https:\/\/www.phys.uaic.ro\/old\/index.php\/wp-json\/wp\/v2\/pages\/9578"}],"wp:attachment":[{"href":"https:\/\/www.phys.uaic.ro\/old\/index.php\/wp-json\/wp\/v2\/media?parent=9855"}],"curies":[{"name":"wp","href":"https:\/\/api.w.org\/{rel}","templated":true}]}}